{"id":1102,"date":"2021-10-29T14:23:42","date_gmt":"2021-10-29T13:23:42","guid":{"rendered":"https:\/\/smartgifty.com\/?page_id=1102"},"modified":"2024-02-01T14:25:07","modified_gmt":"2024-02-01T13:25:07","slug":"y","status":"publish","type":"page","link":"https:\/\/smartgifty.com\/cs\/y\/","title":{"rendered":"\u010casto kladen\u00e9 ot\u00e1zky"},"content":{"rendered":"\n<h1 class=\"wp-block-heading\"><span style=\"background-color:rgba(0, 0, 0, 0);color:#4214cf\" class=\"has-inline-color\">\u010casto kladen\u00e9 ot\u00e1zky<\/span><\/h1>\n\n\n\n<p class=\"has-white-background-color has-text-color has-background has-medium-font-size\" style=\"color:#686969\"><code><code>            <div class=\"qae-faqs-container qae-faqs-toggle-container\">\n\t\t\t\t\t\t<div id=\"qaef-4738\" class=\"qe-faq-toggle multiple_cze\">\n\t\t\t<div class=\"qe-toggle-title\">\n\t\t\t\t<h4>\n\t\t\t\t\t<i class=\"fa fa-minus-circle\"><\/i> V\u011brnostn\u00ed programy se SmartGifts?\t\t\t\t<\/h4>\n\t\t\t<\/div>\n\t\t\t<div class=\"qe-toggle-content\">\n\t\t\t\t\n<p>Aplikaci SmartGifty lze snadno aktualizovat tak, aby nab\u00edzela r\u016fzn\u00e9 v\u011brnostn\u00ed programy. V\u011brnostn\u00ed modul (dopln\u011bk) pro vlastn\u00ed cash-back program lze p\u0159idat na jedno nebo v\u00edce m\u00edst podle va\u0161ich pot\u0159eb a po\u017eadavk\u016f. Sv\u00fdm z\u00e1kazn\u00edk\u016fm m\u016f\u017eete snadno nab\u00eddnout, aby za\u010dali sb\u00edrat body nebo z\u00edsk\u00e1vali cash-back na z\u00e1klad\u011b vlastn\u00edch personalizovan\u00fdch pravidel (nap\u0159\u00edklad: 50% sleva p\u0159i 10. n\u00e1v\u0161t\u011bv\u011b). Pro je\u0161t\u011b lep\u0161\u00ed spr\u00e1vu va\u0161ich z\u00e1kazn\u00edk\u016f nab\u00edz\u00edme tak\u00e9 syst\u00e9m automatizace marketingu.<\/p>\n\t\t\t<\/div>\n\t\t<\/div>\n\t\t\t\t<div id=\"qaef-4737\" class=\"qe-faq-toggle multiple_cze\">\n\t\t\t<div class=\"qe-toggle-title\">\n\t\t\t\t<h4>\n\t\t\t\t\t<i class=\"fa fa-minus-circle\"><\/i> Jak\u00e9 jsou hlavn\u00ed v\u00fdhody pro podnik s v\u00edce provozovnami?\t\t\t\t<\/h4>\n\t\t\t<\/div>\n\t\t\t<div class=\"qe-toggle-content\">\n\t\t\t\t\n<p>SmartGifts nab\u00edz\u00ed v\u00edce\u00farov\u0148ov\u00fd p\u0159\u00edstup, poskytuje nep\u0159etr\u017eit\u00fd p\u0159ehled v re\u00e1ln\u00e9m \u010dase o v\u0161ech transakc\u00edch s d\u00e1rkov\u00fdmi kartami a v\u011brnostn\u00edmi programy, vytv\u00e1\u0159\u00ed pozitivn\u00ed vztah mezi va\u0161\u00ed zna\u010dkou a z\u00e1kazn\u00edky, zvy\u0161uje m\u00edru n\u00e1vratnosti z\u00e1kazn\u00edk\u016f, generuje nov\u00e9 z\u00e1kazn\u00edky a dal\u0161\u00ed p\u0159\u00edjmy. D\u00edky n\u011bmu m\u016f\u017eete odm\u011b\u0148ovat klienty a za\u010d\u00edt s nimi komunikovat, abyste jim poskytli personalizovan\u00fd z\u00e1\u017eitek. \u0158e\u0161en\u00ed v\u00e1m tak\u00e9 poskytuje r\u016fzn\u00e9 statistiky, kter\u00e9 v\u00e1m pomohou pl\u00e1novat efektivn\u00ed marketingov\u00e9 aktivity v budoucnu.<\/p>\n\t\t\t<\/div>\n\t\t<\/div>\n\t\t\t\t<div id=\"qaef-4736\" class=\"qe-faq-toggle multiple_cze\">\n\t\t\t<div class=\"qe-toggle-title\">\n\t\t\t\t<h4>\n\t\t\t\t\t<i class=\"fa fa-minus-circle\"><\/i> Jak dlouho trv\u00e1 implementace SmartGifts ve v\u0161ech pobo\u010dk\u00e1ch?\t\t\t\t<\/h4>\n\t\t\t<\/div>\n\t\t\t<div class=\"qe-toggle-content\">\n\t\t\t\t\n<p>Aplikace SmartGifty je pln\u011b vyvinut\u00e1, otestovan\u00e1 a p\u0159ipraven\u00e1 k provozu ihned po spu\u0161t\u011bn\u00ed. Implementace z\u00e1vis\u00ed p\u0159edev\u0161\u00edm na tom, jak rychle dok\u00e1\u017eete poskytnout pot\u0159ebn\u00e9 informace. Nastaven\u00ed trv\u00e1 v pr\u016fm\u011bru od 2 t\u00fddn\u016f do p\u0159ibli\u017en\u011b 2 m\u011bs\u00edc\u016f.<\/p>\n\t\t\t<\/div>\n\t\t<\/div>\n\t\t\t\t<div id=\"qaef-4733\" class=\"qe-faq-toggle multiple_cze\">\n\t\t\t<div class=\"qe-toggle-title\">\n\t\t\t\t<h4>\n\t\t\t\t\t<i class=\"fa fa-minus-circle\"><\/i> Co m\u00e1me na mysli pod pojmem podniky s v\u00edce pobo\u010dkami?\t\t\t\t<\/h4>\n\t\t\t<\/div>\n\t\t\t<div class=\"qe-toggle-content\">\n\t\t\t\t\n<p>SmartGifty je digitalizovan\u00e9 \u0159e\u0161en\u00ed pro spr\u00e1vu d\u00e1rkov\u00fdch karet, kter\u00e9 se pou\u017e\u00edv\u00e1 v r\u016fzn\u00fdch n\u00e1kupn\u00edch centrech a firm\u00e1ch po cel\u00e9 Evrop\u011b. SmarGifty v\u00e1m m\u016f\u017ee nab\u00eddnout snadn\u00fd zp\u016fsob, jak propojit v\u0161echny va\u0161e provozy s jednou d\u00e1rkovou kartou a jedn\u00edm v\u011brnostn\u00edm programem &#8211; jednodu\u0161e, rychle a snadno. V\u0161e, co pot\u0159ebujete, je p\u0159\u00edstup k internetu, u\u017eivatelsk\u00e9 jm\u00e9no a heslo. M\u016f\u017ee fungovat zcela samostatn\u011b nebo m\u016f\u017ee b\u00fdt integrov\u00e1n s va\u0161\u00edm st\u00e1vaj\u00edc\u00edm softwarem (prost\u0159ednictv\u00edm p\u0159ipojen\u00ed API).<\/p>\n\t\t\t<\/div>\n\t\t<\/div>\n\t\t\t\t<div id=\"qaef-4732\" class=\"qe-faq-toggle multiple_cze\">\n\t\t\t<div class=\"qe-toggle-title\">\n\t\t\t\t<h4>\n\t\t\t\t\t<i class=\"fa fa-minus-circle\"><\/i> Co je SmartGifty pro podniky s v\u00edce pobo\u010dkami?\t\t\t\t<\/h4>\n\t\t\t<\/div>\n\t\t\t<div class=\"qe-toggle-content\">\n\t\t\t\t\n<p>SmartGifty je digitalizovan\u00e9 \u0159e\u0161en\u00ed pro spr\u00e1vu d\u00e1rkov\u00fdch karet, kter\u00e9 se pou\u017e\u00edv\u00e1 v r\u016fzn\u00fdch n\u00e1kupn\u00edch centrech a firm\u00e1ch po cel\u00e9 Evrop\u011b. SmarGifty v\u00e1m m\u016f\u017ee nab\u00eddnout snadn\u00fd zp\u016fsob, jak propojit v\u0161echny va\u0161e provozy s jednou d\u00e1rkovou kartou a jedn\u00edm v\u011brnostn\u00edm programem &#8211; jednodu\u0161e, rychle a snadno. V\u0161e, co pot\u0159ebujete, je p\u0159\u00edstup k internetu, u\u017eivatelsk\u00e9 jm\u00e9no a heslo. M\u016f\u017ee fungovat zcela samostatn\u011b nebo m\u016f\u017ee b\u00fdt integrov\u00e1n s va\u0161\u00edm st\u00e1vaj\u00edc\u00edm softwarem (prost\u0159ednictv\u00edm p\u0159ipojen\u00ed API).<\/p>\n\t\t\t<\/div>\n\t\t<\/div>\n\t\t\t\t<div id=\"qaef-4729\" class=\"qe-faq-toggle sc_cze\">\n\t\t\t<div class=\"qe-toggle-title\">\n\t\t\t\t<h4>\n\t\t\t\t\t<i class=\"fa fa-minus-circle\"><\/i> Jak bezpe\u010dn\u00fd je SmartGifty pro obchodn\u00ed centrum, n\u00e1jemce a z\u00e1kazn\u00edky?\t\t\t\t<\/h4>\n\t\t\t<\/div>\n\t\t\t<div class=\"qe-toggle-content\">\n\t\t\t\t\n<p>SmartGifty je velmi bezpe\u010dn\u00fd (stejn\u011b jako jin\u00e9 fintech spole\u010dnosti) a v\u0161echny finan\u010dn\u00ed toky prob\u00edhaj\u00ed mezi v\u00e1mi, va\u0161imi n\u00e1jemci a z\u00e1kazn\u00edky &#8211; pen\u00edze z prodeje d\u00e1rkov\u00fdch karet jsou v\u017edy na va\u0161em bankovn\u00edm \u00fa\u010dtu. K ukl\u00e1d\u00e1n\u00ed a z\u00e1lohov\u00e1n\u00ed dat vyu\u017e\u00edv\u00e1me slu\u017eeb spole\u010dnosti Amazons a d\u00e1rkov\u00e9 karty jsou opat\u0159eny unik\u00e1tn\u00edm \u010d\u00e1rov\u00fdm k\u00f3dem d\u00e1rkov\u00e9 karty, QR k\u00f3dem nebo RFID \u010dipem. V\u0161echny varianty maj\u00ed tak\u00e9 \u010d\u00edsla PIN pro bezpe\u010dnost z\u00e1kazn\u00edk\u016f.<\/p>\n\t\t\t<\/div>\n\t\t<\/div>\n\t\t\t\t<div id=\"qaef-4727\" class=\"qe-faq-toggle sc_cze\">\n\t\t\t<div class=\"qe-toggle-title\">\n\t\t\t\t<h4>\n\t\t\t\t\t<i class=\"fa fa-minus-circle\"><\/i> Nem\u00e1te v n\u00e1kupn\u00edm centru informa\u010dn\u00ed p\u0159ep\u00e1\u017eku?\t\t\t\t<\/h4>\n\t\t\t<\/div>\n\t\t\t<div class=\"qe-toggle-content\">\n\t\t\t\t\n<p>V p\u0159\u00edpad\u011b, \u017ee nem\u00e1te informa\u010dn\u00ed pult, lze SmartGifts implementovat na partnersk\u00e9m prodejn\u00edm m\u00edst\u011b (nap\u0159. novinov\u00fd st\u00e1nek). Nab\u00edz\u00edme tak\u00e9 prodejn\u00ed automat na d\u00e1rkov\u00e9 karty (kiosek) a v\u00fdvoj jednoduch\u00e9ho internetov\u00e9ho obchodu s d\u00e1rkov\u00fdmi kartami.<\/p>\n\t\t\t<\/div>\n\t\t<\/div>\n\t\t\t\t<div id=\"qaef-4726\" class=\"qe-faq-toggle sc_cze\">\n\t\t\t<div class=\"qe-toggle-title\">\n\t\t\t\t<h4>\n\t\t\t\t\t<i class=\"fa fa-minus-circle\"><\/i> Je obt\u00ed\u017en\u00e9 implementovat SmartGifts pro n\u00e1kupn\u00ed centrum?\t\t\t\t<\/h4>\n\t\t\t<\/div>\n\t\t\t<div class=\"qe-toggle-content\">\n\t\t\t\t\n<p>Rozhodn\u011b ne. Pot\u0159ebujete pouze p\u0159\u00edstup k internetu, u\u017eivatelsk\u00e9 jm\u00e9no a heslo. Lze jej provozovat zcela samostatn\u011b nebo jej integrovat do st\u00e1vaj\u00edc\u00edho softwaru prost\u0159ednictv\u00edm p\u0159ipojen\u00ed API (checkout API).<\/p>\n\t\t\t<\/div>\n\t\t<\/div>\n\t\t\t\t<div id=\"qaef-4725\" class=\"qe-faq-toggle sc_cze\">\n\t\t\t<div class=\"qe-toggle-title\">\n\t\t\t\t<h4>\n\t\t\t\t\t<i class=\"fa fa-minus-circle\"><\/i> Jak funguje prodej a uplatn\u011bn\u00ed d\u00e1rkov\u00fdch karet v n\u00e1kupn\u00edm centru?\t\t\t\t<\/h4>\n\t\t\t<\/div>\n\t\t\t<div class=\"qe-toggle-content\">\n\t\t\t\t\n<p>SmartGifts je webov\u00e1 platforma. To znamen\u00e1, \u017ee jedin\u00e9, co pot\u0159ebujete, je po\u010d\u00edta\u010d nebo mobiln\u00ed za\u0159\u00edzen\u00ed s p\u0159\u00edstupem k internetu. Vyd\u00e1v\u00e1n\u00ed a prodej d\u00e1rkov\u00fdch karet je rychl\u00fd a snadn\u00fd prost\u0159ednictv\u00edm informa\u010dn\u00edho pultu, na\u0161eho automatu na d\u00e1rkov\u00e9 karty nebo internetov\u00e9ho obchodu (nab\u00edz\u00edme tak\u00e9 vytvo\u0159en\u00ed jednoduch\u00e9ho internetov\u00e9ho obchodu s d\u00e1rkov\u00fdmi kartami). Aplikace v obchodech, kav\u00e1rn\u00e1ch nebo restaurac\u00edch je snadn\u00e1 pomoc\u00ed \u010dte\u010dek \u010d\u00e1rov\u00fdch k\u00f3d\u016f, mobiln\u00edch telefon\u016f nebo ru\u010dn\u00edch mobiln\u00edch termin\u00e1l\u016f.<\/p>\n\t\t\t<\/div>\n\t\t<\/div>\n\t\t\t\t<div id=\"qaef-4724\" class=\"qe-faq-toggle sc_cze\">\n\t\t\t<div class=\"qe-toggle-title\">\n\t\t\t\t<h4>\n\t\t\t\t\t<i class=\"fa fa-minus-circle\"><\/i> Jak\u00e9 jsou hlavn\u00ed v\u00fdhody pro n\u00e1kupn\u00ed centrum?\t\t\t\t<\/h4>\n\t\t\t<\/div>\n\t\t\t<div class=\"qe-toggle-content\">\n\t\t\t\t\n<p>SmartGifty je webov\u00e1 platforma, kter\u00e1 v\u00e1m umo\u017en\u00ed propojit v\u0161echny n\u00e1jemce jedn\u00edm \u0159e\u0161en\u00edm pro prodej a uplatn\u011bn\u00ed d\u00e1rkov\u00fdch karet. Nab\u00edz\u00ed v\u00edce\u00farov\u0148ov\u00fd p\u0159\u00edstup, poskytuje nep\u0159etr\u017eit\u00fd p\u0159ehled o v\u0161ech transakc\u00edch s d\u00e1rkov\u00fdmi kartami v re\u00e1ln\u00e9m \u010dase, vytv\u00e1\u0159\u00ed pozitivn\u00ed vztah mezi va\u0161\u00ed zna\u010dkou a z\u00e1kazn\u00edky, zvy\u0161uje n\u00e1vratnost n\u00e1v\u0161t\u011bvn\u00edk\u016f, generuje nov\u00e9 z\u00e1kazn\u00edky a dal\u0161\u00ed p\u0159\u00edjmy. \u0158e\u0161en\u00ed v\u00e1m tak\u00e9 poskytuje \u0159adu statistik, kter\u00e9 v\u00e1m pomohou pl\u00e1novat efektivn\u00ed marketingov\u00e9 aktivity n\u00e1kupn\u00edho centra v budoucnu.<\/p>\n\t\t\t<\/div>\n\t\t<\/div>\n\t\t\t\t<div id=\"qaef-4623\" class=\"qe-faq-toggle sc_cze\">\n\t\t\t<div class=\"qe-toggle-title\">\n\t\t\t\t<h4>\n\t\t\t\t\t<i class=\"fa fa-minus-circle\"><\/i> Co je SmartGifty pro n\u00e1kupn\u00ed centra?\t\t\t\t<\/h4>\n\t\t\t<\/div>\n\t\t\t<div class=\"qe-toggle-content\">\n\t\t\t\t\n<p>SmartGifty je digitalizovan\u00e9 \u0159e\u0161en\u00ed pro spr\u00e1vu d\u00e1rkov\u00fdch karet, kter\u00e9 se ji\u017e pou\u017e\u00edv\u00e1 v n\u011bkolika n\u00e1kupn\u00edch centrech v Evrop\u011b a m\u016f\u017ee v\u00e1m pomoci zav\u00e9st d\u00e1rkov\u00e9 karty ve va\u0161em n\u00e1kupn\u00edm centru. Jedn\u00e1 se o webovou platformu, kter\u00e1 pom\u00e1h\u00e1 prod\u00e1vat, uplat\u0148ovat a analyzovat d\u00e1rkov\u00e9 karty a kterou lze snadno roz\u0161\u00ed\u0159it o r\u016fzn\u00e9 v\u011brnostn\u00ed programy.<\/p>\n\t\t\t<\/div>\n\t\t<\/div>\n\t\t\t\t<div id=\"qaef-1240\" class=\"qe-faq-toggle home_cze\">\n\t\t\t<div class=\"qe-toggle-title\">\n\t\t\t\t<h4>\n\t\t\t\t\t<i class=\"fa fa-minus-circle\"><\/i> Co je SmartGifty?\t\t\t\t<\/h4>\n\t\t\t<\/div>\n\t\t\t<div class=\"qe-toggle-content\">\n\t\t\t\t\n<p>SmartGifty je digitalizovan\u00e9 \u0159e\u0161en\u00ed spr\u00e1vy d\u00e1rkov\u00fdch karet, kter\u00e9 se pou\u017e\u00edv\u00e1 v mnoha n\u00e1kupn\u00edch centrech po cel\u00e9 Evrop\u011b a je vhodn\u00e9 pro r\u016fzn\u00e9 podniky s v\u00edce pobo\u010dkami. Jedn\u00e1 se o webovou platformu, kter\u00e1 pom\u00e1h\u00e1 spravovat (prod\u00e1vat, uplat\u0148ovat a analyzovat d\u00e1rkov\u00e9 karty) ka\u017ed\u00e9mu obchodu s d\u00e1rkov\u00fdmi kartami a kterou lze snadno upgradovat na r\u016fzn\u00e9 v\u011brnostn\u00ed programy. V\u0161e, co pot\u0159ebujete, je p\u0159\u00edstup k internetu, u\u017eivatelsk\u00e9 jm\u00e9no a heslo. M\u016f\u017ee b\u00fdt spu\u0161t\u011bno zcela nez\u00e1visle nebo m\u016f\u017ee b\u00fdt integrov\u00e1no do va\u0161eho st\u00e1vaj\u00edc\u00edho softwaru (prost\u0159ednictv\u00edm p\u0159ipojen\u00ed API).<\/p>\n\t\t\t<\/div>\n\t\t<\/div>\n\t\t\t\t<div id=\"qaef-1242\" class=\"qe-faq-toggle \">\n\t\t\t<div class=\"qe-toggle-title\">\n\t\t\t\t<h4>\n\t\t\t\t\t<i class=\"fa fa-minus-circle\"><\/i> Jak\u00e9 jsou kl\u00ed\u010dov\u00e9 v\u00fdhody SmartGifty?\t\t\t\t<\/h4>\n\t\t\t<\/div>\n\t\t\t<div class=\"qe-toggle-content\">\n\t\t\t\t\n<p>Jedn\u00e1 se o webovou platformu, kter\u00e1 nab\u00edz\u00ed v\u00edce\u00farov\u0148ov\u00e9 p\u0159\u00edstupy, poskytuje nep\u0159etr\u017eit\u00fd p\u0159ehled o v\u0161ech transakc\u00edch s d\u00e1rkov\u00fdmi kartami v re\u00e1ln\u00e9m \u010dase, vytv\u00e1\u0159\u00ed pozitivn\u00ed vztah mezi va\u0161\u00ed zna\u010dkou a va\u0161imi z\u00e1kazn\u00edky, zvy\u0161uje n\u00e1vratnost n\u00e1v\u0161t\u011bvn\u00edk\u016f, generuje nov\u00e9 z\u00e1kazn\u00edky a dal\u0161\u00ed p\u0159\u00edjem. Toto \u0159e\u0161en\u00ed v\u00e1m tak\u00e9 poskytuje r\u016fzn\u00e9 statistiky, kter\u00e9 v\u00e1m pomohou pl\u00e1novat efektivn\u00ed marketingov\u00e9 aktivity do budoucna.<\/p>\n\t\t\t<\/div>\n\t\t<\/div>\n\t\t\t\t<div id=\"qaef-1245\" class=\"qe-faq-toggle home_cze\">\n\t\t\t<div class=\"qe-toggle-title\">\n\t\t\t\t<h4>\n\t\t\t\t\t<i class=\"fa fa-minus-circle\"><\/i> Pro koho je SmartGifty ur\u010deno?\t\t\t\t<\/h4>\n\t\t\t<\/div>\n\t\t\t<div class=\"qe-toggle-content\">\n\t\t\t\t\n<p>P\u016fvodn\u011b bylo \u0159e\u0161en\u00ed navr\u017eeno pro obchodn\u00ed centra s c\u00edlem integrovat v\u00edce obchodn\u00edch center pod jednu zna\u010dku. Se stejnou logikou jsme jej p\u0159izp\u016fsobili pro podniky s v\u00edce pobo\u010dkami, jako jsou obchody, kav\u00e1rny a restaurace. Je vhodn\u00e9 pro mal\u00e9, st\u0159edn\u00ed i velk\u00e9 podniky, aby optimalizovaly a zdokonalily sv\u00e9 podnik\u00e1n\u00ed s d\u00e1rkov\u00fdmi kartami nebo implementovaly nov\u00fd produkt s r\u016fzn\u00fdmi v\u00fdhodami pro v\u0161echny z\u00fa\u010dastn\u011bn\u00e9.<\/p>\n\t\t\t<\/div>\n\t\t<\/div>\n\t\t\t\t<div id=\"qaef-1246\" class=\"qe-faq-toggle \">\n\t\t\t<div class=\"qe-toggle-title\">\n\t\t\t\t<h4>\n\t\t\t\t\t<i class=\"fa fa-minus-circle\"><\/i> Jak bezpe\u010dn\u00e9 je SmartGifty?\t\t\t\t<\/h4>\n\t\t\t<\/div>\n\t\t\t<div class=\"qe-toggle-content\">\n\t\t\t\t\n<p>SmartGifty je velmi bezpe\u010dn\u00e9. Pou\u017e\u00edv\u00e1me servery Amazonu slou\u017e\u00edc\u00ed k ukl\u00e1d\u00e1n\u00ed a z\u00e1lohov\u00e1n\u00ed dat a d\u00e1rkov\u00e9 karty jsou vybaveny unik\u00e1tn\u00ed li\u0161tou d\u00e1rkov\u00fdch karet, QR k\u00f3dem nebo RFID \u010dipem. V\u0161echny varianty maj\u00ed tak\u00e9 \u010d\u00edsla PIN pro bezpe\u010dnost z\u00e1kazn\u00edk\u016f.<\/p>\n\t\t\t<\/div>\n\t\t<\/div>\n\t\t\t\t<div id=\"qaef-1249\" class=\"qe-faq-toggle home_cze\">\n\t\t\t<div class=\"qe-toggle-title\">\n\t\t\t\t<h4>\n\t\t\t\t\t<i class=\"fa fa-minus-circle\"><\/i> Jak SmartGifty funguje?\t\t\t\t<\/h4>\n\t\t\t<\/div>\n\t\t\t<div class=\"qe-toggle-content\">\n\t\t\t\t\n<p>SmartGifty je webov\u00e1 platforma. To znamen\u00e1, \u017ee funguje na v\u0161ech po\u010d\u00edta\u010d\u00edch s p\u0159\u00edstupem k internetu. Vyd\u00e1v\u00e1n\u00ed a prodej d\u00e1rkov\u00fdch poukaz\u016f je rychl\u00e9 a jednoduch\u00e9. Jejich uplat\u0148ov\u00e1n\u00ed v obchodech, kav\u00e1rn\u00e1ch nebo restaurac\u00edch je snadn\u00e9 pomoc\u00ed \u010dte\u010dky \u010d\u00e1rov\u00fdch k\u00f3d\u016f nebo ru\u010dn\u00edch termin\u00e1l\u016f.<\/p>\n\t\t\t<\/div>\n\t\t<\/div>\n\t\t\t\t<div id=\"qaef-1250\" class=\"qe-faq-toggle \">\n\t\t\t<div class=\"qe-toggle-title\">\n\t\t\t\t<h4>\n\t\t\t\t\t<i class=\"fa fa-minus-circle\"><\/i> Jak dlouho trv\u00e1 implementace SmartGifty?\t\t\t\t<\/h4>\n\t\t\t<\/div>\n\t\t\t<div class=\"qe-toggle-content\">\n\t\t\t\t\n<p>SmartGifty je pln\u011b vyvinuto a p\u0159ipraveno k pou\u017eit\u00ed, jakmile na n\u011bj budete p\u0159ipraveni vy. Realizace z\u00e1vis\u00ed p\u0159edev\u0161\u00edm na tom, jak rychle dok\u00e1\u017eete poskytnout pot\u0159ebn\u00e9 informace, a pohybuje se od 2 t\u00fddn\u016f do cca 2 m\u011bs\u00edc\u016f (v\u011bt\u0161\u00ed obchodn\u00ed centra s vysok\u00fdm po\u010dtem n\u00e1jemc\u016f).<\/p>\n\t\t\t<\/div>\n\t\t<\/div>\n\t\t\t\t<div id=\"qaef-1253\" class=\"qe-faq-toggle home_cze\">\n\t\t\t<div class=\"qe-toggle-title\">\n\t\t\t\t<h4>\n\t\t\t\t\t<i class=\"fa fa-minus-circle\"><\/i> Kolik SmartGifty stoj\u00ed?\t\t\t\t<\/h4>\n\t\t\t<\/div>\n\t\t\t<div class=\"qe-toggle-content\">\n\t\t\t\t\n<p>Cena SmartGifty z\u00e1vis\u00ed na velikosti va\u0161\u00ed firmy, kde dal\u0161\u00ed pobo\u010dky mohou p\u0159in\u00e9st optimalizaci n\u00e1klad\u016f. B\u011b\u017en\u00fd obchodn\u00ed model se skl\u00e1d\u00e1 z n\u00e1klad\u016f na nastaven\u00ed platformy (jednor\u00e1zov\u00e9) a m\u011bs\u00ed\u010dn\u00edch n\u00e1klad\u016f na licence k pou\u017e\u00edv\u00e1n\u00ed platformy. V tomto modelu cena nez\u00e1vis\u00ed na po\u010dtu prodan\u00fdch karet nebo hodnot\u011b proveden\u00fdch transakc\u00ed. M\u00e1me ale r\u016fzn\u00e9 mo\u017enosti a modely spolupr\u00e1ce a sna\u017e\u00edme se p\u0159izp\u016fsobit ka\u017ed\u00e9mu klientovi (klient si nap\u0159\u00edklad m\u016f\u017ee zvolit, \u017ee nebude m\u00edt po\u010d\u00e1te\u010dn\u00ed n\u00e1klady na nastaven\u00ed, ale rad\u011bji se bude d\u011blit o zisk z prodeje). Kontaktujte n\u00e1s, abychom pro v\u00e1s na\u0161li tu nejlep\u0161\u00ed mo\u017enost.<\/p>\n\t\t\t<\/div>\n\t\t<\/div>\n\t\t\t\t<div id=\"qaef-1254\" class=\"qe-faq-toggle \">\n\t\t\t<div class=\"qe-toggle-title\">\n\t\t\t\t<h4>\n\t\t\t\t\t<i class=\"fa fa-minus-circle\"><\/i> V \u010dem se SmartGifty li\u0161\u00ed?\t\t\t\t<\/h4>\n\t\t\t<\/div>\n\t\t\t<div class=\"qe-toggle-content\">\n\t\t\t\t\n<p>SmartGIfty se snadno a rychle implementuje, nab\u00edz\u00ed skv\u011blou u\u017eivatelskou zku\u0161enost a je n\u00e1kladov\u011b efektivn\u00ed. Jste vydavatelem sv\u00fdch d\u00e1rkov\u00fdch karet a ur\u010dujete pravidla pou\u017e\u00edv\u00e1n\u00ed d\u00e1rkov\u00fdch karet (platnost, minim\u00e1ln\u00ed a maxim\u00e1ln\u00ed hodnota, mo\u017enost prodlou\u017een\u00ed platnosti, design\u2026).V\u0161echny platby jsou vypl\u00e1ceny p\u0159\u00edmo v\u00e1m a v\u0161echny prost\u0159edky z va\u0161eho obchodu s d\u00e1rkov\u00fdmi kartami jsou na va\u0161em bankovn\u00edm \u00fa\u010dtu. Nevyu\u017e\u00edv\u00e1me outsourcing, proto\u017ee nab\u00edz\u00edme kompletn\u00ed syst\u00e9m podpory s intern\u00edmi program\u00e1tory a marketingov\u00fdm odd\u011blen\u00edm (desetilet\u00ed zku\u0161enost\u00ed v IT a identifika\u010dn\u00edch technologi\u00edch).S obchody a obchodn\u00edmi centry spolupracujeme ji\u017e n\u011bkolik let a m\u00e1me p\u0159ehled a znalosti z maloobchodu. Pova\u017eujeme se za va\u0161e partnery a na\u0161\u00edm c\u00edlem je pomoci v\u00e1m r\u016fst.<\/p>\n\t\t\t<\/div>\n\t\t<\/div>\n\t\t\t\t<div id=\"qaef-1257\" class=\"qe-faq-toggle \">\n\t\t\t<div class=\"qe-toggle-title\">\n\t\t\t\t<h4>\n\t\t\t\t\t<i class=\"fa fa-minus-circle\"><\/i> Pro\u010d nab\u00edzet sv\u00fdm klient\u016fm d\u00e1rkov\u00e9 karty?\t\t\t\t<\/h4>\n\t\t\t<\/div>\n\t\t\t<div class=\"qe-toggle-content\">\n\t\t\t\t\n<p>Implementace nov\u00e9ho produktu m\u016f\u017ee b\u00fdt n\u00e1ro\u010dn\u00e1 a stresuj\u00edc\u00ed. Ale nab\u00eddnout sv\u00fdm klient\u016fm produkt, jako jsou d\u00e1rkov\u00e9 karty, m\u016f\u017ee zv\u00fd\u0161it pov\u011bdom\u00ed o zna\u010dce, zv\u00fd\u0161it spokojenost spot\u0159ebitel\u016f t\u00edm, \u017ee jim nab\u00eddnete modern\u00ed a flexibiln\u00ed zp\u016fsob d\u00e1v\u00e1n\u00ed d\u00e1rk\u016f a dal\u0161\u00ed. D\u00e1rkov\u00e9 poukazy jsou tak\u00e9 skv\u011bl\u00fdm zp\u016fsobem, jak roz\u0161\u00ed\u0159it sv\u016fj ro\u010dn\u00ed marketingov\u00fd rozpo\u010det nebo u\u0161et\u0159it pro spole\u010dnost.<\/p>\n\t\t\t<\/div>\n\t\t<\/div>\n\t\t\t\t<div id=\"qaef-1263\" class=\"qe-faq-toggle \">\n\t\t\t<div class=\"qe-toggle-title\">\n\t\t\t\t<h4>\n\t\t\t\t\t<i class=\"fa fa-minus-circle\"><\/i> Lze do SmartGifty integrovat st\u00e1vaj\u00edc\u00ed d\u00e1rkov\u00e9 poukazy?\t\t\t\t<\/h4>\n\t\t\t<\/div>\n\t\t\t<div class=\"qe-toggle-content\">\n\t\t\t\t\n<p>Ano, pokud jsou identifika\u010dn\u00ed k\u00f3dy va\u0161ich d\u00e1rkov\u00fdch poukaz\u016f digitalizov\u00e1ny (nap\u0159\u00edklad seznam v excelu), lze je importovat do SmartGifty. M\u016f\u017eete tak\u00e9 nab\u00eddnout v\u00fdm\u011bnu d\u00e1rkov\u00fdch poukaz\u016f za d\u00e1rkov\u00e9 karty. P\u0159echod od voucher\u016f bez SW syst\u00e9mu k \u0159e\u0161en\u00ed SmartGifty je plynul\u00fd a snadn\u00fd. SmartGifty je vhodn\u00fd pro podniky, kter\u00e9 ji\u017e d\u00e1rkov\u00e9 poukazy maj\u00ed, i podniky, kter\u00e9 d\u00e1rkov\u00e9 poukazy nenab\u00edzej\u00ed. Je zcela nez\u00e1visl\u00e9 a lze jej pou\u017e\u00edt v obou p\u0159\u00edpadech.<\/p>\n\t\t\t<\/div>\n\t\t<\/div>\n\t\t\t\t<div id=\"qaef-1261\" class=\"qe-faq-toggle \">\n\t\t\t<div class=\"qe-toggle-title\">\n\t\t\t\t<h4>\n\t\t\t\t\t<i class=\"fa fa-minus-circle\"><\/i> V\u011brnostn\u00ed programy se SmartGifty?\t\t\t\t<\/h4>\n\t\t\t<\/div>\n\t\t\t<div class=\"qe-toggle-content\">\n\t\t\t\t\n<p>SmartGifty lze snadno upgradovat a nab\u00edzet r\u016fzn\u00e9 v\u011brnostn\u00ed programy. V\u011brnostn\u00ed modul (ad-on) pro personalizovan\u00e9 programy cash-back lze zav\u00e9st v jedn\u00e9 nebo n\u011bkolika pobo\u010dk\u00e1ch podle va\u0161ich pot\u0159eb a po\u017eadavk\u016f.<\/p>\n\t\t\t<\/div>\n\t\t<\/div>\n\t\t\t\t<div id=\"qaef-1265\" class=\"qe-faq-toggle \">\n\t\t\t<div class=\"qe-toggle-title\">\n\t\t\t\t<h4>\n\t\t\t\t\t<i class=\"fa fa-minus-circle\"><\/i> Tisk a doru\u010den\u00ed karet?\t\t\t\t<\/h4>\n\t\t\t<\/div>\n\t\t\t<div class=\"qe-toggle-content\">\n\t\t\t\t\n<p>Nab\u00edz\u00edme kompletn\u00ed servis v\u010detn\u011b tisku a doru\u010den\u00ed d\u00e1rkov\u00fdch \/ v\u011brnostn\u00edch karet. Spolupracujeme s prov\u011b\u0159en\u00fdmi a d\u016fv\u011bryhodn\u00fdmi partnery po cel\u00e9 Evrop\u011b, kte\u0159\u00ed nab\u00edzej\u00ed r\u016fzn\u00e9 mo\u017enosti d\u00e1rkov\u00fdch karet od plastov\u00fdch po pap\u00edrov\u00e9 a d\u0159ev\u011bn\u00e9. Tato slu\u017eba je dostupn\u00e1, ale nen\u00ed povinn\u00e1. Pokud se rozhodnete, m\u016f\u017eete si karty vytisknout samostatn\u011b u sv\u00fdch dodavatel\u016f.<\/p>\n\t\t\t<\/div>\n\t\t<\/div>\n\t\t\t\t<div id=\"qaef-1268\" class=\"qe-faq-toggle \">\n\t\t\t<div class=\"qe-toggle-title\">\n\t\t\t\t<h4>\n\t\t\t\t\t<i class=\"fa fa-minus-circle\"><\/i> Online prodej d\u00e1rkov\u00fdch karet?\t\t\t\t<\/h4>\n\t\t\t<\/div>\n\t\t\t<div class=\"qe-toggle-content\">\n\t\t\t\t\n<p>SmartGifty funguje nez\u00e1visle na va\u0161em webu nebo internetov\u00e9m obchod\u011b, ale lze jej snadno integrovat. Nab\u00edz\u00edme tak\u00e9 programov\u00e1n\u00ed webov\u00fdch str\u00e1nek \/ e-shop\u016f s kompletn\u00edm online platebn\u00edm syst\u00e9mem (obvykle pracujeme se Stripe). Pro klienty, kte\u0159\u00ed nemaj\u00ed vlastn\u00ed e-shop nebo pro ty, kte\u0159\u00ed pot\u0159ebuj\u00ed rychl\u00e9, kr\u00e1tkodob\u00e9 \u0159e\u0161en\u00ed, nab\u00edz\u00edme jednoduch\u00fd, mobiln\u00ed a efektivn\u00ed e-shop s va\u0161imi d\u00e1rkov\u00fdmi kartami. Pod\u00edvejte se pros\u00edm na p\u0159\u00edklad zde. Prodej d\u00e1rkov\u00fdch karet online nen\u00ed povinn\u00fd, ale vzhledem k rostouc\u00edm trend\u016fm online nakupov\u00e1n\u00ed na n\u011bkolika za\u0159\u00edzen\u00edch se doporu\u010duje.<\/p>\n\t\t\t<\/div>\n\t\t<\/div>\n\t\t\t\t<div id=\"qaef-1270\" class=\"qe-faq-toggle \">\n\t\t\t<div class=\"qe-toggle-title\">\n\t\t\t\t<h4>\n\t\t\t\t\t<i class=\"fa fa-minus-circle\"><\/i> Nen\u00ed-li v obchodn\u00edm centru informa\u010dn\u00ed pult?\t\t\t\t<\/h4>\n\t\t\t<\/div>\n\t\t\t<div class=\"qe-toggle-content\">\n\t\t\t\t\n<p>Informa\u010dn\u00ed pult je skv\u011bl\u00fd zp\u016fsob, jak propagovat a prod\u00e1vat d\u00e1rkov\u00e9 karty. Je to tak\u00e9 informa\u010dn\u00ed a pomocn\u00fd bod pro n\u00e1jemce a n\u00e1v\u0161t\u011bvn\u00edky. Nab\u00edz\u00ed kupuj\u00edc\u00edm osobn\u00ed zku\u0161enost a poskytuje jim mo\u017enost diskutovat o produktu \u2013 d\u00e1rkov\u00e9 kart\u011b. Nicm\u00e9n\u011b v p\u0159\u00edpad\u011b, \u017ee nem\u00e1te informa\u010dn\u00ed pult, nab\u00edz\u00edme automat na d\u00e1rkov\u00e9 karty (kiosek) pro offline prodej d\u00e1rkov\u00fdch karet. M\u016f\u017ee b\u00fdt zna\u010dkov\u00fd a jeho pou\u017eit\u00ed je velmi jednoduch\u00e9. Pro v\u00edce informac\u00ed a fotografi\u00ed n\u00e1s pros\u00edm kontaktujte.<\/p>\n\t\t\t<\/div>\n\t\t<\/div>\n\t\t            <\/div>\n\t\t<\/code><\/code><\/p>\n","protected":false},"excerpt":{"rendered":"<p>\u010casto kladen\u00e9 ot\u00e1zky<\/p>\n","protected":false},"author":3,"featured_media":0,"parent":0,"menu_order":0,"comment_status":"closed","ping_status":"closed","template":"page-privacy.php","meta":{"inline_featured_image":false,"footnotes":""},"class_list":["post-1102","page","type-page","status-publish","hentry"],"aioseo_notices":[],"_links":{"self":[{"href":"https:\/\/smartgifty.com\/cs\/wp-json\/wp\/v2\/pages\/1102\/"}],"collection":[{"href":"https:\/\/smartgifty.com\/cs\/wp-json\/wp\/v2\/pages\/"}],"about":[{"href":"https:\/\/smartgifty.com\/cs\/wp-json\/wp\/v2\/types\/page\/"}],"author":[{"embeddable":true,"href":"https:\/\/smartgifty.com\/cs\/wp-json\/wp\/v2\/users\/3\/"}],"replies":[{"embeddable":true,"href":"https:\/\/smartgifty.com\/cs\/wp-json\/wp\/v2\/comments\/?post=1102"}],"version-history":[{"count":5,"href":"https:\/\/smartgifty.com\/cs\/wp-json\/wp\/v2\/pages\/1102\/revisions\/"}],"predecessor-version":[{"id":4128,"href":"https:\/\/smartgifty.com\/cs\/wp-json\/wp\/v2\/pages\/1102\/revisions\/4128\/"}],"wp:attachment":[{"href":"https:\/\/smartgifty.com\/cs\/wp-json\/wp\/v2\/media\/?parent=1102"}],"curies":[{"name":"wp","href":"https:\/\/api.w.org\/{rel}","templated":true}]}}