{"id":1342,"date":"2021-12-08T13:38:40","date_gmt":"2021-12-08T12:38:40","guid":{"rendered":"https:\/\/smartgifty.com\/?page_id=1342"},"modified":"2024-09-18T10:17:21","modified_gmt":"2024-09-18T09:17:21","slug":"reseni-pro-podniky-s-vice-pobockami","status":"publish","type":"page","link":"https:\/\/smartgifty.com\/cs\/reseni-pro-podniky-s-vice-pobockami\/","title":{"rendered":"\u0158e\u0161en\u00ed pro podniky s v\u00edce pobo\u010dkami"},"content":{"rendered":"","protected":false},"excerpt":{"rendered":"","protected":false},"author":5,"featured_media":0,"parent":0,"menu_order":0,"comment_status":"closed","ping_status":"closed","template":"page-solution-sme-cze.php","meta":{"inline_featured_image":false,"footnotes":""},"class_list":["post-1342","page","type-page","status-publish","hentry"],"aioseo_notices":[],"_links":{"self":[{"href":"https:\/\/smartgifty.com\/cs\/wp-json\/wp\/v2\/pages\/1342\/"}],"collection":[{"href":"https:\/\/smartgifty.com\/cs\/wp-json\/wp\/v2\/pages\/"}],"about":[{"href":"https:\/\/smartgifty.com\/cs\/wp-json\/wp\/v2\/types\/page\/"}],"author":[{"embeddable":true,"href":"https:\/\/smartgifty.com\/cs\/wp-json\/wp\/v2\/users\/5\/"}],"replies":[{"embeddable":true,"href":"https:\/\/smartgifty.com\/cs\/wp-json\/wp\/v2\/comments\/?post=1342"}],"version-history":[{"count":11,"href":"https:\/\/smartgifty.com\/cs\/wp-json\/wp\/v2\/pages\/1342\/revisions\/"}],"predecessor-version":[{"id":4089,"href":"https:\/\/smartgifty.com\/cs\/wp-json\/wp\/v2\/pages\/1342\/revisions\/4089\/"}],"wp:attachment":[{"href":"https:\/\/smartgifty.com\/cs\/wp-json\/wp\/v2\/media\/?parent=1342"}],"curies":[{"name":"wp","href":"https:\/\/api.w.org\/{rel}","templated":true}]}}