{"id":677,"date":"2021-06-29T13:58:57","date_gmt":"2021-06-29T12:58:57","guid":{"rendered":"https:\/\/smartgifty.com\/?page_id=677"},"modified":"2024-02-01T14:53:15","modified_gmt":"2024-02-01T13:53:15","slug":"reseni-obchodni-centra","status":"publish","type":"page","link":"https:\/\/smartgifty.com\/cs\/reseni-obchodni-centra\/","title":{"rendered":"\u0158e\u0161en\u00ed Obchodn\u00ed centra"},"content":{"rendered":"","protected":false},"excerpt":{"rendered":"","protected":false},"author":3,"featured_media":679,"parent":0,"menu_order":0,"comment_status":"closed","ping_status":"closed","template":"page-solution-cze.php","meta":{"inline_featured_image":false,"footnotes":""},"class_list":["post-677","page","type-page","status-publish","has-post-thumbnail","hentry"],"aioseo_notices":[],"_links":{"self":[{"href":"https:\/\/smartgifty.com\/cs\/wp-json\/wp\/v2\/pages\/677\/"}],"collection":[{"href":"https:\/\/smartgifty.com\/cs\/wp-json\/wp\/v2\/pages\/"}],"about":[{"href":"https:\/\/smartgifty.com\/cs\/wp-json\/wp\/v2\/types\/page\/"}],"author":[{"embeddable":true,"href":"https:\/\/smartgifty.com\/cs\/wp-json\/wp\/v2\/users\/3\/"}],"replies":[{"embeddable":true,"href":"https:\/\/smartgifty.com\/cs\/wp-json\/wp\/v2\/comments\/?post=677"}],"version-history":[{"count":28,"href":"https:\/\/smartgifty.com\/cs\/wp-json\/wp\/v2\/pages\/677\/revisions\/"}],"predecessor-version":[{"id":4086,"href":"https:\/\/smartgifty.com\/cs\/wp-json\/wp\/v2\/pages\/677\/revisions\/4086\/"}],"wp:featuredmedia":[{"embeddable":true,"href":"https:\/\/smartgifty.com\/cs\/wp-json\/wp\/v2\/media\/679\/"}],"wp:attachment":[{"href":"https:\/\/smartgifty.com\/cs\/wp-json\/wp\/v2\/media\/?parent=677"}],"curies":[{"name":"wp","href":"https:\/\/api.w.org\/{rel}","templated":true}]}}