{"id":680,"date":"2021-06-30T07:21:20","date_gmt":"2021-06-30T06:21:20","guid":{"rendered":"https:\/\/smartgifty.com\/?page_id=680"},"modified":"2024-02-01T14:35:58","modified_gmt":"2024-02-01T13:35:58","slug":"pripadove-studie","status":"publish","type":"page","link":"https:\/\/smartgifty.com\/cs\/pripadove-studie\/","title":{"rendered":"P\u0159\u00edpadov\u00e9 studie"},"content":{"rendered":"\n<h1 class=\"wp-block-heading\">P\u0159\u00edpadov\u00e9 studie<\/h1>\n\n\n\n<h2 class=\"wp-block-heading\"><span style=\"background-color:rgba(0, 0, 0, 0);color:#4214cf\" class=\"has-inline-color\">Qlandia<\/span><\/h2>\n\n\n\n<p><\/p>\n\n\n\n<p><\/p>\n\n\n\n<div class=\"wp-block-columns is-layout-flex wp-container-core-columns-is-layout-9d6595d7 wp-block-columns-is-layout-flex\">\n<div class=\"wp-block-column is-layout-flow wp-block-column-is-layout-flow\" style=\"flex-basis:100%\">\n<h4 class=\"wp-block-heading\">Chytr\u00fd z\u00e1kazn\u00edk<\/h4>\n\n\n\n<div style=\"height:5px\" aria-hidden=\"true\" class=\"wp-block-spacer\"><\/div>\n\n\n\n<p>Qlandia je \u0159et\u011bzec, kter\u00fd tvo\u0159\u00ed 7 n\u00e1kupn\u00edch center ve Slovinsku, s dlouhou histori\u00ed (prvn\u00ed n\u00e1kupn\u00ed centrum bylo otev\u0159eno v roce 2006) a v\u00edce ne\u017e 300 n\u00e1jemci nab\u00edzej\u00edc\u00edmi v\u0161echno mo\u017en\u00e9 zbo\u017e\u00ed a slu\u017eby: m\u00f3du, kosmetiku, technologie, restaurace atd.<\/p>\n\n\n\n<div style=\"height:20px\" aria-hidden=\"true\" class=\"wp-block-spacer\"><\/div>\n\n\n\n<h4 class=\"wp-block-heading\">Chytr\u00fd d\u016fvod<\/h4>\n\n\n\n<div style=\"height:5px\" aria-hidden=\"true\" class=\"wp-block-spacer\"><\/div>\n\n\n\n<p>Qlandia nab\u00edzela sv\u00fdm z\u00e1kazn\u00edk\u016fm ti\u0161t\u011bn\u00e9 d\u00e1rkov\u00e9 vouchery od roku 2014 a cht\u011bla tento v\u00fdrobek modernizovat, aby dr\u017eela krok s modern\u00edmi trendy v nakupov\u00e1n\u00ed a d\u00e1rkov\u00fdch kart\u00e1ch. Z\u00e1kazn\u00edci cht\u011bli nab\u00eddnout n\u00e1v\u0161t\u011bvn\u00edk\u016fm sv\u00fdch obchod\u016f produkt s p\u0159idanou hodnotou v podob\u011b v\u00fdhod a personalizace a z\u00e1rove\u0148 optimalizovat spr\u00e1vu karet.<\/p>\n\n\n\n<div style=\"height:20px\" aria-hidden=\"true\" class=\"wp-block-spacer\"><\/div>\n\n\n\n<h4 class=\"wp-block-heading\">Chytr\u00e9 \u0159e\u0161en\u00ed<\/h4>\n\n\n\n<div style=\"height:5px\" aria-hidden=\"true\" class=\"wp-block-spacer\"><\/div>\n\n\n\n<p>Spole\u010dnost SmartGifty spole\u010dn\u011b se sv\u00fdm z\u00e1kazn\u00edkem vyvinula on-line \u0159e\u0161en\u00ed na m\u00edru pro spr\u00e1vu nov\u00e9ho produktu \u2013 d\u00e1rkov\u00fdch karet Qlandia. Na webov\u00e9 platform\u011b mohl z\u00e1kazn\u00edk nahradit ru\u010dn\u00ed administrativn\u00ed pr\u00e1ci spojenou s prodeji, skladov\u00fdmi z\u00e1sobami a proplacen\u00ed a nab\u00eddnout sv\u00fdm z\u00e1kazn\u00edk\u016fm v\u011bt\u0161\u00ed svobodu v d\u00e1rkov\u00fdch kart\u00e1ch (on-line n\u00e1kupn\u00ed m\u00edsto, personalizace poukaz\u016f, on-line kontrola z\u016fstatk\u016f v re\u017eimu 24\/7 atd.). Sv\u011btlo sv\u011bta spat\u0159il nov\u00fd webov\u00fd obchod s d\u00e1rkov\u00fdmi kartami pro zv\u00fd\u0161en\u00ed pov\u011bdom\u00ed o zna\u010dce a produktech a jako m\u00edsto on-line n\u00e1kup\u016f pro pr\u00e1vnick\u00e9 a fyzick\u00e9 osoby ve Slovinsku. D\u00e1rkov\u00e9 karty Qlandia m\u011bly neomezenou platnost, byly dostupn\u00e9 v n\u011bkolika r\u016fzn\u00fdch designech a byly vystavov\u00e1ny jako jednor\u00e1zov\u00e9 vouchery v hodnot\u011b a\u017e 300 eur.<\/p>\n\n\n\n<div style=\"height:20px\" aria-hidden=\"true\" class=\"wp-block-spacer\"><\/div>\n\n\n\n<h4 class=\"wp-block-heading\">Chytr\u00fd v\u00fdsledek<\/h4>\n\n\n\n<div style=\"height:5px\" aria-hidden=\"true\" class=\"wp-block-spacer\"><\/div>\n\n\n\n<p>Ve spolupr\u00e1ci se SmartGifty mohla Qlandia nab\u00eddnout sv\u00fdm z\u00e1kazn\u00edk\u016fm modern\u00ed a mimo\u0159\u00e1dn\u011b unik\u00e1tn\u00ed produkt a z\u00e1rove\u0148 z\u00edskala syst\u00e9m \u010dasov\u011b optimalizovan\u00e9 spr\u00e1vy s p\u0159ehledn\u00fdmi a podrobn\u00fdmi informacemi v re\u00e1ln\u00e9m \u010dase.<\/p>\n<\/div>\n<\/div>\n\n\n\n<div style=\"height:40px\" aria-hidden=\"true\" class=\"wp-block-spacer\"><\/div>\n\n\n\n<h2 class=\"wp-block-heading\"><span style=\"background-color:rgba(0, 0, 0, 0);color:#4214cf\" class=\"has-inline-color\">Supernova<\/span><\/h2>\n\n\n\n<p><\/p>\n\n\n\n<p><\/p>\n\n\n\n<div class=\"wp-block-columns is-layout-flex wp-container-core-columns-is-layout-9d6595d7 wp-block-columns-is-layout-flex\">\n<div class=\"wp-block-column is-layout-flow wp-block-column-is-layout-flow\" style=\"flex-basis:100%\">\n<h4 class=\"wp-block-heading\">Chytr\u00fd z\u00e1kazn\u00edk<\/h4>\n\n\n\n<div style=\"height:5px\" aria-hidden=\"true\" class=\"wp-block-spacer\"><\/div>\n\n\n\n<p>Supernova se po dynamick\u00e9m r\u016fstu v letech 2019 a 2020 za\u0159adila mezi nadn\u00e1rodn\u00ed n\u00e1kupn\u00ed \u0159et\u011bzce s n\u00e1kupn\u00edmi centry v Rakousku, ve Slovinsku, v Chorvatsku a Rumunsku. Jedn\u00e1 se o jednoho z nejv\u011bt\u0161\u00edch hr\u00e1\u010d\u016f v segmentu komer\u010dn\u00edch nemovitost\u00ed s pron\u00e1jmem prodejn\u00ed plochy v Evrop\u011b, kter\u00fd provozuje n\u00e1kupn\u00ed centra a retailov\u00e9 parky. Na za\u010d\u00e1tku roku 2020 p\u0159evzala spole\u010dnost Supernova do sv\u00e9ho vlastnictv\u00ed n\u00e1kupn\u00ed centra Qlandia a zm\u011bnila jejich vizu\u00e1ln\u00ed vzhled z oran\u017eov\u00e9 Qlandia na \u010dervenou Supernova.<\/p>\n\n\n\n<div style=\"height:20px\" aria-hidden=\"true\" class=\"wp-block-spacer\"><\/div>\n\n\n\n<h4 class=\"wp-block-heading\">Chytr\u00fd d\u016fvod<\/h4>\n\n\n\n<div style=\"height:5px\" aria-hidden=\"true\" class=\"wp-block-spacer\"><\/div>\n\n\n\n<p>Supernova v minulosti provozovala off-line syst\u00e9m d\u00e1rkov\u00fdch karet (s kontaktn\u00edmi \u010dipy), kter\u00fd byl n\u00e1kladn\u00fd, obt\u00ed\u017en\u011b se spravoval a nebyl pr\u00e1v\u011b u\u017eivatelsky jednoduch\u00fd. Na z\u00e1klad\u011b jejich po\u017eadavk\u016f jsme jim v roce 2016 dodali \u0159e\u0161en\u00ed, kter\u00e9 prom\u011bnilo tento syst\u00e9m na on-line platformu SmartGifty. Nyn\u00ed n\u011bkolik let \u00fasp\u011b\u0161n\u011b pou\u017e\u00edvaj\u00ed na\u0161i webovou platformu. Po p\u0159evzet\u00ed n\u00e1kupn\u00edch center Qlandia na p\u0159elomu let 2019\/2020 cht\u011bla Supernova spojit ob\u011b d\u00e1rkov\u00e9 karty do jedn\u00e9 \u2013 d\u00e1rkovou kartu Qlandia a st\u00e1vaj\u00edc\u00ed d\u00e1rkovou kartu Supernova a nab\u00eddnout z\u00e1kazn\u00edk\u016fm modern\u00ed \u0159e\u0161en\u00ed nejen co se t\u00fd\u010de n\u00e1kupn\u00edch mo\u017enost\u00ed, ale tak\u00e9 kvality. Bylo d\u016fle\u017eit\u00e9 vz\u00edt p\u0159ednosti obou produkt\u016f a zkombinovat je tak jednodu\u0161e, jak to jen p\u016fjde. Supernova vyu\u017e\u00edv\u00e1 \u0159e\u0161en\u00ed SmartGifty ve sv\u00fdch 25 n\u00e1kupn\u00edch centrech ve Slovinsku a v Chorvatsku a dal\u0161\u00ed lokality m\u00e1 v pl\u00e1nu.<\/p>\n\n\n\n<div style=\"height:20px\" aria-hidden=\"true\" class=\"wp-block-spacer\"><\/div>\n\n\n\n<h4 class=\"wp-block-heading\">Chytr\u00e9&nbsp;\u0159e\u0161en\u00ed<\/h4>\n\n\n\n<div style=\"height:5px\" aria-hidden=\"true\" class=\"wp-block-spacer\"><\/div>\n\n\n\n<p>Spojen\u00ed obou syst\u00e9m\u016f d\u00e1rkov\u00fdch karet (Qlandia a Supernova) do jednoho a spu\u0161t\u011bn\u00ed nov\u00e9ho mobiln\u00edho a prvn\u00edho u\u017eivatelsk\u00e9ho webov\u00e9ho obchodu pro z\u00e1kazn\u00edky. Chytr\u00fdm spojen\u00edm vzniklo \u0159e\u0161en\u00ed na m\u00edru podle po\u017eadavk\u016f z\u00e1kazn\u00edk\u016f s mo\u017enost\u00ed spr\u00e1vy produktu (d\u00e1rkov\u00fdch karet) v n\u011bkolika zem\u00edch. D\u00edky kompletn\u00edmu p\u0159ehledu o produktu v n\u011bkolika n\u00e1kupn\u00edch centrech a na n\u011bkolika trz\u00edch v re\u017eimu 24\/7 v re\u00e1ln\u00e9m \u010dase m\u016f\u017ee z\u00e1kazn\u00edk pl\u00e1novat marketingov\u00e9 aktivity a optimalizovat administrativu (pap\u00edrov\u00e1n\u00ed). Produkt, v tomto p\u0159\u00edpad\u011b d\u00e1rkov\u00e1 karta Supernova, se ve Slovinsku a v Chorvatsku m\u00edrn\u011b li\u0161\u00ed (kv\u016fli regulac\u00edm a preferenc\u00edm z\u00e1kazn\u00edk\u016f), ale existuje v jednom chytr\u00e9m, on-line \u0159e\u0161en\u00ed, kter\u00e9 nab\u00edz\u00ed n\u011bkolik administr\u00e1torsk\u00fdch p\u0159\u00edstup\u016f s definovan\u00fdmi p\u0159ihla\u0161ovac\u00edmi pr\u00e1vy a p\u0159ehledy.<\/p>\n\n\n\n<div style=\"height:20px\" aria-hidden=\"true\" class=\"wp-block-spacer\"><\/div>\n\n\n\n<h4 class=\"wp-block-heading\">Chytr\u00fd v\u00fdsledek<\/h4>\n\n\n\n<div style=\"height:5px\" aria-hidden=\"true\" class=\"wp-block-spacer\"><\/div>\n\n\n\n<p>Podrobn\u00fd p\u0159ehled prodej\u016f a proplacen\u00ed pro ka\u017ed\u00fd trh v r\u016fzn\u00fdch m\u011bn\u00e1ch, monitorov\u00e1n\u00ed skladov\u00fdch z\u00e1sob a snadn\u00e1 spr\u00e1va transakc\u00ed s n\u00e1jemci. Na stran\u011b z\u00e1kazn\u00edka \u2013 mo\u017enost on-line v\u00fdm\u011bny d\u00e1rkov\u00e9 karty Qlandia za d\u00e1rkovou kartu Supernova s&nbsp;je\u0161t\u011b bohat\u0161\u00edmi n\u00e1kupn\u00edmi mo\u017enostmi a elektronick\u00e1 d\u00e1rkov\u00e1 karta zv\u00fd\u0161ily obl\u00edbenost produktu a prodeje.<\/p>\n<\/div>\n<\/div>\n\n\n\n<div style=\"height:40px\" aria-hidden=\"true\" class=\"wp-block-spacer\"><\/div>\n\n\n\n<h2 class=\"wp-block-heading\" id=\"block-489630b6-a51f-4c46-b302-0198d6639244\"><span style=\"background-color:rgba(0, 0, 0, 0);color:#4214cf\" class=\"has-inline-color\">Cubo<\/span><\/h2>\n\n\n\n<p><\/p>\n\n\n\n<p><\/p>\n\n\n\n<h4 class=\"wp-block-heading\" id=\"block-708cbcc9-f0f0-4729-a686-b2c2a68807fa\">Chytr\u00fd z\u00e1kazn\u00edk<\/h4>\n\n\n\n<div style=\"height:5px\" aria-hidden=\"true\" class=\"wp-block-spacer\"><\/div>\n\n\n\n<p id=\"block-552fe660-aeaf-4281-97de-8222c7c60643\">Presti\u017en\u00ed a modern\u00ed golfov\u00e9 h\u0159i\u0161t\u011b ve Slovinsku \u2013 hv\u011bzda mezi evropsk\u00fdmi golfov\u00fdmi \u0161ampiony. Toto kr\u00e1sn\u00e9 h\u0159i\u0161t\u011b s v\u00fdhledem na Alpy je zn\u00e1m\u00e9 pro svou vyv\u00e1\u017eenou kombinaci dynamick\u00fdch p\u0159echod\u016f, p\u00edse\u010dn\u00fdch bunkr\u016f a obrovsk\u00fdch zelen\u00fdch ploch s rozm\u00edst\u011bn\u00fdmi stromy.<\/p>\n\n\n\n<div style=\"height:20px\" aria-hidden=\"true\" class=\"wp-block-spacer\"><\/div>\n\n\n\n<h4 class=\"wp-block-heading\" id=\"block-75f1d837-3e43-4904-8805-64a9a35ac4ae\">Chytr\u00fd d\u016fvod<\/h4>\n\n\n\n<div style=\"height:5px\" aria-hidden=\"true\" class=\"wp-block-spacer\"><\/div>\n\n\n\n<p id=\"block-dc7167a7-8b73-45a1-a2a7-9d483056f8c6\">Soudob\u00fd digit\u00e1ln\u00ed zp\u016fsob monitorov\u00e1n\u00ed a podpory pro hr\u00e1\u010de golf\u016f s jednoduchou a u\u017eivatelsky p\u0159\u00edv\u011btivou identifikac\u00ed a placen\u00edm za slu\u017eby \u2013 to v\u0161e v jednom produktu.<\/p>\n\n\n\n<div style=\"height:20px\" aria-hidden=\"true\" class=\"wp-block-spacer\"><\/div>\n\n\n\n<h4 class=\"wp-block-heading\" id=\"block-c29a3fb3-fce4-42eb-a8bd-71531e341595\">Chytr\u00e9 \u0159e\u0161en\u00ed<\/h4>\n\n\n\n<div style=\"height:5px\" aria-hidden=\"true\" class=\"wp-block-spacer\"><\/div>\n\n\n\n<p id=\"block-fd6afc0d-3d5a-4cd2-8e2d-10255e859653\">\u010clensk\u00e1 karta, kter\u00e1 je kombinac\u00ed identifika\u010dn\u00edho pr\u016fkazu a platebn\u00ed karty pro placen\u00ed \u017eeton\u016f\/m\u00ed\u010dk\u016f a dal\u0161\u00edch slu\u017eeb (j\u00eddlo, n\u00e1poje) v klubu. P\u0159edplacen\u00e1 karta pro zachov\u00e1n\u00ed \u010dlensk\u00fdch kont v bezpe\u010d\u00ed a st\u00e1le po ruce.<\/p>\n\n\n\n<div style=\"height:20px\" aria-hidden=\"true\" class=\"wp-block-spacer\"><\/div>\n\n\n\n<h4 class=\"wp-block-heading\" id=\"block-4bc43031-ba85-432a-9ff3-788939563e15\">Chytr\u00fd v\u00fdsledek<\/h4>\n\n\n\n<div style=\"height:5px\" aria-hidden=\"true\" class=\"wp-block-spacer\"><\/div>\n\n\n\n<p id=\"block-e37ab335-49ab-473d-bd3c-9c0a0b702ab4\">\u010clenov\u00e9 toto \u0159e\u0161en\u00ed p\u0159ijali rychle a efektivn\u011b. Jejich karta jim tak\u00e9 nab\u00edz\u00ed nejr\u016fzn\u011bj\u0161\u00ed mo\u017enosti, od m\u011bs\u00ed\u010dn\u00edch plateb \/ \u010dlensk\u00fdch p\u0159\u00edsp\u011bvk\u016f a\u017e po ro\u010dn\u00ed platby s benefity ke ka\u017ed\u00e9mu bal\u00ed\u010dku. Velikost karty odpov\u00edd\u00e1 velikosti platebn\u00ed karty, tak\u017ee si ji \u010dlenov\u00e9 mohou kdykoliv p\u0159idat do sv\u00e9 pen\u011b\u017eenky.<\/p>\n\n\n\n<div style=\"height:70px\" aria-hidden=\"true\" class=\"wp-block-spacer\"><\/div>\n","protected":false},"excerpt":{"rendered":"<p>P\u0159\u00edpadov\u00e9 studie Qlandia Chytr\u00fd z\u00e1kazn\u00edk Qlandia je \u0159et\u011bzec, kter\u00fd tvo\u0159\u00ed 7 n\u00e1kupn\u00edch center ve Slovinsku, s dlouhou histori\u00ed (prvn\u00ed n\u00e1kupn\u00ed centrum bylo otev\u0159eno v roce 2006) a v\u00edce ne\u017e 300 n\u00e1jemci nab\u00edzej\u00edc\u00edmi v\u0161echno mo\u017en\u00e9 zbo\u017e\u00ed a slu\u017eby: m\u00f3du, kosmetiku, technologie, restaurace atd. Chytr\u00fd d\u016fvod Qlandia nab\u00edzela sv\u00fdm z\u00e1kazn\u00edk\u016fm ti\u0161t\u011bn\u00e9 d\u00e1rkov\u00e9 vouchery od roku 2014 a &hellip;<\/p>\n<p class=\"read-more\"> <a class=\"\" href=\"https:\/\/smartgifty.com\/cs\/pripadove-studie\/\"> <span class=\"screen-reader-text\">P\u0159\u00edpadov\u00e9 studie<\/span> Pokra\u010dovat ve \u010dten\u00ed &raquo;<\/a><\/p>\n","protected":false},"author":3,"featured_media":682,"parent":0,"menu_order":0,"comment_status":"closed","ping_status":"closed","template":"page-privacy.php","meta":{"inline_featured_image":false,"footnotes":""},"class_list":["post-680","page","type-page","status-publish","has-post-thumbnail","hentry"],"aioseo_notices":[],"_links":{"self":[{"href":"https:\/\/smartgifty.com\/cs\/wp-json\/wp\/v2\/pages\/680\/"}],"collection":[{"href":"https:\/\/smartgifty.com\/cs\/wp-json\/wp\/v2\/pages\/"}],"about":[{"href":"https:\/\/smartgifty.com\/cs\/wp-json\/wp\/v2\/types\/page\/"}],"author":[{"embeddable":true,"href":"https:\/\/smartgifty.com\/cs\/wp-json\/wp\/v2\/users\/3\/"}],"replies":[{"embeddable":true,"href":"https:\/\/smartgifty.com\/cs\/wp-json\/wp\/v2\/comments\/?post=680"}],"version-history":[{"count":13,"href":"https:\/\/smartgifty.com\/cs\/wp-json\/wp\/v2\/pages\/680\/revisions\/"}],"predecessor-version":[{"id":4130,"href":"https:\/\/smartgifty.com\/cs\/wp-json\/wp\/v2\/pages\/680\/revisions\/4130\/"}],"wp:featuredmedia":[{"embeddable":true,"href":"https:\/\/smartgifty.com\/cs\/wp-json\/wp\/v2\/media\/682\/"}],"wp:attachment":[{"href":"https:\/\/smartgifty.com\/cs\/wp-json\/wp\/v2\/media\/?parent=680"}],"curies":[{"name":"wp","href":"https:\/\/api.w.org\/{rel}","templated":true}]}}