{"id":684,"date":"2021-06-30T07:22:45","date_gmt":"2021-06-30T06:22:45","guid":{"rendered":"https:\/\/smartgifty.com\/?page_id=684"},"modified":"2024-02-01T15:04:13","modified_gmt":"2024-02-01T14:04:13","slug":"zasady-pouziti-souboru-cookies","status":"publish","type":"page","link":"https:\/\/smartgifty.com\/cs\/zasady-pouziti-souboru-cookies\/","title":{"rendered":"Z\u00e1sady pou\u017eit\u00ed soubor\u016f cookies"},"content":{"rendered":"\n<h1 class=\"wp-block-heading\">Z\u00e1sady pou\u017eit\u00ed cookies<\/h1>\n\n\n\n<p>Soubory cookies jsou mal\u00e9 textov\u00e9 soubory pou\u017e\u00edvan\u00e9 webov\u00fdmi str\u00e1nkami na podporu u\u017eivatelsk\u00e9ho komfortu u\u017eivatele.<\/p>\n\n\n\n<p>Ze z\u00e1kona se sm\u00ed soubory cookies ukl\u00e1dat na va\u0161e za\u0159\u00edzen\u00ed pouze v p\u0159\u00edpad\u011b, \u017ee je to absolutn\u011b nezbytn\u00e9 pro provoz webov\u00e9 str\u00e1nky. V\u0161echny dal\u0161\u00ed typy soubor\u016f cookies vy\u017eaduj\u00ed v\u00e1\u0161 souhlas.<\/p>\n\n\n\n<p>Tato webov\u00e1 str\u00e1nka pou\u017e\u00edv\u00e1 r\u016fzn\u00e9 typy soubor\u016f cookies. N\u011bkter\u00e9 se pou\u017e\u00edvaj\u00ed na \u017e\u00e1dost extern\u00edch webov\u00fdch str\u00e1nek, kter\u00e9 se mohou pou\u017e\u00edvat jako sou\u010d\u00e1st na\u0161\u00ed webov\u00e9 str\u00e1nky.<\/p>\n\n\n\n<p>N\u00e1sleduj\u00edc\u00ed soubory cookies se pou\u017e\u00edvaj\u00ed k zaji\u0161t\u011bn\u00ed toho, aby v\u0161echny funkce webov\u00e9 str\u00e1nky pracovaly tak, jak maj\u00ed:<\/p>\n\n\n\n<p>Povinn\u00e9 soubory cookies poskytuj\u00ed z\u00e1kladn\u00ed funkce, jako jsou navigov\u00e1n\u00ed po str\u00e1nce a p\u0159\u00edstup k zabezpe\u010den\u00fdm \u010d\u00e1stem webov\u00e9 str\u00e1nky, a t\u00edm p\u0159isp\u00edvaj\u00ed k funk\u010dnosti samotn\u00e9 webov\u00e9 str\u00e1nky. Webov\u00e1 str\u00e1nka bez t\u011bchto soubor\u016f cookies nebude fungovat spr\u00e1vn\u00fdm zp\u016fsobem.<\/p>\n\n\n\n<p>Statistick\u00e9 soubory cookies jsou soubory cookies, kter\u00e9 pot\u0159ebujeme k monitorov\u00e1n\u00ed n\u00e1v\u0161t\u011bvnosti na\u0161\u00ed str\u00e1nky, abychom mohli vylep\u0161it jej\u00ed u\u017eivatelsk\u00fd komfort.<\/p>\n\n\n\n<p>Marketingov\u00e9 soubory cookies anonymn\u011b shroma\u017e\u010fuj\u00ed informace o va\u0161ich n\u00e1v\u0161t\u011bv\u00e1ch na\u0161\u00ed webov\u00e9 str\u00e1nky. \u00da\u010delem je zobrazov\u00e1n\u00ed reklamy, kter\u00e1 je relevantn\u00ed a zaj\u00edmav\u00e1 pro p\u0159\u00edslu\u0161n\u00e9ho u\u017eivatele.<\/p>\n\n\n\n<p>P\u0159esn\u00fd popis ka\u017ed\u00e9ho souboru cookie a \u010dasov\u00fd okam\u017eik jejich instalace uv\u00e1d\u00edme v t\u00e9to tabulce:<\/p>\n\n\n\n<figure class=\"wp-block-table\"><table><tbody><tr><td>N\u00e1zev souboru cookie<\/td><td>Slu\u017eba<\/td><td>Typ<\/td><td>Platnost<\/td><td>Popis<\/td><\/tr><tr><td><\/td><td>smartgifty.com<\/td><td>Povinn\u00e9 soubory cookie<\/td><td>1 rok<\/td><td>Pou\u017e\u00edv\u00e1 se k ulo\u017een\u00ed rozhodnut\u00ed u\u017eivatele o souborech cookies. O platnosti souboru cookie rozhoduje u\u017eivatel.<\/td><\/tr><tr><td>_ga<\/td><td>Google Analytics<\/td><td>Povinn\u00e9 soubory cookie<\/td><td>2 roky<\/td><td>Prov\u00e1d\u00ed unik\u00e1tn\u00ed registraci identity (ID), kter\u00e1 se pou\u017e\u00edv\u00e1 k vygenerov\u00e1n\u00ed statistick\u00fdch \u00fadaj\u016f o pou\u017e\u00edv\u00e1n\u00ed webov\u00e9 str\u00e1nky n\u00e1v\u0161t\u011bvn\u00edkem.<\/td><\/tr><tr><td>_gat<\/td><td>Google Analytics<\/td><td>Statistick\u00e9 soubory cookie<\/td><td>Relace<\/td><td>N\u00e1stroj Google Analytics pou\u017e\u00edv\u00e1 soubory cookies ke kontrole po\u010dtu \u017e\u00e1dost\u00ed.<\/td><\/tr><tr><td>_gid<\/td><td>Google Analytics<\/td><td>Statistick\u00e9 soubory cookie<\/td><td>Relace<\/td><td>Prov\u00e1d\u00ed unik\u00e1tn\u00ed registraci identity (ID), kter\u00e1 se pou\u017e\u00edv\u00e1 k vygenerov\u00e1n\u00ed statistick\u00fdch \u00fadaj\u016f o pou\u017e\u00edv\u00e1n\u00ed webov\u00e9 str\u00e1nky n\u00e1v\u0161t\u011bvn\u00edkem.<\/td><\/tr><\/tbody><\/table><\/figure>\n\n\n\n<p>Z\u00e1sady pou\u017eit\u00ed cookies plat\u00ed od 2. dubna 2021 a m\u016f\u017eeme je kdykoliv zm\u011bnit nebo doplnit. Informace o tom, jak SmartGifty chr\u00e1n\u00ed va\u0161e osobn\u00ed \u00fadaje, jsou uvedeny v na\u0161ich <a href=\"https:\/\/smartgifty.com\/cs\/privacy-policy\/\">z\u00e1sad\u00e1ch ochrany osobn\u00edch \u00fadaj\u016f<\/a>.<\/p>\n","protected":false},"excerpt":{"rendered":"<p>Z\u00e1sady pou\u017eit\u00ed cookies Soubory cookies jsou mal\u00e9 textov\u00e9 soubory pou\u017e\u00edvan\u00e9 webov\u00fdmi str\u00e1nkami na podporu u\u017eivatelsk\u00e9ho komfortu u\u017eivatele. Ze z\u00e1kona se sm\u00ed soubory cookies ukl\u00e1dat na va\u0161e za\u0159\u00edzen\u00ed pouze v p\u0159\u00edpad\u011b, \u017ee je to absolutn\u011b nezbytn\u00e9 pro provoz webov\u00e9 str\u00e1nky. V\u0161echny dal\u0161\u00ed typy soubor\u016f cookies vy\u017eaduj\u00ed v\u00e1\u0161 souhlas. Tato webov\u00e1 str\u00e1nka pou\u017e\u00edv\u00e1 r\u016fzn\u00e9 typy soubor\u016f cookies. &hellip;<\/p>\n<p class=\"read-more\"> <a class=\"\" href=\"https:\/\/smartgifty.com\/cs\/zasady-pouziti-souboru-cookies\/\"> <span class=\"screen-reader-text\">Z\u00e1sady pou\u017eit\u00ed soubor\u016f cookies<\/span> Pokra\u010dovat ve \u010dten\u00ed &raquo;<\/a><\/p>\n","protected":false},"author":3,"featured_media":0,"parent":0,"menu_order":0,"comment_status":"closed","ping_status":"closed","template":"page-privacy.php","meta":{"inline_featured_image":false,"footnotes":""},"class_list":["post-684","page","type-page","status-publish","hentry"],"aioseo_notices":[],"_links":{"self":[{"href":"https:\/\/smartgifty.com\/cs\/wp-json\/wp\/v2\/pages\/684\/"}],"collection":[{"href":"https:\/\/smartgifty.com\/cs\/wp-json\/wp\/v2\/pages\/"}],"about":[{"href":"https:\/\/smartgifty.com\/cs\/wp-json\/wp\/v2\/types\/page\/"}],"author":[{"embeddable":true,"href":"https:\/\/smartgifty.com\/cs\/wp-json\/wp\/v2\/users\/3\/"}],"replies":[{"embeddable":true,"href":"https:\/\/smartgifty.com\/cs\/wp-json\/wp\/v2\/comments\/?post=684"}],"version-history":[{"count":4,"href":"https:\/\/smartgifty.com\/cs\/wp-json\/wp\/v2\/pages\/684\/revisions\/"}],"predecessor-version":[{"id":1476,"href":"https:\/\/smartgifty.com\/cs\/wp-json\/wp\/v2\/pages\/684\/revisions\/1476\/"}],"wp:attachment":[{"href":"https:\/\/smartgifty.com\/cs\/wp-json\/wp\/v2\/media\/?parent=684"}],"curies":[{"name":"wp","href":"https:\/\/api.w.org\/{rel}","templated":true}]}}