{"id":687,"date":"2021-06-30T07:24:43","date_gmt":"2021-06-30T06:24:43","guid":{"rendered":"https:\/\/smartgifty.com\/?page_id=687"},"modified":"2024-02-01T14:54:14","modified_gmt":"2024-02-01T13:54:14","slug":"zasady-ochrany-soukromi","status":"publish","type":"page","link":"https:\/\/smartgifty.com\/cs\/zasady-ochrany-soukromi\/","title":{"rendered":"Z\u00e1sady ochrany soukrom\u00ed"},"content":{"rendered":"\n<h1 class=\"wp-block-heading\">Z\u00e1sady ochrany osobn\u00edch \u00fadaj\u016f<\/h1>\n\n\n\n<p><strong>I. Obecn\u00e9 informace<\/strong><\/p>\n\n\n\n<p>Smart Octopus Solutions Ltd. (d\u00e1le v tomto dokumentu: SOS) je vlastn\u00edkem a provozovatelem webov\u00e9 str\u00e1nky www.smartgifty.com.<br>Vlastn\u00edk t\u00e9to webov\u00e9 str\u00e1nky respektuje pr\u00e1vo u\u017eivatel\u016f na ochranu soukrom\u00ed a usiluje o nejvy\u0161\u0161\u00ed \u00farove\u0148 ochrany osobn\u00edch \u00fadaj\u016f. Zav\u00e1zal se k tomu, \u017ee bude jednat v souladu se z\u00e1kony a regulacemi definuj\u00edc\u00edmi ochranu osobn\u00edch \u00fadaj\u016f, zejm\u00e9na pak ve shod\u011b se z\u00e1konem o ochran\u011b osobn\u00edch \u00fadaj\u016f, z\u00e1konem o elektronick\u00e9 komunikaci a obecn\u00fdm na\u0159\u00edzen\u00edm EU o ochran\u011b osobn\u00edch \u00fadaj\u016f.<\/p>\n\n\n\n<p><strong>II. Osobn\u00ed \u00fadaje a jejich ochrana<\/strong><\/p>\n\n\n\n<p>Z\u00e1sady ochrany osobn\u00edch \u00fadaj\u016f plat\u00ed pro ka\u017ed\u00e9ho, kdo je pova\u017eov\u00e1n za u\u017eivatele, a plat\u00ed pro celou webovou str\u00e1nku, v\u010detn\u011b v\u0161ech jej\u00edch podstr\u00e1nek. U\u017eivatelem je jak\u00e1koliv pr\u00e1vnick\u00e1 nebo fyzick\u00e1 osoba, kter\u00e1 pou\u017e\u00edv\u00e1 nebo nav\u0161t\u00edv\u00ed webovou str\u00e1nku.<br>Pou\u017eit\u00edm t\u00e9to webov\u00e9 str\u00e1nky u\u017eivatel vyjad\u0159uje souhlas s t\u011bmito z\u00e1sadami ochrany osobn\u00edch \u00fadaj\u016f. Poskytovatel si vyhrazuje pr\u00e1vo kdykoliv a bez p\u0159edchoz\u00edho upozorn\u011bn\u00ed zm\u011bnit jak\u00e9koliv ustanoven\u00ed t\u011bchto z\u00e1sad. Dal\u0161\u00edm pou\u017e\u00edv\u00e1n\u00edm t\u00e9to webov\u00e9 str\u00e1nky u\u017eivatel souhlas\u00ed se zm\u011bnami.<\/p>\n\n\n\n<p><strong>III. \u00da\u010del z\u00edsk\u00e1v\u00e1n\u00ed a ukl\u00e1d\u00e1n\u00ed osobn\u00edch \u00fadaj\u016f<\/strong><\/p>\n\n\n\n<p>Osobn\u00ed \u00fadaje z\u00edsk\u00e1van\u00e9 na t\u00e9to str\u00e1nce spravuje vlastn\u00edk webov\u00e9 str\u00e1nky. U\u017eivatel souhlas\u00ed s t\u00edm, \u017ee SOS z\u00edsk\u00e1 a zpracuje jeho\/jej\u00ed osobn\u00ed \u00fadaje pro sv\u00e9 obchodn\u00ed aktivity a dal\u0161\u00ed komunikaci s u\u017eivatelem.<br>Vlastn\u00edk webov\u00e9 str\u00e1nky za \u017e\u00e1dn\u00fdch okolnost\u00ed neprod\u00e1, neprop\u016fj\u010d\u00ed ani jin\u00fdm zp\u016fsobem neposkytne \u00fadaje o u\u017eivatel\u00edch neopr\u00e1vn\u011bn\u00fdm t\u0159et\u00edm stran\u00e1m, pokud k tomu nebude m\u00edt souhlas u\u017eivatele. V p\u0159\u00edpad\u011b pot\u0159eby se \u00fadaje p\u0159ed\u00e1vaj\u00ed smluvn\u00edm partner\u016fm, kte\u0159\u00ed se staraj\u00ed o provoz a \u00fadr\u017ebu webov\u00e9 str\u00e1nky a zav\u00e1zali se k ochran\u011b osobn\u00edch \u00fadaj\u016f za stejn\u00fdch podm\u00ednek jako vlastn\u00edk webov\u00e9 str\u00e1nky.<br>Osobn\u00ed \u00fadaje u\u017eivatel\u016f se ukl\u00e1daj\u00ed do datab\u00e1ze, kterou spravuje SOS v souladu se sv\u00fdmi firemn\u00edmi z\u00e1sadami, po dobu trv\u00e1n\u00ed vztahu mezi u\u017eivatelem a SOS anebo tak dlouho, dokud u\u017eivatel nepo\u017e\u00e1d\u00e1 o vymaz\u00e1n\u00ed sv\u00fdch \u00fadaj\u016f z datab\u00e1ze.<br>U\u017eivatel m\u016f\u017ee kdykoliv podat p\u00edsemnou \u017e\u00e1dost o smaz\u00e1n\u00ed, opravu, p\u0159eveden\u00ed nebo zm\u011bnu sv\u00fdch \u00fadaj\u016f ulo\u017een\u00fdch v datab\u00e1zi. \u017d\u00e1dosti o smaz\u00e1n\u00ed, opravu, p\u0159eveden\u00ed nebo zm\u011bnu sv\u00fdch informac\u00ed mus\u00ed u\u017eivatel\u00e9 zas\u00edlat e-mailem na adresu info@smartgifty.com. SOS odpov\u00ed na \u017e\u00e1dost do osmi (8) pracovn\u00edch dn\u016f.<\/p>\n\n\n\n<p><strong>IV. Pr\u00e1vo u\u017eivatele na kontrolu<\/strong><br><br>U\u017eivatel m\u00e1 pr\u00e1vo zkontrolovat implementaci ochrany a zpracov\u00e1n\u00ed osobn\u00edch \u00fadaj\u016f v SOS. U\u017eivatel mus\u00ed nahl\u00e1sit inspekci prostor a za\u0159\u00edzen\u00ed minim\u00e1ln\u011b s p\u0159edstihem p\u011bti (5) pracovn\u00edch dn\u016f. Abychom ochr\u00e1nili obchodn\u00ed tajemstv\u00ed a dal\u0161\u00ed citliv\u00e9 informace poskytovatele, mus\u00ed inspekce prob\u00edhat za p\u0159\u00edtomnosti opr\u00e1vn\u011bn\u00e9 osoby jmenovan\u00e9 SOS.<\/p>\n\n\n\n<p><strong>V. Ochrana osobn\u00edch \u00fadaj\u016f<\/strong><\/p>\n\n\n\n<p>Osobn\u00ed \u00fadaje jsou chr\u00e1n\u011bny v souladu pr\u00e1vn\u00edmi, organiza\u010dn\u00edmi a p\u0159\u00edslu\u0161n\u00fdmi logick\u00fdmi a technick\u00fdmi postupy a opat\u0159en\u00edmi pro zamezen\u00ed ne\u00famysln\u00e9ho nebo \u00famysln\u00e9ho neopr\u00e1vn\u011bn\u00e9ho zni\u010den\u00ed informac\u00ed, jejich \u00fapravy nebo ztr\u00e1ty a neopr\u00e1vn\u011bn\u00e9ho zpracov\u00e1n\u00ed takov\u00fdch informac\u00ed, a to t\u011bmito zp\u016fsoby:<br>\u2022 ochrana provozoven, za\u0159\u00edzen\u00ed a syst\u00e9mov\u00e9ho softwaru, v\u010detn\u011b vstupn\u00edch\/v\u00fdstupn\u00edch jednotek;<br>\u2022 zabezpe\u010den\u00ed softwaru pou\u017e\u00edvan\u00e9ho ke zpracov\u00e1n\u00ed osobn\u00edch \u00fadaj\u016f;<br>\u2022 prevence neopr\u00e1vn\u011bn\u00e9ho p\u0159\u00edstupu k osobn\u00edm \u00fadaj\u016fm p\u0159i p\u0159enosu, a to v\u010detn\u011b p\u0159enosu s pou\u017eit\u00edm telekomunika\u010dn\u00edch prost\u0159edk\u016f a s\u00edt\u00ed;<br>\u2022 zaji\u0161t\u011bn\u00ed efektivn\u00edho zp\u016fsobu k zablokov\u00e1n\u00ed, zni\u010den\u00ed nebo anonymizov\u00e1n\u00ed osobn\u00edch \u00fadaj\u016f;<br>\u2022 zaji\u0161t\u011bn\u00ed dohledatelnosti toho, kdy byly pou\u017eity osobn\u00ed informace konkr\u00e9tn\u00ed osoby, kdy byly zaps\u00e1ny do datab\u00e1ze, kdo p\u0159\u00edslu\u0161nou operaci provedl, a to po celou dobu, po kterou budou jednotliv\u00e9 \u010d\u00e1sti t\u011bchto \u00fadaj\u016f ulo\u017eeny.<\/p>\n\n\n\n<p><strong>VI. Z\u00e1v\u011bre\u010dn\u00e1 ustanoven\u00ed<\/strong><br><br>V\u0161echna dal\u0161\u00ed vysv\u011btlen\u00ed k z\u00e1sad\u00e1m ochrany osobn\u00edch \u00fadaj\u016f \u017e\u00e1dejte na kontaktn\u00ed adrese info@smartgifty.com. Tyto z\u00e1sady ochrany osobn\u00edch \u00fadaj\u016f vstupuj\u00ed v platnost 2. dubna 2021.<\/p>\n","protected":false},"excerpt":{"rendered":"<p>Z\u00e1sady ochrany osobn\u00edch \u00fadaj\u016f I. Obecn\u00e9 informace Smart Octopus Solutions Ltd. (d\u00e1le v tomto dokumentu: SOS) je vlastn\u00edkem a provozovatelem webov\u00e9 str\u00e1nky www.smartgifty.com.Vlastn\u00edk t\u00e9to webov\u00e9 str\u00e1nky respektuje pr\u00e1vo u\u017eivatel\u016f na ochranu soukrom\u00ed a usiluje o nejvy\u0161\u0161\u00ed \u00farove\u0148 ochrany osobn\u00edch \u00fadaj\u016f. Zav\u00e1zal se k tomu, \u017ee bude jednat v souladu se z\u00e1kony a regulacemi definuj\u00edc\u00edmi ochranu &hellip;<\/p>\n<p class=\"read-more\"> <a class=\"\" href=\"https:\/\/smartgifty.com\/cs\/zasady-ochrany-soukromi\/\"> <span class=\"screen-reader-text\">Z\u00e1sady ochrany soukrom\u00ed<\/span> Pokra\u010dovat ve \u010dten\u00ed &raquo;<\/a><\/p>\n","protected":false},"author":3,"featured_media":0,"parent":0,"menu_order":0,"comment_status":"closed","ping_status":"closed","template":"page-privacy.php","meta":{"inline_featured_image":false,"footnotes":""},"class_list":["post-687","page","type-page","status-publish","hentry"],"aioseo_notices":[],"_links":{"self":[{"href":"https:\/\/smartgifty.com\/cs\/wp-json\/wp\/v2\/pages\/687\/"}],"collection":[{"href":"https:\/\/smartgifty.com\/cs\/wp-json\/wp\/v2\/pages\/"}],"about":[{"href":"https:\/\/smartgifty.com\/cs\/wp-json\/wp\/v2\/types\/page\/"}],"author":[{"embeddable":true,"href":"https:\/\/smartgifty.com\/cs\/wp-json\/wp\/v2\/users\/3\/"}],"replies":[{"embeddable":true,"href":"https:\/\/smartgifty.com\/cs\/wp-json\/wp\/v2\/comments\/?post=687"}],"version-history":[{"count":3,"href":"https:\/\/smartgifty.com\/cs\/wp-json\/wp\/v2\/pages\/687\/revisions\/"}],"predecessor-version":[{"id":1480,"href":"https:\/\/smartgifty.com\/cs\/wp-json\/wp\/v2\/pages\/687\/revisions\/1480\/"}],"wp:attachment":[{"href":"https:\/\/smartgifty.com\/cs\/wp-json\/wp\/v2\/media\/?parent=687"}],"curies":[{"name":"wp","href":"https:\/\/api.w.org\/{rel}","templated":true}]}}