{"id":690,"date":"2021-06-30T07:25:55","date_gmt":"2021-06-30T06:25:55","guid":{"rendered":"https:\/\/smartgifty.com\/?page_id=690"},"modified":"2024-02-01T14:53:58","modified_gmt":"2024-02-01T13:53:58","slug":"smluvni-podminky","status":"publish","type":"page","link":"https:\/\/smartgifty.com\/cs\/smluvni-podminky\/","title":{"rendered":"Smluvn\u00ed podm\u00ednky"},"content":{"rendered":"\n<h1 class=\"wp-block-heading\">Smluvn\u00ed podm\u00ednky<\/h1>\n\n\n\n<p>Zna\u010dku SmartGifty<br>vlastn\u00ed spole\u010dnost Smart Octopus Solutions Ltd.<br>71-75 Shelton Street<br>London, Greater London<br>United Kingdom, WC2H 9J<br>Stegne 23, 1000 Ljubljana, Slovenia<br>Smart Octopus Solutions Ltd. (d\u00e1le v tomto dokumentu SOS) je vlastn\u00edkem webov\u00e9 str\u00e1nky www.smartgifty.com<\/p>\n\n\n\n<p><strong>II. Souhlas<\/strong><\/p>\n\n\n\n<p>N\u00e1v\u0161t\u011bvou nebo pou\u017eit\u00edm webov\u00e9 str\u00e1nky www.smartgifty.com vyjad\u0159ujete souhlas s provozem webov\u00e9 str\u00e1nky (to plat\u00ed tak\u00e9 pro v\u0161echny \u010d\u00e1sti t\u00e9to webov\u00e9 str\u00e1nky, v\u010detn\u011b jej\u00edho rozvr\u017een\u00ed, individu\u00e1ln\u00edho designu a k\u00f3dov\u00fdch prvk\u016f, stejn\u011b jako pro textov\u00e9 informace, zvuky, grafiku, animovan\u00e9 prvky nebo jak\u00fdkoliv jin\u00fd obsah).<\/p>\n\n\n\n<p><strong>III. P\u0159ijateln\u00e9 pou\u017eit\u00ed<\/strong><\/p>\n\n\n\n<p>Tuto webovou str\u00e1nku sm\u00edte pou\u017e\u00edvat pouze pro \u00fa\u010dely, ke kter\u00fdm byla vytvo\u0159ena a ke kter\u00fdm ji nab\u00edz\u00edme, a k \u017e\u00e1dn\u00e9mu jin\u00e9mu \u00fa\u010delu. Tuto webovou str\u00e1nku jste povinni pou\u017e\u00edvat odpov\u011bdn\u00fdm zp\u016fsobem s ohledem na to, jak\u00e9 d\u016fsledky m\u016f\u017ee m\u00edt va\u0161e pou\u017e\u00edv\u00e1n\u00ed t\u00e9to webov\u00e9 str\u00e1nky na jin\u00e9 u\u017eivatele t\u00e9to webov\u00e9 str\u00e1nky a spole\u010dnost SOS. Mezi p\u0159\u00edklady p\u0159ijateln\u00e9ho pou\u017eit\u00ed pat\u0159\u00ed prohl\u00ed\u017een\u00ed r\u016fzn\u00fdch str\u00e1nek nebo kontaktov\u00e1n\u00ed vlastn\u00edka str\u00e1nky. Mezi p\u0159\u00edklady nep\u0159ijateln\u00e9ho pou\u017eit\u00ed pat\u0159\u00ed instalov\u00e1n\u00ed malwaru \u010di vir\u016f nebo pou\u017e\u00edv\u00e1n\u00ed str\u00e1nky k pokusu o roz\u0161\u00ed\u0159en\u00ed spam\u016f nebo jin\u00e9ho ne\u017e\u00e1douc\u00edho obsahu.<\/p>\n\n\n\n<p><strong>IV. U\u017eivatelsk\u00e1 pr\u00e1va a du\u0161evn\u00ed vlastnick\u00e1 pr\u00e1va<\/strong><\/p>\n\n\n\n<p>V\u0161echna pr\u00e1va k t\u00e9to webov\u00e9 str\u00e1nce a obsahu na t\u00e9to webov\u00e9 str\u00e1nce (textov\u00e9 informace, grafika, zvukov\u00e9 soubory, animace, videa a jejich odvozen\u00e9 produkty na webov\u00e9 str\u00e1nce SmartGifty) podl\u00e9haj\u00ed ochran\u011b podle autorsk\u00e9ho pr\u00e1va a ochran\u011b du\u0161evn\u00edho vlastnictv\u00ed a nesm\u00ed se kop\u00edrovat nebo pou\u017e\u00edvat bez p\u0159edchoz\u00edho p\u00edsemn\u00e9ho souhlasu vlastn\u00edka (SOS).<br>P\u0159\u00edstup k nim z\u00edsk\u00e1v\u00e1te v\u00fdlu\u010dn\u011b pro sv\u00e9 osobn\u00ed pou\u017eit\u00ed, nikoliv ke komer\u010dn\u00edmu pou\u017eit\u00ed. S v\u00fdjimkou tohoto schv\u00e1len\u00e9ho pou\u017eit\u00ed, pou\u017eit\u00ed podle z\u00e1kon\u016f platn\u00fdch ve va\u0161\u00ed lokalit\u011b a rozsahu, v jak\u00e9m to p\u0159ipou\u0161t\u00ed takov\u00e9 z\u00e1kony, nesm\u00edte v \u017e\u00e1dn\u00e9 podob\u011b ani \u017e\u00e1dn\u00fdmi prost\u0159edky:<br>\u2022 upravovat, kop\u00edrovat, ukl\u00e1dat, distribuovat, p\u0159en\u00e1\u0161et, tisknout, zobrazovat, prezentovat, zve\u0159ej\u0148ovat nebo vytv\u00e1\u0159et d\u00edla odvozen\u00e1 z jak\u00e9koliv \u010d\u00e1sti t\u00e9to webov\u00e9 str\u00e1nky; ani<br>\u2022 pou\u017e\u00edvat jak\u00e9koliv informace, produkty nebo slu\u017eby z\u00edskan\u00e9 z jak\u00e9koliv \u010d\u00e1sti t\u00e9to webov\u00e9 str\u00e1nky ke komer\u010dn\u00edm \u00fa\u010del\u016fm, jestli\u017ee k tomu nebudete m\u00edt n\u00e1\u0161 p\u00edsemn\u00fd souhlas<\/p>\n\n\n\n<p><strong>V. Prohl\u00e1\u0161en\u00ed o vylou\u010den\u00ed odpov\u011bdnosti<\/strong><\/p>\n\n\n\n<p>Spole\u010dnost SOS vynalo\u017e\u00ed maxim\u00e1ln\u00ed \u00fasil\u00ed k tomu, aby aktualizovala informace zve\u0159ejn\u011bn\u00e9 na webov\u00e9 str\u00e1nce SmartGifty hned, jakmile to bude provediteln\u00e9. SOS p\u0159esto nem\u016f\u017ee n\u00e9st odpov\u011bdnost za to, \u017ee bude obsah t\u00e9to webov\u00e9 str\u00e1nky v ka\u017ed\u00e9m okam\u017eiku bezchybn\u00fd, bez z\u00e1vad a bez vir\u016f, ani za to, \u017ee v\u0161echny prezentovan\u00e9 informace budou aktu\u00e1ln\u00ed a v\u017edy spr\u00e1vn\u00e9. Nep\u0159ij\u00edm\u00e1me odpov\u011bdnost za \u017e\u00e1dn\u00e9 chyby nebo nespr\u00e1vn\u00fd obsah prezentovan\u00fd na t\u00e9to webov\u00e9 str\u00e1nce, a to bez ohledu na povahu takov\u00e9 informace.<\/p>\n\n\n\n<p><strong>VI. Odpov\u011bdnost<\/strong><\/p>\n\n\n\n<p>S v\u00fdjimkou jak\u00fdchkoliv povinnost\u00ed vypl\u00fdvaj\u00edc\u00edch ze z\u00e1kona, kter\u00e9 nelze vylou\u010dit, neponese \u017e\u00e1dn\u00fd \u010dlen spole\u010dnosti SOS odpov\u011bdnost v\u016f\u010di v\u00e1m za \u017e\u00e1dn\u00e9 ztr\u00e1ty, \u0161kody, odpov\u011bdnosti, n\u00e1roky a v\u00fddaje jak\u00e9hokoliv druhu v d\u016fsledku materi\u00e1lu na t\u00e9to webov\u00e9 str\u00e1nce nebo ve spojen\u00ed s n\u00edm.<\/p>\n\n\n\n<p><strong>VII. P\u0159ihl\u00e1\u0161en\u00ed osob a \u010d\u00e1sti s omezen\u00fdm p\u0159\u00edstupem<\/strong><\/p>\n\n\n\n<p>SOS si vyhrazuje pr\u00e1vo na vytvo\u0159en\u00ed \u010d\u00e1st\u00ed chr\u00e1n\u011bn\u00fdch p\u0159ihla\u0161ovac\u00edmi \u00fadaji u\u017eivatele s p\u0159\u00edstupem k osobn\u00edm materi\u00e1l\u016fm. Vytvo\u0159en\u00edm p\u0159ihla\u0161ovac\u00edch \u00fadaj\u016f nesete odpov\u011bdnost za zabezpe\u010den\u00ed va\u0161ich p\u0159ihla\u0161ovac\u00edch \u00fadaj\u016f. Do chr\u00e1n\u011bn\u00e9 \u010d\u00e1sti je zak\u00e1z\u00e1no p\u0159istupovat bez povolen\u00ed nebo opr\u00e1vn\u011bn\u00ed. Jestli\u017ee dojde k prolomen\u00ed p\u0159ihla\u0161ovac\u00edch \u00fadaj\u016f k \u00fa\u010dtu v d\u016fsledku nedostate\u010dn\u00e9ho zabezpe\u010den\u00ed p\u0159ihla\u0161ovac\u00edch \u00fadaj\u016f, neponese SOS odpov\u011bdnost za \u017e\u00e1dn\u00e9 ztr\u00e1ty, kter\u00e9 v d\u016fsledku toho utrp\u00edte.<\/p>\n\n\n\n<p><strong>VIII. Z\u00e1sady pou\u017eit\u00ed cookies a z\u00e1sady ochrany osobn\u00edch \u00fadaj\u016f<\/strong><\/p>\n\n\n\n<p>Spole\u010dnost SOS se zavazuje k d\u016fsledn\u00e9 ochran\u011b soukrom\u00ed u\u017eivatel\u016f. V\u0161echny osobn\u00ed \u00fadaje jsou d\u016fv\u011brn\u00e9 a v \u017e\u00e1dn\u00e9m p\u0159\u00edpad\u011b nebudou p\u0159ed\u00e1ny neopr\u00e1vn\u011bn\u00fdm osob\u00e1m. Informace o z\u00edsk\u00e1v\u00e1n\u00ed a ochran\u011b osobn\u00edch \u00fadaj\u016f jsou dostupn\u00e9 na str\u00e1nce z\u00e1sad ochrany osobn\u00edch \u00fadaj\u016f.<br>Webov\u00e1 str\u00e1nka www.smartgifty.com spole\u010dnosti SOS pou\u017e\u00edv\u00e1 webov\u00e9 soubory cookie pro poskytov\u00e1n\u00ed kvalitn\u00edch slu\u017eeb a zaji\u0161t\u011bn\u00ed u\u017eivatelsk\u00e9ho komfortu (prohl\u00e1\u0161en\u00ed webov\u00e9 str\u00e1nky a n\u00e1kup produkt\u016f). Podrobn\u00e9 informace o souborech cookies naleznete na str\u00e1nce z\u00e1sad pou\u017eit\u00ed cookies.<\/p>\n\n\n\n<p><strong>IX. Odkazy a poplatky<\/strong><\/p>\n\n\n\n<p>Kdy\u017e klepnete na jak\u00fdkoliv odkaz vedouc\u00ed na odkazovanou webovou str\u00e1nku, \u010din\u00edte tak na vlastn\u00ed riziko. Tato webov\u00e1 str\u00e1nka m\u016f\u017ee obsahovat odkazy na jin\u00e9 webov\u00e9 str\u00e1nky \u010dist\u011b z d\u016fvodu zv\u00fd\u0161en\u00ed u\u017eivatelsk\u00e9ho komfortu a takov\u00e9 str\u00e1nky nemus\u00ed b\u00fdt aktu\u00e1ln\u00ed nebo platn\u00e9. Spole\u010dnost SOS nepodporuje, nedoporu\u010duje ani neschvaluje \u017e\u00e1dn\u00e9 informace, produkty nebo slu\u017eby uveden\u00e9 na takov\u00fdch odkazovan\u00fdch str\u00e1nk\u00e1ch a nep\u0159ij\u00edm\u00e1 \u017e\u00e1dnou odpov\u011bdnost za obsah jak\u00e9koliv jin\u00e9 webov\u00e9 str\u00e1nky, na kter\u00e9 tato webov\u00e1 str\u00e1nka odkazuje formou odkaz\u016f.<br>Jestli\u017ee n\u00e1m p\u0159ed\u00e1te sv\u00e9 osobn\u00ed \u00fadaje, souhlas\u00edte s t\u00edm, \u017ee je m\u016f\u017eeme pou\u017e\u00edt k tomu, abychom v\u00e1s kontaktovali.<\/p>\n\n\n\n<p><strong>X. Zm\u011bny podm\u00ednek pou\u017eit\u00ed<\/strong><\/p>\n\n\n\n<p>Spole\u010dnost SOS m\u016f\u017ee kdykoliv a bez upozorn\u011bn\u00ed zm\u011bnit sv\u00e9 v\u0161eobecn\u00e9 podm\u00ednky pou\u017eit\u00ed. Takov\u00e9 zm\u011bny vstupuj\u00ed v okam\u017eitou platnost a prohl\u00ed\u017een\u00ed webov\u00e9 str\u00e1nky po ka\u017ed\u00e9 takov\u00e9 zm\u011bn\u011b se pova\u017euje za vysloven\u00ed souhlasu s takov\u00fdmi podm\u00ednkami.<\/p>\n\n\n\n<p><strong>XI. Obecn\u00e9 informace<\/strong><\/p>\n\n\n\n<p>Tyto v\u0161eobecn\u00e9 podm\u00ednky pou\u017eit\u00ed se \u0159\u00edd\u00ed z\u00e1kony zem\u011b, ve kter\u00e9 p\u0159istupujete k t\u00e9to webov\u00e9 str\u00e1nce. Jestli\u017ee n\u011bkter\u00e9 z ustanoven\u00ed t\u011bchto V\u0161eobecn\u00fdch podm\u00ednek pou\u017eit\u00ed pozbude platnosti, bude v rozporu se z\u00e1konem nebo nebude vynutiteln\u00e9 podle z\u00e1kona v p\u0159\u00edslu\u0161n\u00e9 jurisdikci, nem\u00e1 to vliv na platnost zb\u00fdvaj\u00edc\u00edch ustanoven\u00ed t\u011bchto podm\u00ednek. Spole\u010dnost SOS si vyhrazuje v\u0161echna pr\u00e1va, kter\u00e1 nejsou v\u00fdslovn\u011b ud\u011blena v t\u011bchto v\u0161eobecn\u00fdch podm\u00ednk\u00e1ch pou\u017eit\u00ed.<\/p>\n","protected":false},"excerpt":{"rendered":"<p>Smluvn\u00ed podm\u00ednky Zna\u010dku SmartGiftyvlastn\u00ed spole\u010dnost Smart Octopus Solutions Ltd.71-75 Shelton StreetLondon, Greater LondonUnited Kingdom, WC2H 9JStegne 23, 1000 Ljubljana, SloveniaSmart Octopus Solutions Ltd. (d\u00e1le v tomto dokumentu SOS) je vlastn\u00edkem webov\u00e9 str\u00e1nky www.smartgifty.com II. Souhlas N\u00e1v\u0161t\u011bvou nebo pou\u017eit\u00edm webov\u00e9 str\u00e1nky www.smartgifty.com vyjad\u0159ujete souhlas s provozem webov\u00e9 str\u00e1nky (to plat\u00ed tak\u00e9 pro v\u0161echny \u010d\u00e1sti t\u00e9to webov\u00e9 &hellip;<\/p>\n<p class=\"read-more\"> <a class=\"\" href=\"https:\/\/smartgifty.com\/cs\/smluvni-podminky\/\"> <span class=\"screen-reader-text\">Smluvn\u00ed podm\u00ednky<\/span> Pokra\u010dovat ve \u010dten\u00ed &raquo;<\/a><\/p>\n","protected":false},"author":3,"featured_media":0,"parent":0,"menu_order":0,"comment_status":"closed","ping_status":"closed","template":"page-privacy.php","meta":{"inline_featured_image":false,"footnotes":""},"class_list":["post-690","page","type-page","status-publish","hentry"],"aioseo_notices":[],"_links":{"self":[{"href":"https:\/\/smartgifty.com\/cs\/wp-json\/wp\/v2\/pages\/690\/"}],"collection":[{"href":"https:\/\/smartgifty.com\/cs\/wp-json\/wp\/v2\/pages\/"}],"about":[{"href":"https:\/\/smartgifty.com\/cs\/wp-json\/wp\/v2\/types\/page\/"}],"author":[{"embeddable":true,"href":"https:\/\/smartgifty.com\/cs\/wp-json\/wp\/v2\/users\/3\/"}],"replies":[{"embeddable":true,"href":"https:\/\/smartgifty.com\/cs\/wp-json\/wp\/v2\/comments\/?post=690"}],"version-history":[{"count":4,"href":"https:\/\/smartgifty.com\/cs\/wp-json\/wp\/v2\/pages\/690\/revisions\/"}],"predecessor-version":[{"id":1562,"href":"https:\/\/smartgifty.com\/cs\/wp-json\/wp\/v2\/pages\/690\/revisions\/1562\/"}],"wp:attachment":[{"href":"https:\/\/smartgifty.com\/cs\/wp-json\/wp\/v2\/media\/?parent=690"}],"curies":[{"name":"wp","href":"https:\/\/api.w.org\/{rel}","templated":true}]}}