{"id":705,"date":"2021-06-30T08:07:13","date_gmt":"2021-06-30T07:07:13","guid":{"rendered":"https:\/\/smartgifty.com\/?page_id=705"},"modified":"2024-02-01T14:28:04","modified_gmt":"2024-02-01T13:28:04","slug":"nechte-si-predvest-nas-produkt","status":"publish","type":"page","link":"https:\/\/smartgifty.com\/cs\/nechte-si-predvest-nas-produkt\/","title":{"rendered":"Nechte si p\u0159edv\u00e9st n\u00e1\u0161 produkt"},"content":{"rendered":"","protected":false},"excerpt":{"rendered":"","protected":false},"author":3,"featured_media":0,"parent":0,"menu_order":0,"comment_status":"closed","ping_status":"closed","template":"page-demo-cze.php","meta":{"inline_featured_image":false,"footnotes":""},"class_list":["post-705","page","type-page","status-publish","hentry"],"aioseo_notices":[],"_links":{"self":[{"href":"https:\/\/smartgifty.com\/cs\/wp-json\/wp\/v2\/pages\/705\/"}],"collection":[{"href":"https:\/\/smartgifty.com\/cs\/wp-json\/wp\/v2\/pages\/"}],"about":[{"href":"https:\/\/smartgifty.com\/cs\/wp-json\/wp\/v2\/types\/page\/"}],"author":[{"embeddable":true,"href":"https:\/\/smartgifty.com\/cs\/wp-json\/wp\/v2\/users\/3\/"}],"replies":[{"embeddable":true,"href":"https:\/\/smartgifty.com\/cs\/wp-json\/wp\/v2\/comments\/?post=705"}],"version-history":[{"count":5,"href":"https:\/\/smartgifty.com\/cs\/wp-json\/wp\/v2\/pages\/705\/revisions\/"}],"predecessor-version":[{"id":1479,"href":"https:\/\/smartgifty.com\/cs\/wp-json\/wp\/v2\/pages\/705\/revisions\/1479\/"}],"wp:attachment":[{"href":"https:\/\/smartgifty.com\/cs\/wp-json\/wp\/v2\/media\/?parent=705"}],"curies":[{"name":"wp","href":"https:\/\/api.w.org\/{rel}","templated":true}]}}