{"id":1099,"date":"2021-10-29T14:22:04","date_gmt":"2021-10-29T13:22:04","guid":{"rendered":"https:\/\/smartgifty.com\/?page_id=1099"},"modified":"2024-01-19T22:31:04","modified_gmt":"2024-01-19T21:31:04","slug":"cesto-postavljena-pitanja","status":"publish","type":"page","link":"https:\/\/smartgifty.com\/hr\/cesto-postavljena-pitanja\/","title":{"rendered":"\u010cesto postavljena pitanja"},"content":{"rendered":"\n<h1 class=\"wp-block-heading\"><span style=\"background-color:rgba(0, 0, 0, 0);color:#4214cf\" class=\"has-inline-color\">\u010cesto postavljena pitanja<\/span><\/h1>\n\n\n\n<p class=\"has-white-background-color has-text-color has-background has-medium-font-size\" style=\"color:#686969\"><code><code>            <div class=\"qae-faqs-container qae-faqs-toggle-container\">\n\t\t\t\t\t\t<div id=\"qaef-1241\" class=\"qe-faq-toggle \">\n\t\t\t<div class=\"qe-toggle-title\">\n\t\t\t\t<h4>\n\t\t\t\t\t<i class=\"fa fa-minus-circle\"><\/i> \u0160to je SmartGifty?\t\t\t\t<\/h4>\n\t\t\t<\/div>\n\t\t\t<div class=\"qe-toggle-content\">\n\t\t\t\t\n<p>SmartGifty je digitalizirano rje\u0161enje za upravljanje poklon karticama, koje se koriste u vi\u0161e trgova\u010dkih centara diljem Europe i pogodan je za razne tvrtke na vi\u0161e lokacija. To je platforma koja se temelji na webu i koja poma\u017ee u upravljanju (prodaji, otkupljivanju i analizi poklon kartica) svake poklon kartice poslovanja i koja se mo\u017ee jednostavno nadograditi za razli\u010dite programe vjernosti. Sve \u0161to trebate je pristup internetu, korisni\u010dko ime i lozinku. Mo\u017ee se pokrenuti potpuno neovisno ili biti integrirana s va\u0161im postoje\u0107im softverom (putem API veza).<\/p>\n\t\t\t<\/div>\n\t\t<\/div>\n\t\t\t\t<div id=\"qaef-1243\" class=\"qe-faq-toggle \">\n\t\t\t<div class=\"qe-toggle-title\">\n\t\t\t\t<h4>\n\t\t\t\t\t<i class=\"fa fa-minus-circle\"><\/i> Koje su klju\u010dne prednosti platforme SmartGifty?\t\t\t\t<\/h4>\n\t\t\t<\/div>\n\t\t\t<div class=\"qe-toggle-content\">\n\t\t\t\t\n<p>To je platforma temeljena na webu koja nudi pristup na vi\u0161e razina, pru\u017ea uvid 24\/7 u stvarnom vremenu u sve transakcije poklon kartice, stvara pozitivan odnos izme\u0111u va\u0161eg brenda i va\u0161ih kupaca, pove\u0107ava stopu povrata posjetitelja, generira nove kupce i dodatni prihod. Rje\u0161enje vam tako\u0111er pru\u017ea razne statistike koje \u0107e vam pomo\u0107i u planiranju u\u010dinkovitih marketin\u0161kih aktivnosti u budu\u0107nosti.<\/p>\n\t\t\t<\/div>\n\t\t<\/div>\n\t\t\t\t<div id=\"qaef-1244\" class=\"qe-faq-toggle \">\n\t\t\t<div class=\"qe-toggle-title\">\n\t\t\t\t<h4>\n\t\t\t\t\t<i class=\"fa fa-minus-circle\"><\/i> Za koga je SmartGifty?\t\t\t\t<\/h4>\n\t\t\t<\/div>\n\t\t\t<div class=\"qe-toggle-content\">\n\t\t\t\t\n<p>U po\u010detku je rje\u0161enje bilo dizajnirano za trgova\u010dke centre kako bi integrirali vi\u0161e trgova\u010dkih centara pod jednim brendom. S istom logikom, prilagodili smo ga za vi\u0161elokacijske tvrtke kao \u0161to su trgovine, kafi\u0107i i restorani. Pogodan je za male, srednje i velike tvrtke &#8211; za optimizaciju i pove\u0107anje poslovanja s poklon karticama ili implementaciju novog proizvoda s raznim pogodnostima za sve uklju\u010dene.<\/p>\n\t\t\t<\/div>\n\t\t<\/div>\n\t\t\t\t<div id=\"qaef-1247\" class=\"qe-faq-toggle \">\n\t\t\t<div class=\"qe-toggle-title\">\n\t\t\t\t<h4>\n\t\t\t\t\t<i class=\"fa fa-minus-circle\"><\/i> Koliko je siguran SmartGifty?\t\t\t\t<\/h4>\n\t\t\t<\/div>\n\t\t\t<div class=\"qe-toggle-content\">\n\t\t\t\t\n<p>SmartGifty je vrlo siguran. Koristimo Amazon servise za pohranu i sigurnosnu kopiju podataka, a poklon kartice su opremljene jedinstvenom trakom za poklon karticu, QR kodom ili RFID \u010dipom. Sve opcije imaju i PIN brojeve radi sigurnosti kupaca.<\/p>\n\t\t\t<\/div>\n\t\t<\/div>\n\t\t\t\t<div id=\"qaef-1248\" class=\"qe-faq-toggle \">\n\t\t\t<div class=\"qe-toggle-title\">\n\t\t\t\t<h4>\n\t\t\t\t\t<i class=\"fa fa-minus-circle\"><\/i> Kako funkcionira SmartGifty?\t\t\t\t<\/h4>\n\t\t\t<\/div>\n\t\t\t<div class=\"qe-toggle-content\">\n\t\t\t\t\n<p>SmartGifty je platforma na webu. To zna\u010di da radi na svim ra\u010dunalima koji imaju pristup internetu. Izdavanje i prodaja poklon kartica je brza i jednostavna. Isplata u trgovinama, kafi\u0107ima ili restoranima jednostavna je uz \u010dita\u010de bar kodova ili ru\u010dne terminale.<\/p>\n\t\t\t<\/div>\n\t\t<\/div>\n\t\t\t\t<div id=\"qaef-1251\" class=\"qe-faq-toggle \">\n\t\t\t<div class=\"qe-toggle-title\">\n\t\t\t\t<h4>\n\t\t\t\t\t<i class=\"fa fa-minus-circle\"><\/i> Koliko je vremena potrebno za implementaciju SmartGifty?\t\t\t\t<\/h4>\n\t\t\t<\/div>\n\t\t\t<div class=\"qe-toggle-content\">\n\t\t\t\t\n<p>SmartGifty je potpuno razvijen i spreman da ga po\u010dnete koristiti \u010dim prije. Implementacija ovisi ponajvi\u0161e o tome koliko brzo mo\u017eete dati potrebne informacije i kre\u0107e se od 2 tjedna do oko 2 mjeseca (ve\u0107i trgova\u010dki centri s velikim brojem zakupaca).<\/p>\n\t\t\t<\/div>\n\t\t<\/div>\n\t\t\t\t<div id=\"qaef-1252\" class=\"qe-faq-toggle \">\n\t\t\t<div class=\"qe-toggle-title\">\n\t\t\t\t<h4>\n\t\t\t\t\t<i class=\"fa fa-minus-circle\"><\/i> Koliko ko\u0161ta SmartGifty?\t\t\t\t<\/h4>\n\t\t\t<\/div>\n\t\t\t<div class=\"qe-toggle-content\">\n\t\t\t\t\n<p>Cijene platforme SmartGifty ovise o veli\u010dini va\u0161eg poslovanja gdje dodatne lokacije mogu donijeti optimizaciju tro\u0161kova. Redovni poslovni model sastoji se od tro\u0161kova postavljanja platforme (jednokratno) i mjese\u010dnih tro\u0161kova licenci za kori\u0161tenje platforme. U ovom modelu cijena ne ovisi o broju prodanih kartica niti o vrijednosti izvr\u0161enih transakcija. Ali imamo razne mogu\u0107nosti i modele suradnje i nastojimo se prilagoditi svakom klijentu (npr. klijent mo\u017ee izabrati da nema po\u010detni tro\u0161ak postavljanja ve\u0107 da radije dijeli dobit od prodaje). Obratite nam se kako bismo prona\u0161li najbolju opciju za vas.<\/p>\n\t\t\t<\/div>\n\t\t<\/div>\n\t\t\t\t<div id=\"qaef-1255\" class=\"qe-faq-toggle \">\n\t\t\t<div class=\"qe-toggle-title\">\n\t\t\t\t<h4>\n\t\t\t\t\t<i class=\"fa fa-minus-circle\"><\/i> \u0160to je druga\u010dije kod platforme SmartGifty?\t\t\t\t<\/h4>\n\t\t\t<\/div>\n\t\t\t<div class=\"qe-toggle-content\">\n\t\t\t\t\n<p>SmartGIfty je jednostavna i brza za implementaciju, nudi izvrsno korisni\u010dko iskustvo i isplativa je. Vi ste izdavatelj svoje poklon kartice i odre\u0111ujete pravila o kori\u0161tenju poklon kartica (valjanost, minimalna i maksimalna vrijednost, mogu\u0107nost produljenja, dizajn, \u2026).<\/p>\n\n\n\n<p>Sva pla\u0107anja ispla\u0107uju se izravno vama, a sva sredstva iz va\u0161eg poslovanja s poklon karticama nalaze se na va\u0161em bankovnom ra\u010dunu. Ne vr\u0161imo usluge putem vanjskih suradnika, nudimo potpuni sustav podr\u0161ke s internim programerima i marketin\u0161kim odjelom (desetlje\u0107e iskustva u IT i identifikacijskim tehnologijama).<\/p>\n\n\n\n<p>Ve\u0107 nekoliko godina radimo s trgovinama i trgova\u010dkim centrima te imamo uvid i znanje o maloprodajnoj industriji. Smatramo se va\u0161im partnerima i cilj nam je pomo\u0107i vam da rastete.<\/p>\n\t\t\t<\/div>\n\t\t<\/div>\n\t\t\t\t<div id=\"qaef-1256\" class=\"qe-faq-toggle \">\n\t\t\t<div class=\"qe-toggle-title\">\n\t\t\t\t<h4>\n\t\t\t\t\t<i class=\"fa fa-minus-circle\"><\/i> Za\u0161to ponuditi poklon kartice svojim klijentima?\t\t\t\t<\/h4>\n\t\t\t<\/div>\n\t\t\t<div class=\"qe-toggle-content\">\n\t\t\t\t\n<p>Implementacija novog proizvoda mo\u017ee biti te\u0161ka i stresna. Ali ponuditi svojim klijentima proizvod poput poklon kartica mo\u017ee podi\u0107i svijest o robnoj marki, pove\u0107ati zadovoljstvo potro\u0161a\u010da nude\u0107i im moderan i fleksibilan na\u010din poklanjanja i jo\u0161 mnogo toga. Poklon kartice su tako\u0111er izvrstan na\u010din da pove\u0107ate svoj godi\u0161nji marketin\u0161ki prora\u010dun ili da stvorite u\u0161tede za tvrtku.<\/p>\n\t\t\t<\/div>\n\t\t<\/div>\n\t\t\t\t<div id=\"qaef-1262\" class=\"qe-faq-toggle \">\n\t\t\t<div class=\"qe-toggle-title\">\n\t\t\t\t<h4>\n\t\t\t\t\t<i class=\"fa fa-minus-circle\"><\/i> Mogu li se postoje\u0107i poklon bonovi integrirati u SmartGifty?\t\t\t\t<\/h4>\n\t\t\t<\/div>\n\t\t\t<div class=\"qe-toggle-content\">\n\t\t\t\t\n<p>Da, ako su identifikacijski kodovi va\u0161ih poklon bonova digitalizirani (popis u excelu na primjer), mogu se uvesti u SmartGifty. Tako\u0111er mo\u017eete ponuditi zamjenu poklon bonova za poklon kartice. Prijelaz s bonova bez SW sustava na SmartGifty rje\u0161enje je glatko i lako. SmartGifty je prikladan za tvrtke koje ve\u0107 imaju poklon bonove i tvrtke koje ne nude poklon bonove. Potpuno je neovisan i mo\u017ee se koristiti u oba slu\u010daja.<\/p>\n\t\t\t<\/div>\n\t\t<\/div>\n\t\t\t\t<div id=\"qaef-1202\" class=\"qe-faq-toggle \">\n\t\t\t<div class=\"qe-toggle-title\">\n\t\t\t\t<h4>\n\t\t\t\t\t<i class=\"fa fa-minus-circle\"><\/i> Programi vjernosti sa platformom SmartGifty?\t\t\t\t<\/h4>\n\t\t\t<\/div>\n\t\t\t<div class=\"qe-toggle-content\">\n\t\t\t\t\n<p>SmartGifty se lako mo\u017ee nadograditi kako bi ponudio razne programe vjernosti. Modul vjernosti (dodatak) za prilago\u0111ene programe povrata novca mo\u017ee se dodati na jednu ili vi\u0161e lokacija, ovisno o va\u0161im potrebama i zahtjevima.<\/p>\n\t\t\t<\/div>\n\t\t<\/div>\n\t\t\t\t<div id=\"qaef-1264\" class=\"qe-faq-toggle \">\n\t\t\t<div class=\"qe-toggle-title\">\n\t\t\t\t<h4>\n\t\t\t\t\t<i class=\"fa fa-minus-circle\"><\/i> Ispis i dostava kartica?\t\t\t\t<\/h4>\n\t\t\t<\/div>\n\t\t\t<div class=\"qe-toggle-content\">\n\t\t\t\t\n<p>Nudimo kompletnu uslugu, uklju\u010duju\u0107i ispis i dostavu poklon kartica\/kartica vjernosti. Radimo s provjerenim partnerima vrijednim povjerenja diljem Europe koji nude razli\u010dite opcije poklon kartica od plasti\u010dnih do papirnatih i drvenih kartica. Ova usluga je dostupna, ali nije obvezna. Ako odlu\u010dite, kartice mo\u017eete ispisati zasebno sa svojim dobavlja\u010dima.<\/p>\n\t\t\t<\/div>\n\t\t<\/div>\n\t\t\t\t<div id=\"qaef-1266\" class=\"qe-faq-toggle \">\n\t\t\t<div class=\"qe-toggle-title\">\n\t\t\t\t<h4>\n\t\t\t\t\t<i class=\"fa fa-minus-circle\"><\/i> Online prodaja poklon kartica?\t\t\t\t<\/h4>\n\t\t\t<\/div>\n\t\t\t<div class=\"qe-toggle-content\">\n\t\t\t\t\n<p>SmartGifty djeluje neovisno o va\u0161oj web stranici ili web trgovini, ali se mo\u017ee jednostavno integrirati. Nudimo i programiranje web stranice\/web trgovine s kompletnim online sustavom pla\u0107anja (obi\u010dno radimo sa Stripeom). Za klijente koji nemaju vlastitu web trgovinu ili za one kojima je potrebno brzo, kratkoro\u010dno rje\u0161enje, nudimo jednostavnu, mobilnu i u\u010dinkovitu web trgovinu za va\u0161e poklon kartice. Ovdje pogledajte primjer. Prodaja poklon kartica putem interneta nije obvezna, ali se preporu\u010duje zbog rastu\u0107ih trendova internetske kupovine na nekoliko ure\u0111aja.<\/p>\n\t\t\t<\/div>\n\t\t<\/div>\n\t\t\t\t<div id=\"qaef-1269\" class=\"qe-faq-toggle \">\n\t\t\t<div class=\"qe-toggle-title\">\n\t\t\t\t<h4>\n\t\t\t\t\t<i class=\"fa fa-minus-circle\"><\/i> Nema info pulta u trgova\u010dkom centru?\t\t\t\t<\/h4>\n\t\t\t<\/div>\n\t\t\t<div class=\"qe-toggle-content\">\n\t\t\t\t\n<p>Info pult (stol za informisanje) izvrstan je na\u010din za promociju i prodaju va\u0161ih poklon kartica. Tako\u0111er je mjesto informacija i pomo\u0107i za stranke i posjetitelje. Kupcima nudi osobno iskustvo i nudi im mogu\u0107nost razgovora o proizvodu &#8211; poklon kartici. Ipak, u slu\u010daju da nemate info pult, nudimo stroj za poklon kartice (kiosk) za offline prodaju poklon kartica. Mo\u017ee se brendirati i vrlo je jednostavan za kori\u0161tenje. Za vi\u0161e informacija i fotografija slobodno nas kontaktirajte.<\/p>\n\t\t\t<\/div>\n\t\t<\/div>\n\t\t            <\/div>\n\t\t<\/code><\/code><\/p>\n","protected":false},"excerpt":{"rendered":"<p>\u010cesto postavljena pitanja<\/p>\n","protected":false},"author":3,"featured_media":0,"parent":0,"menu_order":0,"comment_status":"closed","ping_status":"closed","template":"page-privacy.php","meta":{"inline_featured_image":false,"footnotes":""},"class_list":["post-1099","page","type-page","status-publish","hentry"],"aioseo_notices":[],"_links":{"self":[{"href":"https:\/\/smartgifty.com\/hr\/wp-json\/wp\/v2\/pages\/1099\/"}],"collection":[{"href":"https:\/\/smartgifty.com\/hr\/wp-json\/wp\/v2\/pages\/"}],"about":[{"href":"https:\/\/smartgifty.com\/hr\/wp-json\/wp\/v2\/types\/page\/"}],"author":[{"embeddable":true,"href":"https:\/\/smartgifty.com\/hr\/wp-json\/wp\/v2\/users\/3\/"}],"replies":[{"embeddable":true,"href":"https:\/\/smartgifty.com\/hr\/wp-json\/wp\/v2\/comments\/?post=1099"}],"version-history":[{"count":7,"href":"https:\/\/smartgifty.com\/hr\/wp-json\/wp\/v2\/pages\/1099\/revisions\/"}],"predecessor-version":[{"id":3999,"href":"https:\/\/smartgifty.com\/hr\/wp-json\/wp\/v2\/pages\/1099\/revisions\/3999\/"}],"wp:attachment":[{"href":"https:\/\/smartgifty.com\/hr\/wp-json\/wp\/v2\/media\/?parent=1099"}],"curies":[{"name":"wp","href":"https:\/\/api.w.org\/{rel}","templated":true}]}}