{"id":887,"date":"2021-08-31T08:49:30","date_gmt":"2021-08-31T07:49:30","guid":{"rendered":"https:\/\/smartgifty.com\/?page_id=887"},"modified":"2024-01-19T22:34:55","modified_gmt":"2024-01-19T21:34:55","slug":"studije-slucaja","status":"publish","type":"page","link":"https:\/\/smartgifty.com\/hr\/studije-slucaja\/","title":{"rendered":"Studije slu\u010daja"},"content":{"rendered":"\n<h1 class=\"wp-block-heading\">Studije slu\u010daja<\/h1>\n\n\n\n<h2 class=\"wp-block-heading\"><span style=\"background-color:rgba(0, 0, 0, 0);color:#4214cf\" class=\"has-inline-color\">Mass<\/span><\/h2>\n\n\n\n<p><\/p>\n\n\n\n<p><\/p>\n\n\n\n<div class=\"wp-block-columns is-layout-flex wp-container-core-columns-is-layout-9d6595d7 wp-block-columns-is-layout-flex\">\n<div class=\"wp-block-column is-layout-flow wp-block-column-is-layout-flow\" style=\"flex-basis:100%\">\n<h4 class=\"wp-block-heading\">Pametan naru\u010ditelj<\/h4>\n\n\n\n<div style=\"height:5px\" aria-hidden=\"true\" class=\"wp-block-spacer\"><\/div>\n\n\n\n<p>Mass je trgovina obu\u0107om koja je kroz 30 godina izrasla u tvrtku s preko 400 zaposlenih. Ukupno tvrtka ima vi\u0161e od 50 trgovina u Sloveniji i Hrvatskoj, 8 vlastitih robnih marki i vi\u0161e od 8000 razli\u010ditih modela obu\u0107e. Vode se na\u010delom da je kupac obu\u0107e na prvom mjestu, \u0161to je mogu\u0107e samo uz zadovoljne zaposlenike koji predstavljaju srce poslovanja. To dovodi do me\u0111usobnog povjerenja i dugoro\u010dnih partnerskih odnosa.<\/p>\n\n\n\n<div style=\"height:20px\" aria-hidden=\"true\" class=\"wp-block-spacer\"><\/div>\n\n\n\n<h4 class=\"wp-block-heading\">Pametan razlog<\/h4>\n\n\n\n<div style=\"height:5px\" aria-hidden=\"true\" class=\"wp-block-spacer\"><\/div>\n\n\n\n<p>Mass konstantno prati trendove u kupovanju te je svoje poklon bonove \u017eelio zamijeniti modernim poklon karticama koje bi povezivale offline trgovine u Sloveniji i Hrvatskoj te online trgovine u Sloveniji (<a href=\"https:\/\/www.mass.si\/\" target=\"_blank\" rel=\"noreferrer noopener\">www.mass.si<\/a>) i Hrvatskoj (<a href=\"https:\/\/www.mass-shoes.com\/\" target=\"_blank\" rel=\"noreferrer noopener\">www.mass-shoes.com<\/a>). \u017deljeli su svojim kupcima ponuditi moderan poklon koji \u0107e zadovoljiti sve generacije i ukuse. <\/p>\n\n\n\n<div style=\"height:20px\" aria-hidden=\"true\" class=\"wp-block-spacer\"><\/div>\n\n\n\n<h4 class=\"wp-block-heading\">Pametno rje\u0161enje<\/h4>\n\n\n\n<div style=\"height:5px\" aria-hidden=\"true\" class=\"wp-block-spacer\"><\/div>\n\n\n\n<p>Sustav SmartGifty kartica implementirali su u sve svoje fizi\u010dke trgovine u Sloveniji i Hrvatskoj, a zajedno s agencijom Optiweb pobrinuli su se da se poklon kartica mo\u017ee jednostavno i brzo kupiti i iskoristiti u obje internetske trgovine. Mass je sve svoje fizi\u010dke blagajne povezao sa sustavom izdavanja (prodaje) i iskori\u0161tavanja poklon kartica SmartGifty te je poklon kartica u potpunosti implementirana u korisni\u010dko iskustvo postoje\u0107e online trgovine (Magento platforma). Online je mogu\u0107e kupiti i klasi\u010dnu PVC karticu i digitalnu karticu koju kupac dobiva u svoj e-mail pretinac. Mo\u017ee se napuniti kreditom u vrijednosti izme\u0111u 10 i 300 \u20ac, zaokru\u017eeno na desetice. Iskori\u0161tavanje Mass darovne kartice je postupno, a posjetitelji internetske trgovine mogu brzo i jednostavno provjeriti stanje kartice (online, u stvarnom vremenu), bez obzira gdje su je kupili.   <\/p>\n\n\n\n<div style=\"height:20px\" aria-hidden=\"true\" class=\"wp-block-spacer\"><\/div>\n\n\n\n<h4 class=\"wp-block-heading\">Pametan rezultat<\/h4>\n\n\n\n<div style=\"height:5px\" aria-hidden=\"true\" class=\"wp-block-spacer\"><\/div>\n\n\n\n<p>Massu smo omogu\u0107ili da svojim kupcima ponudi brzu kupnju modernog poklona uz jednostavno i postupno iskori\u0161tavanje poklon kartice u svim trgovinama. Pobrinuli smo se da sve njihove &#8220;offline&#8221; blagajne budu potpuno opremljene za izdavanje i iskori\u0161tavanje poklon kartica, a ujedno brinemo i za pravovremeni ispis i dostavu poklon bonova u Sloveniji i Hrvatskoj.<\/p>\n<\/div>\n<\/div>\n\n\n\n<div style=\"height:40px\" aria-hidden=\"true\" class=\"wp-block-spacer\"><\/div>\n\n\n\n<h2 class=\"wp-block-heading\"><span style=\"background-color:rgba(0, 0, 0, 0);color:#4214cf\" class=\"has-inline-color\">Qlandia<\/span><\/h2>\n\n\n\n<p><\/p>\n\n\n\n<p><\/p>\n\n\n\n<div class=\"wp-block-columns is-layout-flex wp-container-core-columns-is-layout-9d6595d7 wp-block-columns-is-layout-flex\">\n<div class=\"wp-block-column is-layout-flow wp-block-column-is-layout-flow\" style=\"flex-basis:100%\">\n<h4 class=\"wp-block-heading\">Pametan klijent<\/h4>\n\n\n\n<div style=\"height:5px\" aria-hidden=\"true\" class=\"wp-block-spacer\"><\/div>\n\n\n\n<p>Qlandia je trgova\u010dki lanac od 7 trgova\u010dkih centara diljem Slovenije, s dugom povije\u0161\u0107u (prvi trgova\u010dki centar otvoren je 2006.) i s vi\u0161e od 300 zakupaca koji nude sve, od mode, kozmetike, tehnologije, gastronomije i jo\u0161 mnogo toga.<\/p>\n\n\n\n<div style=\"height:20px\" aria-hidden=\"true\" class=\"wp-block-spacer\"><\/div>\n\n\n\n<h4 class=\"wp-block-heading\">Pametan razlog<\/h4>\n\n\n\n<div style=\"height:5px\" aria-hidden=\"true\" class=\"wp-block-spacer\"><\/div>\n\n\n\n<p>Qlandia je svojim posjetiteljima od 2014. godine nudila papirnate poklon bonove te je \u017eeljela nadograditi proizvod u skladu s modernim mogu\u0107nostima kupovine i darivanja. Qlandia je svojim posjetiteljima htjela ponuditi proizvod s dodanom vrijedno\u0161\u0107u, poput prakti\u010dnosti i personalizacije, a pritom optimizirati upravljanje poklon bonovima.<\/p>\n\n\n\n<div style=\"height:20px\" aria-hidden=\"true\" class=\"wp-block-spacer\"><\/div>\n\n\n\n<h4 class=\"wp-block-heading\">Pametno rje\u0161enje<\/h4>\n\n\n\n<div style=\"height:5px\" aria-hidden=\"true\" class=\"wp-block-spacer\"><\/div>\n\n\n\n<p>Zajedno s klijentom razvili smo prilago\u0111eno online rje\u0161enje za upravljanje Qlandia poklon karticom. Qlandia je online platformom uspjela optimizirati ru\u010dne, administrativne poslove vezane uz prodaju, popis i otkup poklon bonova, a svojim posjetiteljima ponuditi vi\u0161e slobode u darivanju (online kupnja, personalizacija kartice, 24\/7 online provjera stanja itd.). Uspostavljena je nova online trgovina za prodaju Qlandia poklon kartica pravnim i fizi\u010dkim osobama, \u0161to je dovelo do pove\u0107anja svijesti o robnoj marki i proizvodu. Qlandia poklon kartica imala je neograni\u010deno trajanje, bila je dostupna u<br>nekoliko razli\u010ditih tematskih verzija, s vrijedno\u0161\u0107u kredita do 300 \u20ac.<\/p>\n\n\n\n<div style=\"height:20px\" aria-hidden=\"true\" class=\"wp-block-spacer\"><\/div>\n\n\n\n<h4 class=\"wp-block-heading\">Pametan rezultat<\/h4>\n\n\n\n<div style=\"height:5px\" aria-hidden=\"true\" class=\"wp-block-spacer\"><\/div>\n\n\n\n<p>SmartGifty je pomogao Qlandiji da svojim kupcima ponudi moderan, iznimno dobro prihva\u0107en proizvod, istovremeno optimiziraju\u0107i svoj sustav upravljanja proizvodima i s pregledom u stvarnom vremenu, 24\/7.<\/p>\n\n\n\n<p><\/p>\n<\/div>\n<\/div>\n\n\n\n<div style=\"height:40px\" aria-hidden=\"true\" class=\"wp-block-spacer\"><\/div>\n\n\n\n<h2 class=\"wp-block-heading\"><span style=\"background-color:rgba(0, 0, 0, 0);color:#4214cf\" class=\"has-inline-color\">Supernova<\/span><\/h2>\n\n\n\n<p><\/p>\n\n\n\n<p><\/p>\n\n\n\n<div class=\"wp-block-columns is-layout-flex wp-container-core-columns-is-layout-9d6595d7 wp-block-columns-is-layout-flex\">\n<div class=\"wp-block-column is-layout-flow wp-block-column-is-layout-flow\" style=\"flex-basis:100%\">\n<h4 class=\"wp-block-heading\">Pametan klijent<\/h4>\n\n\n\n<div style=\"height:5px\" aria-hidden=\"true\" class=\"wp-block-spacer\"><\/div>\n\n\n\n<p>Supernova je zna\u010dajno pove\u0107ala broj lokacija u 2019.\/2020. godini te je sada multinacionalni trgova\u010dki lanac prisutan u Austriji, Sloveniji, Hrvatskoj i Rumunjskoj. Jedan je od vode\u0107ih trgova\u010dkih lanaca u Europi koji spaja trgova\u010dke i maloprodajne centre. Supernova je po\u010detkom 2020. postala i vlasnik trgova\u010dkih centara Qlandia te je naran\u010dastu boju brenda Qlandia zamijenila crvenom bojom.<\/p>\n\n\n\n<div style=\"height:20px\" aria-hidden=\"true\" class=\"wp-block-spacer\"><\/div>\n\n\n\n<h4 class=\"wp-block-heading\">Pametan razlog<\/h4>\n\n\n\n<div style=\"height:5px\" aria-hidden=\"true\" class=\"wp-block-spacer\"><\/div>\n\n\n\n<p>U pro\u0161losti je Supernova imala karti\u010dni sustav s poklon karticama (kontaktni \u010dip), koji je bio skup, te\u017eak za upravljanje i kompliciran za kori\u0161tenje. Supernovi smo 2016. godine ponudili SmartGifty rje\u0161enje koje i danas koristi. Prilikom preuzimanja prodajnih centara Qlandia (2019.\/2020.) klijent je \u017eelio spojiti Qlandia poklon karticu i Supernova poklon karticu te posjetiteljima ponuditi najbolje od svakog proizvoda. Svojim su posjetiteljima \u017eeljeli ponuditi nadogradnju u pogledu mogu\u0107nosti unov\u010davanja i kvalitete proizvoda. Supernova koristi SmartGifty u vi\u0161e od 25 trgova\u010dkih centara u Sloveniji i Hrvatskoj, a kontinuirano se dodaju i nove lokacije.<\/p>\n\n\n\n<div style=\"height:20px\" aria-hidden=\"true\" class=\"wp-block-spacer\"><\/div>\n\n\n\n<h4 class=\"wp-block-heading\">Pametno rje\u0161enje<\/h4>\n\n\n\n<div style=\"height:5px\" aria-hidden=\"true\" class=\"wp-block-spacer\"><\/div>\n\n\n\n<p>Spajanje dva karti\u010dna poklon sustava (Qlandia i Supernova) i objava nove, jednostavne za kori\u0161tenje internetske trgovine za pravne i fizi\u010dke osobe. Uz pametno udru\u017eivanje, dizajnirali smo prilago\u0111eno rje\u0161enje za upravljanje poklon karticama za klijenta u vi\u0161e zemalja. Sveobuhvatnim pregledom 24\/7 u realnom vremenu klijentu smo omogu\u0107ili pregled proizvoda u ve\u0107im trgova\u010dkim centrima i trgovinama te mu tako omogu\u0107ili planiranje marketin\u0161kih aktivnosti i optimizaciju administracije (papirologije). Proizvod (Supernova poklon kartica) se razlikuje po odre\u0111enim zna\u010dajkama u Sloveniji i Hrvatskoj (zbog valute, propisa i potreba tr\u017ei\u0161ta), ali se njime upravlja na jednoj online platformi, omogu\u0107uju\u0107i pretplatniku vi\u0161e pristupa s razli\u010ditim pravima i pregledima.<\/p>\n\n\n\n<div style=\"height:20px\" aria-hidden=\"true\" class=\"wp-block-spacer\"><\/div>\n\n\n\n<h4 class=\"wp-block-heading\">Pametan rezultat<\/h4>\n\n\n\n<div style=\"height:5px\" aria-hidden=\"true\" class=\"wp-block-spacer\"><\/div>\n\n\n\n<p>Detaljan pregled prodaje i iskori\u0161tenja poklon kartica Supernova za svako tr\u017ei\u0161te u razli\u010ditim valutama, pra\u0107enje inventara i jednostavno upravljanje transakcijama zakupaca. Mogu\u0107nost online zamjene Qlandia \u0161pklon kartice za Supernova poklon karticu te ponuda e-poklon kartica u pdf formatu dodatno su pove\u0107ali popularnost i prodaju Supernova poklon kartica.<\/p>\n<\/div>\n<\/div>\n\n\n\n<div style=\"height:40px\" aria-hidden=\"true\" class=\"wp-block-spacer\"><\/div>\n\n\n\n<h2 class=\"wp-block-heading\" id=\"block-489630b6-a51f-4c46-b302-0198d6639244\"><span style=\"background-color:rgba(0, 0, 0, 0);color:#4214cf\" class=\"has-inline-color\">Cubo<\/span><\/h2>\n\n\n\n<h4 class=\"wp-block-heading\" id=\"block-708cbcc9-f0f0-4729-a686-b2c2a68807fa\"><strong>Pametan kupac<\/strong><\/h4>\n\n\n\n<div style=\"height:5px\" aria-hidden=\"true\" class=\"wp-block-spacer\"><\/div>\n\n\n\n<p id=\"block-552fe660-aeaf-4281-97de-8222c7c60643\">Presti\u017eno, moderno golf igrali\u0161te u Sloveniji &#8211; zvijezda me\u0111u europskim prvacima u golfu. Ovaj prekrasan teren s pogledom na Alpe poznat je po uravnote\u017eenoj kombinaciji dinami\u010dnih prijelaza, pje\u0161\u010danih bunkera i ogromnih zelenih parkova.<\/p>\n\n\n\n<div style=\"height:20px\" aria-hidden=\"true\" class=\"wp-block-spacer\"><\/div>\n\n\n\n<h4 class=\"wp-block-heading\" id=\"block-75f1d837-3e43-4904-8805-64a9a35ac4ae\">Pametan razlog<\/h4>\n\n\n\n<div style=\"height:5px\" aria-hidden=\"true\" class=\"wp-block-spacer\"><\/div>\n\n\n\n<p id=\"block-dc7167a7-8b73-45a1-a2a7-9d483056f8c6\">Moderan, digitalni na\u010din pra\u0107enja i podr\u0161ke igra\u010dima golfa te im pru\u017eiti jednostavan i razumljiv na\u010din da se identificiraju i plate usluge &#8211; sve s jednim proizvodom.<\/p>\n\n\n\n<div style=\"height:20px\" aria-hidden=\"true\" class=\"wp-block-spacer\"><\/div>\n\n\n\n<h4 class=\"wp-block-heading\" id=\"block-c29a3fb3-fce4-42eb-a8bd-71531e341595\">Pametno rje\u0161enje<\/h4>\n\n\n\n<div style=\"height:5px\" aria-hidden=\"true\" class=\"wp-block-spacer\"><\/div>\n\n\n\n<p>\u010clanska izkaznica, ki zdru\u017euje identifikacijski dokument z na\u010dinom pla\u010devanja \u017eetonov\/\u017eogic in drugih storitev (hrana, pija\u010da) v klubu. Nov produkt, ki ga naro\u010dnik upravlja s SmartGifty platformo, je predpla\u010dni\u0161ka, priro\u010dna kartica za igralce, ki lahko postopoma unov\u010dujejo dobroimetje za vse povezane storitve na igri\u0161\u010du. \u010clanska iskaznica, koja objedinjuje identifikacijski dokument s na\u010dinom pla\u0107anja \u017eetona\/loptica i ostalih usluga (hrana, pi\u0107e) u klubu. Novi proizvod, kojim klijent upravlja putem platforme SmartGifty, je pla\u0107ena unaprijed, prakti\u010dna kartica za igra\u010de koji mogu postupno iskori\u0161tavati \u200b\u200bkredite za sve povezane usluge na terenu.<\/p>\n\n\n\n<div style=\"height:20px\" aria-hidden=\"true\" class=\"wp-block-spacer\"><\/div>\n\n\n\n<h4 class=\"wp-block-heading\" id=\"block-4bc43031-ba85-432a-9ff3-788939563e15\">Pametan rezultat<\/h4>\n\n\n\n<div style=\"height:5px\" aria-hidden=\"true\" class=\"wp-block-spacer\"><\/div>\n\n\n\n<p>\u010clanovi su brzo i pozitivno prihvatili novi proizvod. Njihova im kartica pru\u017ea razli\u010dite mogu\u0107nosti, od mjese\u010dnih do godi\u0161njih pla\u0107anja\/\u010dlanstava s razli\u010ditim pogodnostima za svaki paket. Veli\u010dina kartice je ista kao i bankovna kartica, tako da je \u010dlanovi uvijek mogu dr\u017eati blizu (u nov\u010daniku, d\u017eepu).<\/p>\n\n\n\n<div style=\"height:70px\" aria-hidden=\"true\" class=\"wp-block-spacer\"><\/div>\n","protected":false},"excerpt":{"rendered":"<p>Studije slu\u010daja Mass Pametan naru\u010ditelj Mass je trgovina obu\u0107om koja je kroz 30 godina izrasla u tvrtku s preko 400 zaposlenih. Ukupno tvrtka ima vi\u0161e od 50 trgovina u Sloveniji i Hrvatskoj, 8 vlastitih robnih marki i vi\u0161e od 8000 razli\u010ditih modela obu\u0107e. Vode se na\u010delom da je kupac obu\u0107e na prvom mjestu, \u0161to je &hellip;<\/p>\n<p class=\"read-more\"> <a class=\"\" href=\"https:\/\/smartgifty.com\/hr\/studije-slucaja\/\"> <span class=\"screen-reader-text\">Studije slu\u010daja<\/span> Read More &raquo;<\/a><\/p>\n","protected":false},"author":3,"featured_media":889,"parent":0,"menu_order":0,"comment_status":"closed","ping_status":"closed","template":"page-privacy.php","meta":{"inline_featured_image":false,"footnotes":""},"class_list":["post-887","page","type-page","status-publish","has-post-thumbnail","hentry"],"aioseo_notices":[],"_links":{"self":[{"href":"https:\/\/smartgifty.com\/hr\/wp-json\/wp\/v2\/pages\/887\/"}],"collection":[{"href":"https:\/\/smartgifty.com\/hr\/wp-json\/wp\/v2\/pages\/"}],"about":[{"href":"https:\/\/smartgifty.com\/hr\/wp-json\/wp\/v2\/types\/page\/"}],"author":[{"embeddable":true,"href":"https:\/\/smartgifty.com\/hr\/wp-json\/wp\/v2\/users\/3\/"}],"replies":[{"embeddable":true,"href":"https:\/\/smartgifty.com\/hr\/wp-json\/wp\/v2\/comments\/?post=887"}],"version-history":[{"count":14,"href":"https:\/\/smartgifty.com\/hr\/wp-json\/wp\/v2\/pages\/887\/revisions\/"}],"predecessor-version":[{"id":4001,"href":"https:\/\/smartgifty.com\/hr\/wp-json\/wp\/v2\/pages\/887\/revisions\/4001\/"}],"wp:featuredmedia":[{"embeddable":true,"href":"https:\/\/smartgifty.com\/hr\/wp-json\/wp\/v2\/media\/889\/"}],"wp:attachment":[{"href":"https:\/\/smartgifty.com\/hr\/wp-json\/wp\/v2\/media\/?parent=887"}],"curies":[{"name":"wp","href":"https:\/\/api.w.org\/{rel}","templated":true}]}}