{"id":890,"date":"2021-08-31T08:50:18","date_gmt":"2021-08-31T07:50:18","guid":{"rendered":"https:\/\/smartgifty.com\/?page_id=890"},"modified":"2024-01-19T22:31:52","modified_gmt":"2024-01-19T21:31:52","slug":"odredbe-i-uvjeti","status":"publish","type":"page","link":"https:\/\/smartgifty.com\/hr\/odredbe-i-uvjeti\/","title":{"rendered":"Odredbe i uvjeti"},"content":{"rendered":"\n<h1 class=\"wp-block-heading\">Uvjeti i odredbe<\/h1>\n\n\n\n<p>Brand SmartGifty<br>ou vlasni\u0161tvu tvrtke Smart Octopus Solutions Ltd.<br>71-75 Shelton Street<br>London, Greater London<br>United Kingdom, WC2H 9J<br>Stegne 23, 1000 Ljubljana, Slovenia<br>Smart Octopus Solutions Ltd. (u daljnjem tekstu SOS) vlasnik je web stranice www.smartgifty.com<\/p>\n\n\n\n<p><strong>II. Prihva\u0107anje<\/strong><\/p>\n\n\n\n<p>Posjetom ili kori\u0161tenjem www.smartgifty.com sla\u017eete se s radom web stranice (koja se odnosi na sve dijelove ove web stranice, uklju\u010duju\u0107i njezin izgled, pojedina\u010dne elemente dizajna i elemente koda, kao i na bilo koji tekst, zvukove, grafike, animirane elemente ili bilo koji drugi sadr\u017eaj).<\/p>\n\n\n\n<p><strong>III. Prihvatljiva upotreba<\/strong><\/p>\n\n\n\n<p>Ovu web stranicu mo\u017eete koristiti samo u svrhe za koje je stvorena i za koje je nudimo, i ni u koju drugu svrhu. Koristite ovu web stranicu na odgovoran na\u010din, uzimaju\u0107i u obzir u\u010dinke koje va\u0161a upotreba ove web stranice mo\u017ee imati na druge korisnike ove web stranice i SOS -a. Primjeri prihvatljive uporabe uklju\u010duju pregledavanje razli\u010ditih stranica i kontaktiranje vlasnika web stranice. Primjeri neprimjerene uporabe uklju\u010duju instaliranje zlonamjernog softvera, virusa ili kori\u0161tenje web stranice za poku\u0161aj \u0161irenja ne\u017eeljene po\u0161te ili drugog nepotrebnog sadr\u017eaja.<\/p>\n\n\n\n<p><strong>IV. Prava korisnika i prava intelektualnog vlasni\u0161tva<\/strong><\/p>\n\n\n\n<p>Sva prava i sadr\u017eaj na ovoj web stranici (tekst, fotografije, grafike, zvu\u010dne datoteke, animacije, video zapisi i njihovi derivati \u200b\u200bna web stranici SmartGifty) podlije\u017eu za\u0161titi autorskih prava i drugog intelektualnog vlasni\u0161tva i ne smiju se reproducirati ili koristiti bez prethodno pisanog dopu\u0161tenja vlasnika (SOS).<br>Omogu\u0107en vam je pristup samo za osobnu i nekomercijalnu uporabu. Osim u ove dopu\u0161tene svrhe, te u svrhe koje podlije\u017eu uvjetima propisanim zakonima koji se primjenjuju u va\u0161oj zemlji, ne smijete, u bilo kojem obliku ili na bilo koji na\u010din:<br>\u2022 prilagoditi, reproducirati, pohranjivati, distribuirati, prenositi, ispisivati, prikazivati, izvoditi, objavljivati \u200b\u200bili stvarati izvedena djela s bilo kojeg dijela ove web stranice; ili<br>\u2022 komercijalizirati sve informacije, proizvode ili usluge dobivene s bilo kojeg dijela ove web stranice, bez na\u0161eg pisanog dopu\u0161tenja.<\/p>\n\n\n\n<p><strong>V. Odricanje<\/strong><\/p>\n\n\n\n<p>SOS makes every effort to ensure the information published on the SmartGifty website is updated as soon as is practicable. However, SOS is not responsible for ensuring that the provision of content SOS \u010dini sve da osigura da se informacije objavljene na web stranici SmartGifty a\u017euriraju \u0161to je prije mogu\u0107e. Me\u0111utim, SOS nije odgovoran za osiguravanje sadr\u017eaja na ovoj web stranici bez gre\u0161aka i virusa, niti da \u0107e svi navedeni podaci biti a\u017eurni ili uvijek to\u010dni. Ne preuzimamo odgovornost za bilo kakve pogre\u0161ke ili neto\u010dan sadr\u017eaj prikazan na ovoj web stranici, bez obzira na prirodu tih podataka.<\/p>\n\n\n\n<p><strong>VI. Odgovornost<\/strong><\/p>\n\n\n\n<p>Osim odgovornosti koje su predvi\u0111ene zakonom i koje se ne mogu isklju\u010diti, niti jedan \u010dlan SOS tvrtke ne\u0107e biti odgovoran za bilo kakve gubitke, \u0161tete, obveze, potra\u017eivanja i tro\u0161kove koji su rezultat ili u vezi s materijalom na ovoj web stranici.<\/p>\n\n\n\n<p><strong>VII. Osobni podaci za pristup i ograni\u010dena podru\u010dja<\/strong><\/p>\n\n\n\n<p>SOS zadr\u017eava pravo implementacije podru\u010dja koja korisnicima omogu\u0107uju prijavu i pristup osobnim materijalima. Kreiranjem prijave odgovorni ste za sigurnost va\u0161ih podataka za prijavu. Ne smije se pristupiti ograni\u010denim podru\u010djima bez dopu\u0161tenja ili ovla\u0161tenja. Ako je va\u0161 ra\u010dun ugro\u017een zbog toga \u0161to niste osigurali svoje podatke za prijavu, SOS nije odgovoran za gubitke koje zbog toga pretrpite.<\/p>\n\n\n\n<p><strong>VIII. Politika privatnosti i kori\u0161tenja kola\u010di\u0107a<\/strong><\/p>\n\n\n\n<p>SOS se obvezuje pa\u017eljivo \u0161tititi privatnost korisnika. Svi osobni podaci su povjerljivi i ni u kojem slu\u010daju ne\u0107e biti proslije\u0111eni neovla\u0161tenim osobama. Detalji o prikupljanju i za\u0161titi osobnih podataka dostupni su na podstranici Politika privatnosti.<br>SOS web stranica www.smartgifty.com koristi web kola\u010di\u0107e za pru\u017eanje najbolje usluge i korisni\u010dkog iskustva (pregledavanje web stranice i kupnja proizvoda). Pojedinosti o kola\u010di\u0107ima mo\u017eete prona\u0107i na podstranici Politika kola\u010di\u0107a.<\/p>\n\n\n\n<p><strong>IX. Poveznice i pretplete<\/strong><\/p>\n\n\n\n<p>Kori\u0161tenje bilo koje poveznice na ovoj web stranici je na vlastitu odgovornost. Ova web stranica mo\u017ee sadr\u017eavati poveznice na druge web stranice samo radi va\u0161ih pogodnosti i takve web stranice mo\u017eda nisu trenutno aktualne i va\u017ee\u0107e. SOS ne odobrava, preporu\u010duje ili odobrava bilo koje podatke, proizvode ili usluge navedene na takvim povezanim stranicama i ne preuzima odgovornost za sadr\u017eaj bilo koje druge web stranice na koju ova web stranica nudi poveznice.<br>Adaju\u0107i nam svoje osobne podatke, prihva\u0107ate da se oni mogu koristiti za kontaktiranje s vama.<\/p>\n\n\n\n<p><strong>X. Izmjene Uvjeta poslovanja<\/strong><\/p>\n\n\n\n<p>SOS mo\u017ee promijeniti Op\u0107e uvjete poslovanja u bilo koje vrijeme, bez prethodne najave. Oni \u0107e stupiti na snagu odmah i svako naknadno pregledavanje smatrat \u0107e se prihva\u0107anjem tih uvjeta.<\/p>\n\n\n\n<p><strong>XI. Op\u0107enito<\/strong><\/p>\n\n\n\n<p>Ovi Op\u0107i uvjeti poslovanja regulirani su zakonima u nadle\u017enosti zemlje iz koje pristupate ovoj web stranici. Ako bilo koja odredba ovih Op\u0107ih uvjeta poslovanja postane neva\u017ee\u0107a, nezakonita ili neprovediva prema va\u017ee\u0107im zakonima, to ne utje\u010de na valjanost preostalih odredbi ovih Uvjeta. SOS zadr\u017eava sva prava koja nisu izri\u010dito navedena ovim Op\u0107im uvjetima poslovanja.<\/p>\n","protected":false},"excerpt":{"rendered":"<p>Uvjeti i odredbe Brand SmartGiftyou vlasni\u0161tvu tvrtke Smart Octopus Solutions Ltd.71-75 Shelton StreetLondon, Greater LondonUnited Kingdom, WC2H 9JStegne 23, 1000 Ljubljana, SloveniaSmart Octopus Solutions Ltd. (u daljnjem tekstu SOS) vlasnik je web stranice www.smartgifty.com II. Prihva\u0107anje Posjetom ili kori\u0161tenjem www.smartgifty.com sla\u017eete se s radom web stranice (koja se odnosi na sve dijelove ove web stranice, &hellip;<\/p>\n<p class=\"read-more\"> <a class=\"\" href=\"https:\/\/smartgifty.com\/hr\/odredbe-i-uvjeti\/\"> <span class=\"screen-reader-text\">Odredbe i uvjeti<\/span> Read More &raquo;<\/a><\/p>\n","protected":false},"author":3,"featured_media":0,"parent":0,"menu_order":0,"comment_status":"closed","ping_status":"closed","template":"page-privacy.php","meta":{"inline_featured_image":false,"footnotes":""},"class_list":["post-890","page","type-page","status-publish","hentry"],"aioseo_notices":[],"_links":{"self":[{"href":"https:\/\/smartgifty.com\/hr\/wp-json\/wp\/v2\/pages\/890\/"}],"collection":[{"href":"https:\/\/smartgifty.com\/hr\/wp-json\/wp\/v2\/pages\/"}],"about":[{"href":"https:\/\/smartgifty.com\/hr\/wp-json\/wp\/v2\/types\/page\/"}],"author":[{"embeddable":true,"href":"https:\/\/smartgifty.com\/hr\/wp-json\/wp\/v2\/users\/3\/"}],"replies":[{"embeddable":true,"href":"https:\/\/smartgifty.com\/hr\/wp-json\/wp\/v2\/comments\/?post=890"}],"version-history":[{"count":4,"href":"https:\/\/smartgifty.com\/hr\/wp-json\/wp\/v2\/pages\/890\/revisions\/"}],"predecessor-version":[{"id":1561,"href":"https:\/\/smartgifty.com\/hr\/wp-json\/wp\/v2\/pages\/890\/revisions\/1561\/"}],"wp:attachment":[{"href":"https:\/\/smartgifty.com\/hr\/wp-json\/wp\/v2\/media\/?parent=890"}],"curies":[{"name":"wp","href":"https:\/\/api.w.org\/{rel}","templated":true}]}}