{"id":892,"date":"2021-08-31T08:51:06","date_gmt":"2021-08-31T07:51:06","guid":{"rendered":"https:\/\/smartgifty.com\/?page_id=892"},"modified":"2024-01-19T22:32:07","modified_gmt":"2024-01-19T21:32:07","slug":"politika-privatnosti","status":"publish","type":"page","link":"https:\/\/smartgifty.com\/hr\/politika-privatnosti\/","title":{"rendered":"Politika privatnosti"},"content":{"rendered":"\n<h1 class=\"wp-block-heading\">Politika Privatnosti<\/h1>\n\n\n\n<p><strong>I. Op\u0107e informacije<\/strong><\/p>\n\n\n\n<p>Smart Octopus Solutions Ltd. (u daljnjem tekstu: SOS) vlasnik je i operater web stranice www.smartgifty.com.<br>Vlasnik web stranice po\u0161tuje pravo korisnika na privatnost i te\u017ei najvi\u0161oj razini za\u0161tite osobnih podataka. Du\u017ean je postupati u skladu sa zakonima i propisima koji definiraju za\u0161titu osobnih podataka, osobito u skladu sa Zakonom o za\u0161titi osobnih podataka, Zakonom o elektroni\u010dkim komunikacijama i Op\u0107om uredbom EU o za\u0161titi podataka.<\/p>\n\n\n\n<p><strong>II. Za\u0161tita osobnih podataka i privatnosti<\/strong><\/p>\n\n\n\n<p>Pravila privatnosti primjenjuju se na svakoga tko se smatra korisnikom i vrijede za cijelu web stranicu, uklju\u010duju\u0107i sve podstranice. Korisnik je svaka pravna ili fizi\u010dka osoba koja koristi ili posje\u0107uje web stranicu. Kori\u0161tenjem web stranice korisnik prihva\u0107a da se sla\u017ee s ovom Politikom privatnosti. Pru\u017eatelj zadr\u017eava pravo promijeniti bilo koju odredbu ove privatnosti u bilo koje vrijeme bez prethodne najave. Nastavkom kori\u0161tenja web stranice korisnik pristaje na promjene.<\/p>\n\n\n\n<p><strong>III. Svrha prikupljanja i pohrane osobnih podataka<\/strong><\/p>\n\n\n\n<p>&#8220;Osobnim podacima prikupljenim na web mjestu upravlja vlasnik web stranice. Korisnik se sla\u017ee da SOS prikuplja i obra\u0111uje njegove\/njene osobne podatke za njegovo poslovanje i daljnju komunikaciju s korisnikom.<br>Ni pod kojim okolnostima vlasnik web stranice ne\u0107e prodavati, posu\u0111ivati \u200b\u200bili na bilo koji drugi na\u010din davati podatke o korisnicima neovla\u0161tenim tre\u0107im stranama bez pristanka korisnika. Ako je potrebno, podaci se proslje\u0111uju ugovornim partnerima koji brinu o radu i odr\u017eavanju web stranice i du\u017eni su za\u0161tititi osobne podatke pod istim uvjetima kao i vlasnik web stranice.<br>Osobni podaci korisnika pohranjeni su u bazi podataka kojom upravlja SOS u skladu s pravilima tvrtke, za vrijeme trajanja odnosa izme\u0111u korisnika i SOS -a ili dok korisnik ne zatra\u017ei brisanje njegovih podataka iz baze podataka.<br>Korisnik mo\u017ee u bilo kojem trenutku podnijeti pisani zahtjev za brisanje, pregled, prijenos ili promjenu svojih podataka iz baze podataka. Da bi podnio zahtjev za brisanje, pregled, prijenos ili promjenu svojih podataka, korisnik mora poslati elektroni\u010dku po\u0161tu na adresu: info@smartgifty.com. SOS \u0107e odgovoriti na zahtjev u roku od osam (8) radnih dana. <\/p>\n\n\n\n<p><strong>IV. Pravo korisnika na provjeru<\/strong><br><br>Korisnik ima pravo provjeriti provedbu za\u0161tite i obradu osobnih podataka u SOS -u. Korisnik mora najaviti pregled prostorija i opreme najmanje pet (5) radnih dana unaprijed. Radi za\u0161tite poslovnih tajni i drugih osjetljivih podataka davatelja, inspekcija \u0107e se provesti u prisutnosti ovla\u0161tene osobe koju imenuje SOS.<\/p>\n\n\n\n<p><strong>V. Za\u0161tita osobnih podataka<\/strong><\/p>\n\n\n\n<p>Osobni podaci bit \u0107e za\u0161ti\u0107eni u skladu sa pravnim, organizacijskim i relevantnim logi\u010dkim i tehni\u010dkim postupcima i mjerama za sprje\u010davanje nenamjernog ili namjernog neovla\u0161tenog uni\u0161tavanja, izmjene ili gubitka podataka i neovla\u0161tene obrade takvih podataka, na sljede\u0107e na\u010dine:<br>\u2022 za\u0161tita prostora, opreme i softvera sustava, uklju\u010duju\u0107i ulazno \/ izlazne jedinice;<br>\u2022 osiguravanje softvera koji se koristi za obradu osobnih podataka;<br>\u2022 sprje\u010davanje neovla\u0161tenog pristupa osobnim podacima tijekom prijenosa, uklju\u010duju\u0107i prijenos putem putem telekomunikacijskih sredstava i mre\u017ea;<br>\u2022 pru\u017eanje u\u010dinkovitog na\u010dina za blokiranje, uni\u0161tavanje, brisanje ili anonimizaciju osobnih podataka;<br>\u2022 osiguravanje sljedivosti kada su osobni podaci neke osobe kori\u0161teni, kada su uneseni u bazu podataka, tko je izveo predmetnu operaciju, sve dok su pojedini dijelovi tih podataka pohranj<\/p>\n\n\n\n<p><strong>VI. Zavr\u0161ne odredbe<\/strong><br><br>Za sva dodatna obja\u0161njenja u vezi s Pravilima privatnosti kontaktirajte <a href=\"mailto:info@smartgifty.com\" target=\"_blank\" rel=\"noreferrer noopener\">info@smartgifty.com<\/a>. Ova Politika privatnosti stupa na snagu 02. travnja 2021.<\/p>\n","protected":false},"excerpt":{"rendered":"<p>Politika Privatnosti I. Op\u0107e informacije Smart Octopus Solutions Ltd. (u daljnjem tekstu: SOS) vlasnik je i operater web stranice www.smartgifty.com.Vlasnik web stranice po\u0161tuje pravo korisnika na privatnost i te\u017ei najvi\u0161oj razini za\u0161tite osobnih podataka. Du\u017ean je postupati u skladu sa zakonima i propisima koji definiraju za\u0161titu osobnih podataka, osobito u skladu sa Zakonom o za\u0161titi &hellip;<\/p>\n<p class=\"read-more\"> <a class=\"\" href=\"https:\/\/smartgifty.com\/hr\/politika-privatnosti\/\"> <span class=\"screen-reader-text\">Politika privatnosti<\/span> Read More &raquo;<\/a><\/p>\n","protected":false},"author":3,"featured_media":0,"parent":0,"menu_order":0,"comment_status":"closed","ping_status":"closed","template":"page-privacy.php","meta":{"inline_featured_image":false,"footnotes":""},"class_list":["post-892","page","type-page","status-publish","hentry"],"aioseo_notices":[],"_links":{"self":[{"href":"https:\/\/smartgifty.com\/hr\/wp-json\/wp\/v2\/pages\/892\/"}],"collection":[{"href":"https:\/\/smartgifty.com\/hr\/wp-json\/wp\/v2\/pages\/"}],"about":[{"href":"https:\/\/smartgifty.com\/hr\/wp-json\/wp\/v2\/types\/page\/"}],"author":[{"embeddable":true,"href":"https:\/\/smartgifty.com\/hr\/wp-json\/wp\/v2\/users\/3\/"}],"replies":[{"embeddable":true,"href":"https:\/\/smartgifty.com\/hr\/wp-json\/wp\/v2\/comments\/?post=892"}],"version-history":[{"count":5,"href":"https:\/\/smartgifty.com\/hr\/wp-json\/wp\/v2\/pages\/892\/revisions\/"}],"predecessor-version":[{"id":1471,"href":"https:\/\/smartgifty.com\/hr\/wp-json\/wp\/v2\/pages\/892\/revisions\/1471\/"}],"wp:attachment":[{"href":"https:\/\/smartgifty.com\/hr\/wp-json\/wp\/v2\/media\/?parent=892"}],"curies":[{"name":"wp","href":"https:\/\/api.w.org\/{rel}","templated":true}]}}