{"id":894,"date":"2021-08-31T08:51:38","date_gmt":"2021-08-31T07:51:38","guid":{"rendered":"https:\/\/smartgifty.com\/?page_id=894"},"modified":"2024-01-19T22:32:35","modified_gmt":"2024-01-19T21:32:35","slug":"politika-upotrebe-kolacica","status":"publish","type":"page","link":"https:\/\/smartgifty.com\/hr\/politika-upotrebe-kolacica\/","title":{"rendered":"Politika upotrebe kola\u010di\u0107a"},"content":{"rendered":"\n<h1 class=\"wp-block-heading\">Politika kola\u010di\u0107a<\/h1>\n\n\n\n<p>Kola\u010di\u0107i su male tekstualne datoteke koje web stranice koriste za pobolj\u0161anje korisni\u010dkog iskustva.<\/p>\n\n\n\n<p>Sukladno zakonu, kola\u010di\u0107i se mogu pohraniti na va\u0161 ure\u0111aj samo kada su apsolutno neophodni za rad web stranice. Za sve druge vrste kola\u010di\u0107a potrebno je va\u0161e dopu\u0161tenje.<\/p>\n\n\n\n<p>Ova web stranica koristi razli\u010dite vrste kola\u010di\u0107a. Neki se koriste na zahtjev vanjskih web stranica koje se mogu koristiti kao dio na\u0161e web stranice.<\/p>\n\n\n\n<p>Sljede\u0107i kola\u010di\u0107i koriste se kako bi se osiguralo da sve zna\u010dajke web stranice funkcioniraju kako je dizajnirano:<\/p>\n\n\n\n<p>Obvezni kola\u010di\u0107i \u010dine web stranicu funkcionalnom pru\u017eaju\u0107i osnovne zna\u010dajke kao \u0161to su navigacija po stranici i pristup sigurnim podru\u010djima web stranice. Web stranica ne radi ispravno bez ovih kola\u010di\u0107a.<\/p>\n\n\n\n<p>Statisti\u010dki kola\u010di\u0107i su kola\u010di\u0107i koji su nam potrebni za pra\u0107enje prometa na na\u0161oj web stranici kako bismo pobolj\u0161ali korisni\u010dko iskustvo.<\/p>\n\n\n\n<p>Marketin\u0161ki kola\u010di\u0107i anonimno prikupljaju podatke o va\u0161im posjetima web stranici. Svrha je prikazati oglas koji je relevantan i zanimljiv pojedina\u010dnom korisniku.<\/p>\n\n\n\n<p>To\u010dan opis svakog kola\u010di\u0107a i vrijeme njegove instalacije prikazani su u sljede\u0107oj tablici<\/p>\n\n\n\n<figure class=\"wp-block-table\"><table><tbody><tr><td>Naziv kola\u010di\u0107a<\/td><td>Slu\u017eba<\/td><td>Vrsta<\/td><td>Valjanost<\/td><td>Opis<\/td><\/tr><tr><td><\/td><td>smartgifty.com<\/td><td>Obvezni kola\u010di\u0107i<\/td><td>1 godina<\/td><td>Koristi se za spremanje odluka korisnika o kola\u010di\u0107ima. Korisnik odlu\u010duje o valjanosti kola\u010di\u0107a.<\/td><\/tr><tr><td>_ga<\/td><td>Google Analytics<\/td><td>Obvezni kola\u010di\u0107i<\/td><td>2 godine<\/td><td>Provodi jedinstvenu registraciju identiteta (ID) koja se koristi za generiranje statistike o tome kako posjetitelj koristi web stranicu.<\/td><\/tr><tr><td>_gat<\/td><td>Google Analytics<\/td><td>Statisti\u010dki kola\u010di\u0107i<\/td><td>Privremeno tijekom posjeta<\/td><td>Google Analytics koristi kola\u010di\u0107e za kontrolu broja zahtjeva.<\/td><\/tr><tr><td>_gid<\/td><td>Google Analytics<\/td><td>Statisti\u010dki kola\u010di\u0107i<\/td><td>Privremeno tijekom posjeta<\/td><td>Provodi jedinstvenu registraciju identiteta (ID) koja se koristi za generiranje statistike o tome kako posjetitelj koristi web stranicu.<\/td><\/tr><\/tbody><\/table><\/figure>\n\n\n\n<p>Politika kola\u010di\u0107a na snazi \u200b\u200bje od 02. travnja 2021. godine i mo\u017ee se promijeniti ili izmijeniti u bilo kojem trenutku. Mo\u017eete pro\u010ditati kako SmartGifty \u0161titi va\u0161e osobne podatke u na\u0161im <a href=\"https:\/\/smartgifty.com\/hr\/privacy-policy\/\" target=\"_blank\" rel=\"noreferrer noopener\">Pravilima privatnosti.<\/a><\/p>\n","protected":false},"excerpt":{"rendered":"<p>Politika kola\u010di\u0107a Kola\u010di\u0107i su male tekstualne datoteke koje web stranice koriste za pobolj\u0161anje korisni\u010dkog iskustva. Sukladno zakonu, kola\u010di\u0107i se mogu pohraniti na va\u0161 ure\u0111aj samo kada su apsolutno neophodni za rad web stranice. Za sve druge vrste kola\u010di\u0107a potrebno je va\u0161e dopu\u0161tenje. Ova web stranica koristi razli\u010dite vrste kola\u010di\u0107a. Neki se koriste na zahtjev vanjskih &hellip;<\/p>\n<p class=\"read-more\"> <a class=\"\" href=\"https:\/\/smartgifty.com\/hr\/politika-upotrebe-kolacica\/\"> <span class=\"screen-reader-text\">Politika upotrebe kola\u010di\u0107a<\/span> Read More &raquo;<\/a><\/p>\n","protected":false},"author":3,"featured_media":0,"parent":0,"menu_order":0,"comment_status":"closed","ping_status":"closed","template":"page-privacy.php","meta":{"inline_featured_image":false,"footnotes":""},"class_list":["post-894","page","type-page","status-publish","hentry"],"aioseo_notices":[],"_links":{"self":[{"href":"https:\/\/smartgifty.com\/hr\/wp-json\/wp\/v2\/pages\/894\/"}],"collection":[{"href":"https:\/\/smartgifty.com\/hr\/wp-json\/wp\/v2\/pages\/"}],"about":[{"href":"https:\/\/smartgifty.com\/hr\/wp-json\/wp\/v2\/types\/page\/"}],"author":[{"embeddable":true,"href":"https:\/\/smartgifty.com\/hr\/wp-json\/wp\/v2\/users\/3\/"}],"replies":[{"embeddable":true,"href":"https:\/\/smartgifty.com\/hr\/wp-json\/wp\/v2\/comments\/?post=894"}],"version-history":[{"count":3,"href":"https:\/\/smartgifty.com\/hr\/wp-json\/wp\/v2\/pages\/894\/revisions\/"}],"predecessor-version":[{"id":1468,"href":"https:\/\/smartgifty.com\/hr\/wp-json\/wp\/v2\/pages\/894\/revisions\/1468\/"}],"wp:attachment":[{"href":"https:\/\/smartgifty.com\/hr\/wp-json\/wp\/v2\/media\/?parent=894"}],"curies":[{"name":"wp","href":"https:\/\/api.w.org\/{rel}","templated":true}]}}