{"id":4015,"date":"2024-01-23T14:37:51","date_gmt":"2024-01-23T13:37:51","guid":{"rendered":"https:\/\/smartgifty.com\/?page_id=4015"},"modified":"2024-02-01T15:16:25","modified_gmt":"2024-02-01T14:16:25","slug":"zasady-pouziti-souboru-cookies","status":"publish","type":"page","link":"https:\/\/smartgifty.com\/sk\/zasady-pouziti-souboru-cookies\/","title":{"rendered":"Z\u00e1sady pou\u017eit\u00ed soubor\u016f cookies"},"content":{"rendered":"","protected":false},"excerpt":{"rendered":"","protected":false},"author":3,"featured_media":0,"parent":0,"menu_order":0,"comment_status":"closed","ping_status":"closed","template":"page-privacy.php","meta":{"inline_featured_image":false,"footnotes":""},"class_list":["post-4015","page","type-page","status-publish","hentry"],"aioseo_notices":[],"_links":{"self":[{"href":"https:\/\/smartgifty.com\/sk\/wp-json\/wp\/v2\/pages\/4015\/"}],"collection":[{"href":"https:\/\/smartgifty.com\/sk\/wp-json\/wp\/v2\/pages\/"}],"about":[{"href":"https:\/\/smartgifty.com\/sk\/wp-json\/wp\/v2\/types\/page\/"}],"author":[{"embeddable":true,"href":"https:\/\/smartgifty.com\/sk\/wp-json\/wp\/v2\/users\/3\/"}],"replies":[{"embeddable":true,"href":"https:\/\/smartgifty.com\/sk\/wp-json\/wp\/v2\/comments\/?post=4015"}],"version-history":[{"count":1,"href":"https:\/\/smartgifty.com\/sk\/wp-json\/wp\/v2\/pages\/4015\/revisions\/"}],"predecessor-version":[{"id":4016,"href":"https:\/\/smartgifty.com\/sk\/wp-json\/wp\/v2\/pages\/4015\/revisions\/4016\/"}],"wp:attachment":[{"href":"https:\/\/smartgifty.com\/sk\/wp-json\/wp\/v2\/media\/?parent=4015"}],"curies":[{"name":"wp","href":"https:\/\/api.w.org\/{rel}","templated":true}]}}