{"id":4017,"date":"2024-01-23T14:36:55","date_gmt":"2024-01-23T13:36:55","guid":{"rendered":"https:\/\/smartgifty.com\/?page_id=4017"},"modified":"2024-01-23T14:36:55","modified_gmt":"2024-01-23T13:36:55","slug":"casto-kladene-otazky","status":"publish","type":"page","link":"https:\/\/smartgifty.com\/sk\/casto-kladene-otazky\/","title":{"rendered":"\u010casto kladen\u00e9 ot\u00e1zky"},"content":{"rendered":"","protected":false},"excerpt":{"rendered":"","protected":false},"author":3,"featured_media":0,"parent":0,"menu_order":0,"comment_status":"closed","ping_status":"closed","template":"page-privacy.php","meta":{"inline_featured_image":false,"footnotes":""},"class_list":["post-4017","page","type-page","status-publish","hentry"],"aioseo_notices":[],"_links":{"self":[{"href":"https:\/\/smartgifty.com\/sk\/wp-json\/wp\/v2\/pages\/4017\/"}],"collection":[{"href":"https:\/\/smartgifty.com\/sk\/wp-json\/wp\/v2\/pages\/"}],"about":[{"href":"https:\/\/smartgifty.com\/sk\/wp-json\/wp\/v2\/types\/page\/"}],"author":[{"embeddable":true,"href":"https:\/\/smartgifty.com\/sk\/wp-json\/wp\/v2\/users\/3\/"}],"replies":[{"embeddable":true,"href":"https:\/\/smartgifty.com\/sk\/wp-json\/wp\/v2\/comments\/?post=4017"}],"version-history":[{"count":1,"href":"https:\/\/smartgifty.com\/sk\/wp-json\/wp\/v2\/pages\/4017\/revisions\/"}],"predecessor-version":[{"id":4018,"href":"https:\/\/smartgifty.com\/sk\/wp-json\/wp\/v2\/pages\/4017\/revisions\/4018\/"}],"wp:attachment":[{"href":"https:\/\/smartgifty.com\/sk\/wp-json\/wp\/v2\/media\/?parent=4017"}],"curies":[{"name":"wp","href":"https:\/\/api.w.org\/{rel}","templated":true}]}}