{"id":4024,"date":"2024-01-23T14:37:21","date_gmt":"2024-01-23T13:37:21","guid":{"rendered":"https:\/\/smartgifty.com\/?page_id=4024"},"modified":"2024-02-22T13:26:03","modified_gmt":"2024-02-22T12:26:03","slug":"nakupnecentra","status":"publish","type":"page","link":"https:\/\/smartgifty.com\/sk\/nakupnecentra\/","title":{"rendered":"N\u00e1kupn\u00e9 centr\u00e1"},"content":{"rendered":"","protected":false},"excerpt":{"rendered":"","protected":false},"author":3,"featured_media":4026,"parent":0,"menu_order":0,"comment_status":"closed","ping_status":"closed","template":"page-solution-svk.php","meta":{"inline_featured_image":false,"footnotes":""},"class_list":["post-4024","page","type-page","status-publish","has-post-thumbnail","hentry"],"aioseo_notices":[],"_links":{"self":[{"href":"https:\/\/smartgifty.com\/sk\/wp-json\/wp\/v2\/pages\/4024\/"}],"collection":[{"href":"https:\/\/smartgifty.com\/sk\/wp-json\/wp\/v2\/pages\/"}],"about":[{"href":"https:\/\/smartgifty.com\/sk\/wp-json\/wp\/v2\/types\/page\/"}],"author":[{"embeddable":true,"href":"https:\/\/smartgifty.com\/sk\/wp-json\/wp\/v2\/users\/3\/"}],"replies":[{"embeddable":true,"href":"https:\/\/smartgifty.com\/sk\/wp-json\/wp\/v2\/comments\/?post=4024"}],"version-history":[{"count":7,"href":"https:\/\/smartgifty.com\/sk\/wp-json\/wp\/v2\/pages\/4024\/revisions\/"}],"predecessor-version":[{"id":4303,"href":"https:\/\/smartgifty.com\/sk\/wp-json\/wp\/v2\/pages\/4024\/revisions\/4303\/"}],"wp:featuredmedia":[{"embeddable":true,"href":"https:\/\/smartgifty.com\/sk\/wp-json\/wp\/v2\/media\/4026\/"}],"wp:attachment":[{"href":"https:\/\/smartgifty.com\/sk\/wp-json\/wp\/v2\/media\/?parent=4024"}],"curies":[{"name":"wp","href":"https:\/\/api.w.org\/{rel}","templated":true}]}}