{"id":4029,"date":"2024-01-23T14:37:42","date_gmt":"2024-01-23T13:37:42","guid":{"rendered":"https:\/\/smartgifty.com\/?page_id=4029"},"modified":"2024-02-01T15:16:06","modified_gmt":"2024-02-01T14:16:06","slug":"zasady-ochrany-soukromi","status":"publish","type":"page","link":"https:\/\/smartgifty.com\/sk\/zasady-ochrany-soukromi\/","title":{"rendered":"Z\u00e1sady ochrany osobn\u00fdch \u00fadajov"},"content":{"rendered":"\n<h1 class=\"wp-block-heading\">Z\u00e1sady ochrany osobn\u00fdch \u00fadajov<\/h1>\n\n\n\n<p><strong>I.<\/strong> <strong>V\u0161eobecn\u00e9<\/strong><br><br>Smart Octopus Solutions Ltd. (\u010falej len SOS) je vlastn\u00edkom a prev\u00e1dzkovate\u013eom str\u00e1nky www.smartgifty.com.<br>Vlastn\u00edk webovej str\u00e1nky re\u0161pektuje pr\u00e1vo pou\u017e\u00edvate\u013eov na s\u00fakromie a usiluje sa o najvy\u0161\u0161iu \u00farove\u0148 ochrany osobn\u00fdch \u00fadajov. Je povinn\u00fd kona\u0165 v s\u00falade so z\u00e1konmi a predpismi definuj\u00facimi ochranu osobn\u00fdch \u00fadajov, najm\u00e4 v s\u00falade so z\u00e1konom o ochrane osobn\u00fdch \u00fadajov, z\u00e1konom o elektronick\u00fdch komunik\u00e1ci\u00e1ch a v\u0161eobecn\u00fdm nariaden\u00edm E\u00da o ochrane \u00fadajov.<\/p>\n\n\n\n<p><strong>II. Osobn\u00e9 \u00fadaje a ochrana s\u00fakromia<\/strong><br><br>Z\u00e1sady ochrany osobn\u00fdch \u00fadajov sa vz\u0165ahuj\u00fa na ka\u017ed\u00e9ho, kto je pova\u017eovan\u00fd za pou\u017e\u00edvate\u013ea, a platia pre cel\u00fa str\u00e1nku vr\u00e1tane v\u0161etk\u00fdch jej podstr\u00e1nok. Pou\u017e\u00edvate\u013eom je ka\u017ed\u00e1 pr\u00e1vnick\u00e1 alebo fyzick\u00e1 osoba, ktor\u00e1 pou\u017e\u00edva alebo nav\u0161tevuje webov\u00e9 str\u00e1nky.<br>Pou\u017e\u00edvan\u00edm webovej str\u00e1nky pou\u017e\u00edvate\u013e potvrdzuje, \u017ee s\u00fahlas\u00ed s t\u00fdmito z\u00e1sadami ochrany osobn\u00fdch \u00fadajov. Poskytovate\u013e si vyhradzuje pr\u00e1vo kedyko\u013evek zmeni\u0165 ak\u00e9ko\u013evek ustanovenie t\u00fdchto Z\u00e1sad ochrany osobn\u00fdch \u00fadajov bez predch\u00e1dzaj\u00faceho upozornenia. Pokra\u010dovan\u00edm v pou\u017e\u00edvan\u00ed webovej lokality pou\u017e\u00edvate\u013e so zmenami s\u00fahlas\u00ed.<\/p>\n\n\n\n<p><strong>III. \u00da\u010del zhroma\u017e\u010fovania a uchov\u00e1vania osobn\u00fdch \u00fadajov<\/strong><br><br>Osobn\u00e9 \u00fadaje zhroma\u017eden\u00e9 na str\u00e1nke spravuje vlastn\u00edk webovej str\u00e1nky. Pou\u017e\u00edvate\u013e s\u00fahlas\u00ed s t\u00fdm, \u017ee SOS zhroma\u017e\u010fuje a sprac\u00fava jeho osobn\u00e9 \u00fadaje na \u00fa\u010dely svojej obchodnej \u010dinnosti a \u010fal\u0161ej komunik\u00e1cie s pou\u017e\u00edvate\u013eom.<br>Vlastn\u00edk webovej str\u00e1nky v \u017eiadnom pr\u00edpade nepred\u00e1va, nepo\u017ei\u010diava ani inak neposkytuje inform\u00e1cie o pou\u017e\u00edvate\u013eoch neopr\u00e1vnen\u00fdm tret\u00edm osob\u00e1m bez s\u00fahlasu pou\u017e\u00edvate\u013eov. V pr\u00edpade potreby sa \u00fadaje odovzd\u00e1vaj\u00fa zmluvn\u00fdm partnerom, ktor\u00ed sa staraj\u00fa o prev\u00e1dzku a \u00fadr\u017ebu webovej str\u00e1nky a s\u00fa povinn\u00ed chr\u00e1ni\u0165 osobn\u00e9 \u00fadaje za rovnak\u00fdch podmienok ako vlastn\u00edk webovej str\u00e1nky.<\/p>\n\n\n\n<p>Osobn\u00e9 \u00fadaje pou\u017e\u00edvate\u013eov sa uchov\u00e1vaj\u00fa v datab\u00e1ze, ktor\u00fa spravuje SOS v s\u00falade s politikou spolo\u010dnosti, a to po dobu trvania vz\u0165ahu medzi pou\u017e\u00edvate\u013eom a SOS alebo do doby, k\u00fdm pou\u017e\u00edvate\u013e nepo\u017eiada o vymazanie svojich \u00fadajov z datab\u00e1zy.<br>Pou\u017e\u00edvate\u013e m\u00f4\u017ee kedyko\u013evek poda\u0165 p\u00edsomn\u00fa \u017eiados\u0165 o vymazanie, presk\u00famanie, prenos alebo zmenu svojich \u00fadajov z datab\u00e1zy. Ak chce pou\u017e\u00edvate\u013e poda\u0165 \u017eiados\u0165 o vymazanie, presk\u00famanie, prenos alebo zmenu svojich \u00fadajov, mus\u00ed posla\u0165 e-mail na adresu info@smartgifty.com. SOS odpovie na \u017eiados\u0165 do \u00f4smich (8) pracovn\u00fdch dn\u00ed.<\/p>\n\n\n\n<p><strong>IV. Pr\u00e1vo pou\u017e\u00edvate\u013ea na overenie<\/strong><br><br>Pou\u017e\u00edvate\u013e m\u00e1 pr\u00e1vo overi\u0165 si vykon\u00e1vanie ochrany a spracovania osobn\u00fdch \u00fadajov v SOS. Pou\u017e\u00edvate\u013e je povinn\u00fd ohl\u00e1si\u0165 kontrolu priestorov a zariaden\u00ed najmenej p\u00e4\u0165 (5) pracovn\u00fdch dn\u00ed vopred. V z\u00e1ujme ochrany obchodn\u00e9ho tajomstva a in\u00fdch citliv\u00fdch inform\u00e1ci\u00ed poskytovate\u013ea sa kontrola vykon\u00e1va za pr\u00edtomnosti opr\u00e1vnenej osoby ur\u010denej SOS.<\/p>\n\n\n\n<p><strong>V. Ochrana osobn\u00fdch \u00fadajov<\/strong><br><br>Osobn\u00e9 \u00fadaje s\u00fa chr\u00e1nen\u00e9 v r\u00e1mci pr\u00e1vnych, organiza\u010dn\u00fdch a pr\u00edslu\u0161n\u00fdch logick\u00fdch a technick\u00fdch postupov a opatren\u00ed, ktor\u00e9 zabra\u0148uj\u00fa n\u00e1hodn\u00e9mu alebo \u00famyseln\u00e9mu neopr\u00e1vnen\u00e9mu zni\u010deniu inform\u00e1ci\u00ed, ich zmene alebo strate a neopr\u00e1vnen\u00e9mu spracovaniu t\u00fdchto inform\u00e1ci\u00ed:<br>\u2022 ochrany priestorov, zariaden\u00ed a syst\u00e9mov\u00e9ho softv\u00e9ru vr\u00e1tane vstupno-v\u00fdstupn\u00fdch jednotiek;<br>\u2022 ochrany softv\u00e9ru pou\u017e\u00edvan\u00e9ho na spracovanie osobn\u00fdch inform\u00e1ci\u00ed;<br>\u2022 zabr\u00e1nen\u00edm neopr\u00e1vnen\u00e9mu pr\u00edstupu k osobn\u00fdm inform\u00e1ci\u00e1m po\u010das prenosu vr\u00e1tane<br>\u2022 poskytnut\u00edm \u00fa\u010dinn\u00e9ho sp\u00f4sobu blokovania, zni\u010denia, vymazania alebo anonymiz\u00e1cie<br>\u2022 zabezpe\u010denie sledovate\u013enosti, kedy boli jednotliv\u00e9 osobn\u00e9 \u00fadaje pou\u017eit\u00e9 a vlo\u017een\u00e9 do datab\u00e1zy a kto t\u00fato oper\u00e1ciu vykonal, a to po\u010das cel\u00e9ho obdobia, po\u010das ktor\u00e9ho s\u00fa jednotliv\u00e9 inform\u00e1cie ulo\u017een\u00e9.<\/p>\n\n\n\n<p><strong>VI. Z\u00e1vere\u010dn\u00e9 ustanovenia<\/strong><br><br>V\u0161etky \u010fal\u0161ie vysvetlenia t\u00fdkaj\u00face sa z\u00e1sad ochrany osobn\u00fdch \u00fadajov z\u00edskate na adrese info@smartgifty.com. Tieto Z\u00e1sady ochrany osobn\u00fdch \u00fadajov s\u00fa \u00fa\u010dinn\u00e9 od 02. apr\u00edla 2021.<\/p>\n","protected":false},"excerpt":{"rendered":"<p>Z\u00e1sady ochrany osobn\u00fdch \u00fadajov I. V\u0161eobecn\u00e9 Smart Octopus Solutions Ltd. (\u010falej len SOS) je vlastn\u00edkom a prev\u00e1dzkovate\u013eom str\u00e1nky www.smartgifty.com.Vlastn\u00edk webovej str\u00e1nky re\u0161pektuje pr\u00e1vo pou\u017e\u00edvate\u013eov na s\u00fakromie a usiluje sa o najvy\u0161\u0161iu \u00farove\u0148 ochrany osobn\u00fdch \u00fadajov. Je povinn\u00fd kona\u0165 v s\u00falade so z\u00e1konmi a predpismi definuj\u00facimi ochranu osobn\u00fdch \u00fadajov, najm\u00e4 v s\u00falade so z\u00e1konom o ochrane &hellip;<\/p>\n<p class=\"read-more\"> <a class=\"\" href=\"https:\/\/smartgifty.com\/sk\/zasady-ochrany-soukromi\/\"> <span class=\"screen-reader-text\">Z\u00e1sady ochrany osobn\u00fdch \u00fadajov<\/span> \u010c\u00edtajte viac &raquo;<\/a><\/p>\n","protected":false},"author":3,"featured_media":0,"parent":0,"menu_order":0,"comment_status":"closed","ping_status":"closed","template":"page-privacy.php","meta":{"inline_featured_image":false,"footnotes":""},"class_list":["post-4029","page","type-page","status-publish","hentry"],"aioseo_notices":[],"_links":{"self":[{"href":"https:\/\/smartgifty.com\/sk\/wp-json\/wp\/v2\/pages\/4029\/"}],"collection":[{"href":"https:\/\/smartgifty.com\/sk\/wp-json\/wp\/v2\/pages\/"}],"about":[{"href":"https:\/\/smartgifty.com\/sk\/wp-json\/wp\/v2\/types\/page\/"}],"author":[{"embeddable":true,"href":"https:\/\/smartgifty.com\/sk\/wp-json\/wp\/v2\/users\/3\/"}],"replies":[{"embeddable":true,"href":"https:\/\/smartgifty.com\/sk\/wp-json\/wp\/v2\/comments\/?post=4029"}],"version-history":[{"count":2,"href":"https:\/\/smartgifty.com\/sk\/wp-json\/wp\/v2\/pages\/4029\/revisions\/"}],"predecessor-version":[{"id":4042,"href":"https:\/\/smartgifty.com\/sk\/wp-json\/wp\/v2\/pages\/4029\/revisions\/4042\/"}],"wp:attachment":[{"href":"https:\/\/smartgifty.com\/sk\/wp-json\/wp\/v2\/media\/?parent=4029"}],"curies":[{"name":"wp","href":"https:\/\/api.w.org\/{rel}","templated":true}]}}