{"id":1125,"date":"2021-11-10T10:38:18","date_gmt":"2021-11-10T09:38:18","guid":{"rendered":"https:\/\/smartgifty.com\/?page_id=1125"},"modified":"2024-01-15T23:47:53","modified_gmt":"2024-01-15T22:47:53","slug":"studije-primerov","status":"publish","type":"page","link":"https:\/\/smartgifty.com\/sl\/studije-primerov\/","title":{"rendered":"\u0160tudije primerov"},"content":{"rendered":"\n<h1 class=\"wp-block-heading\">\u0160tudije primerov<\/h1>\n\n\n\n<h2 class=\"wp-block-heading\"><span style=\"background-color:rgba(0, 0, 0, 0);color:#4214cf\" class=\"has-inline-color\">BTC<\/span><\/h2>\n\n\n\n<h4 class=\"wp-block-heading\"><strong>Pameten naro\u010dnik<\/strong><\/h4>\n\n\n\n<p>BTC City ima bogato in dinami\u010dno zgodovino, ki se je za\u010dela leta 1954 in se je razvijala skozi ve\u010d desetletij, zadnjih 30 let pa je dru\u017eba usmerila svoj razvoj v trgovinsko poslovni koncept. Danes je BTC City priznan nakupovalni center v Sloveniji in eden izmed najve\u010djih nakupovalno, zabavi\u0161\u010dno poslovnih centrov v Europi (https:\/\/www.btc-city.com\/en\/ljubljana\/shop). &nbsp; Podobna, vendar manj\u0161a centra, sta \u0161e v Novem Mestu in Murski Soboti.<\/p>\n\n\n\n<h4 class=\"wp-block-heading\"><strong>Pameten razlog<\/strong><\/h4>\n\n\n\n<p>Kljub svoji naravnanosti h inovativnosti&nbsp; je BTC City leta 2023 \u0161e vedno uporabljal sistem darilnih bonov, katerega pa je \u017eelel prenoviti , da bi izbolj\u0161al izku\u0161njo kupcev, bolje izkoristil potencial digitalizacije re\u0161itve in operativno u\u010dinkovitost.&nbsp;Digitalizacija kartice je bil en izmed ciljev digitalizacije dru\u017ebe za leto 2023.<\/p>\n\n\n\n<p>Poleg poznanih lastnosti tradicionalnih bonov, to je omejenost z vnaprej dolo\u010denimi zneski in uporabo samo v eni trgovin je obstoje\u010di sistem zahteval ro\u010dno sledenje bonov v orodjih, kot je Excel, kar je povzro\u010dalo administrativne obremenitve in potencialne napake v ra\u010dunovodstvu kar lahko vodi do zamude pri finan\u010dnih transakcijah oz se je potrebovalo precej ve\u010d ro\u010dnega dela, kar pomeni ve\u010d potrebnega \u010dasa ali ve\u010d ljudi.<\/p>\n\n\n\n<p>Z uvedno darilne kartice se je uvedlo tudi spletno prodajo tako imenovane e- darilne kartice, upororabnost le te pa je lahko tudi telefonom, bodisi s prikazom \u010drtne kode ali pa z uporabo Google in IOS denarnice, kamor se&nbsp; kartica lahko shrani.<\/p>\n\n\n\n<h4 class=\"wp-block-heading\"><strong>Pametna re\u0161itev<\/strong><\/h4>\n\n\n\n<p><em>Vsestranska uporaba bona<\/em><em>:<\/em> Smartgifty je omogo\u010dil uporabo bonov v vseh trgovinah znotraj BTC Cityja, ne glede na znesek, kar je pove\u010dalo prilagodljivost za stranke.<\/p>\n\n\n\n<p>Skupaj z integracijo s ponudnikom razli\u010dnih pla\u010dilnih metod Lab4Pay se za unov\u010devanje uporablja POS terminal oz API povezava direktno z blagajno trgovca.<\/p>\n\n\n\n<p><em>Avtomatiziran sistem za u\u010dinkovitost<\/em>: Platformo Smargifty se je povezalo z notranjimi procesnimi orodji in s tem avtomatiziralo sledenje in ra\u010dunovodstvo, s \u010dimer je pomagala zmanj\u0161ati ro\u010dno delo in tveganje napak. To precej poenostavi ra\u010dunovodski proces, ga naredi bolj natan\u010dnega in \u010dasovno u\u010dinkovitega.<\/p>\n\n\n\n<p><em>Rezultati in vpliv:<\/em>SmartGifty je pomagal modernizirani in avtomatiziati celotni nakupni proces in s tem svojim strankam ponudil sodoben, izjemno dobro sprejet produkt. Obenem je BTC City optimiziral sistem upravljanja s pregledom v realnem \u010dasu, 24\/7, ter \u0161tevilnimi podatkovnimi reporti, ki lahko pomaga pri na\u010drtovanju v bodo\u010de<\/p>\n\n\n\n<h4 class=\"wp-block-heading\"><strong>Pameten rezultat<\/strong><\/h4>\n\n\n\n<p>Re\u0161itev Smartgifty je preoblikovala sistem bonov BTC Cityja v bolj prilagodljiv, u\u010dinkovit in finan\u010dno koristen model. Prehod je ne samo izbolj\u0161al nakupovalno izku\u0161njo strank, ampak tudi poenostavil poslovne procese za trgovce, u\u010dinkovito prikazujejo\u010d prednost sistema Smartgifty nad tradicionalnimi sistemi bonov.<\/p>\n\n\n\n<h2 class=\"wp-block-heading\"><span style=\"background-color:rgba(0, 0, 0, 0);color:#4214cf\" class=\"has-inline-color\">Mass<\/span><\/h2>\n\n\n\n<p><\/p>\n\n\n\n<p><\/p>\n\n\n\n<div class=\"wp-block-columns is-layout-flex wp-container-core-columns-is-layout-9d6595d7 wp-block-columns-is-layout-flex\">\n<div class=\"wp-block-column is-layout-flow wp-block-column-is-layout-flow\" style=\"flex-basis:100%\">\n<h4 class=\"wp-block-heading\"><strong>Pameten naro\u010dnik<\/strong><\/h4>\n\n\n\n<p>Mass je trgovina z obutvijo, ki je v 30 letih zrasla v podjetje, ki \u0161teje preko 400 zaposlenih. Skupno ima podjetje ve\u010d kot 50 trgovin v Sloveniji in na Hrva\u0161kem, 8 lastnih blagovnih znamk in ve\u010d kot 8.000 razli\u010dnih modelov obutve. Vodi jih na\u010delo, da je kupec \u010devljev na prvem mestu, kar je mogo\u010de le&nbsp;z zadovoljnimi zaposlenimi,&nbsp;ki predstavljajo osr\u010dje delovanja. To vodi v medsebojno zaupanje in dolgoro\u010dne odnose z vsemi na\u0161imi partnerji.<\/p>\n\n\n\n<div style=\"height:20px\" aria-hidden=\"true\" class=\"wp-block-spacer\"><\/div>\n\n\n\n<h4 class=\"wp-block-heading\"><strong>Pameten razlog<\/strong><\/h4>\n\n\n\n<p>Mass konstantno sledi nakupovalnim trendom in svoje darilne bone je \u017eelel zamenjati za sodobne darilne kartice, ki bi povezovale offline trgovine v Sloveniji in na Hrva\u0161kem ter online trgovini v slovenskem (<a href=\"https:\/\/www.mass.si\/\" target=\"_blank\" rel=\"noreferrer noopener\">www.mass.si<\/a>) in hrva\u0161kem jeziku (<a href=\"https:\/\/www.mass-shoes.com\/\" target=\"_blank\" rel=\"noreferrer noopener\">www.mass-shoes.com<\/a>). Svojim kupcem so \u017eeleli ponuditi moderno opcijo obdarovanja, ki bi zadovoljila vse generacije in okuse. <\/p>\n\n\n\n<div style=\"height:20px\" aria-hidden=\"true\" class=\"wp-block-spacer\"><\/div>\n\n\n\n<h4 class=\"wp-block-heading\"><strong>Pametna re\u0161itev<\/strong><\/h4>\n\n\n\n<p>Karti\u010dni sistem&nbsp;SmartGifty&nbsp;so implementirali v vseh svojih fizi\u010dnih trgovinah po Sloveniji in Hrva\u0161ki, skupaj z agencijo Optiweb pa smo poskrbeli, da je darilno kartico mo\u017eno enostavno in hitro kupiti in unov\u010diti v obeh spletnih trgovinah. Mass je vse svoje fizi\u010dne blagajne povezal s sistemom za izdajo (prodajo) in unov\u010devanje darilnih kartic SmartGifty, poleg tega pa je darilna kartica popolnoma implementirana v uporabni\u0161ko izku\u0161njo obstoje\u010de spletne trgovine (Magento platforma). Preko spleta je mo\u017eno kupiti tako klasi\u010dno pvc kartico kot tudi digitalno kartico, ki jo kupec prejme v svoj e-po\u0161tni predal. Nanjo se lahko nalo\u017ei na 10 \u20ac zaokro\u017eeno dobroimetje v vrednosti med 10 \u20ac in 300 \u20ac. Unov\u010devanje darilne kartice Mass je postopno, obiskovalci spletne trgovine pa lahko hitro in enostavno preverijo stanje dobroimetja na kartici (na spletu, v realnem \u010dasu), ne glede na to, kje so jo kupili.<\/p>\n\n\n\n<div style=\"height:20px\" aria-hidden=\"true\" class=\"wp-block-spacer\"><\/div>\n\n\n\n<h4 class=\"wp-block-heading\"><strong>Pameten rezultat<\/strong><\/h4>\n\n\n\n<p>Massu smo omogo\u010dili, da svojim strankam ponudi hiter nakup sodobnega darila in hkrati zagotovi enostavno, postopno unov\u010denje darilne kartice v vseh trgovinah. Poskrbeli smo, da so vse njihove &#8220;offline&#8221; blagajne popolnoma opremljene za izdajo in unov\u010denje darilnih kartic, hkrati pa skrbimo za pravo\u010dasen tisk in dostavo darilnih kartic po Sloveniji in Hrva\u0161ki.<\/p>\n<\/div>\n<\/div>\n\n\n\n<div style=\"height:40px\" aria-hidden=\"true\" class=\"wp-block-spacer\"><\/div>\n\n\n\n<h2 class=\"wp-block-heading\"><span style=\"background-color:rgba(0, 0, 0, 0);color:#4214cf\" class=\"has-inline-color\">Qlandia<\/span><\/h2>\n\n\n\n<p><\/p>\n\n\n\n<p><\/p>\n\n\n\n<div class=\"wp-block-columns is-layout-flex wp-container-core-columns-is-layout-9d6595d7 wp-block-columns-is-layout-flex\">\n<div class=\"wp-block-column is-layout-flow wp-block-column-is-layout-flow\" style=\"flex-basis:100%\">\n<h4 class=\"wp-block-heading\"><strong>Pameten naro\u010dnik<\/strong><\/h4>\n\n\n\n<p>Qlandia je nakupovalna veriga 7 nakupovalnih centrov po Sloveniji z dolgo zgodovino (prvi nakupovalni center je bil odprt leta 2006) in ve\u010d kot 300 najemniki, ki ponujajo vse od mode, kozmetike, tehnologije, gastronomije in \u0161e veliko ve\u010d.<\/p>\n\n\n\n<div style=\"height:20px\" aria-hidden=\"true\" class=\"wp-block-spacer\"><\/div>\n\n\n\n<h4 class=\"wp-block-heading\"><strong>Pameten razlog<\/strong><\/h4>\n\n\n\n<p>Qlandia je svojim obiskovalcem od leta 2014 ponujala papirnate darilne bone in iskala nadgradnjo produkta v skladu s sodobnimi mo\u017enostmi nakupovanja in obdarovanja. Qlandia je \u017eelela svojim obiskovalcem ponuditi produkt z dodano vrednostjo, kot sta priro\u010dnost in personalizacija, hkrati pa optimizirati upravljanje darilnih bonov.<\/p>\n\n\n\n<div style=\"height:20px\" aria-hidden=\"true\" class=\"wp-block-spacer\"><\/div>\n\n\n\n<h4 class=\"wp-block-heading\"><strong>Pametna re\u0161itev<\/strong><\/h4>\n\n\n\n<p>Skupaj z naro\u010dnikom smo razvili prilagojeno spletno re\u0161itev za upravljanje darilne kartice Qlandia. S spletno platformo je lahko Qlandia optimizirala ro\u010dno, administrativno delo v zvezi s prodajo, zalogami in unov\u010devanjem darilnih bonov, hkrati pa je svojim obiskovalcem ponudila ve\u010d svobode pri obdarovanju (spletno mesto nakupa, personalizacija kartice, preverjanje stanja na spletu 24\/7 itd.). Vzpostavila se je nova spletna trgovina za prodajo darilnih kartic Qlandia pravnim in fizi\u010dnim osebam, ki je vodila k pove\u010danju ozave\u0161\u010denosti o blagovnih znamki in izdelku. Darilna kartica Qlandia je imela neomejeno veljavnost, bila na voljo v ve\u010d razli\u010dnih tematskih izvedbah, z vrednostjo dobroimetja do 300 \u20ac.<\/p>\n\n\n\n<div style=\"height:20px\" aria-hidden=\"true\" class=\"wp-block-spacer\"><\/div>\n\n\n\n<h4 class=\"wp-block-heading\"><strong>Pameten rezultat<\/strong><\/h4>\n\n\n\n<p>SmartGifty je pomagal Qlandii, da je svojim strankam ponudila sodoben, izjemno dobro sprejet produkt in obenem optimizirala sistem upravljanja s produktom z pregledom v realnem \u010dasu, 24\/7.<\/p>\n<\/div>\n<\/div>\n\n\n\n<div style=\"height:40px\" aria-hidden=\"true\" class=\"wp-block-spacer\"><\/div>\n\n\n\n<h2 class=\"wp-block-heading\"><span style=\"background-color:rgba(0, 0, 0, 0);color:#4214cf\" class=\"has-inline-color\">Supernova<\/span><\/h2>\n\n\n\n<p><\/p>\n\n\n\n<p><\/p>\n\n\n\n<div class=\"wp-block-columns is-layout-flex wp-container-core-columns-is-layout-9d6595d7 wp-block-columns-is-layout-flex\">\n<div class=\"wp-block-column is-layout-flow wp-block-column-is-layout-flow\" style=\"flex-basis:100%\">\n<h4 class=\"wp-block-heading\"><strong>Pameten naro\u010dnik<\/strong><\/h4>\n\n\n\n<p>Supernova je v letih 2019\/2020 mo\u010dno pove\u010dala \u0161tevilo lokacij in je zdaj multi nacionalna nakupovalna veriga, prisotna v Avstriji, Sloveniji, na Hrva\u0161kem in v Romuniji. Je eden najve\u010djih igralcev v Evropi, ki zdru\u017euje nakupovalna in maloprodajna sredi\u0161\u010da. V za\u010detku leta 2020 je Supernova postala tudi lastnica nakupovalnih centrov Qlandia in oran\u017eno barvo blagovne znamke Qlandia zamenjala s svojo rde\u010do barvo.<\/p>\n\n\n\n<div style=\"height:20px\" aria-hidden=\"true\" class=\"wp-block-spacer\"><\/div>\n\n\n\n<h4 class=\"wp-block-heading\"><strong>Pameten razlog<\/strong><\/h4>\n\n\n\n<p>V preteklosti je Supernova imela karti\u010dni sistem z darilnimi karticami (kontaktni \u010dip), ki je bil drag, zahteven za upravljati in ne dovolj prijazen za uporabnika. Leta 2016 smo Supernovi ponudili re\u0161itev SmartGifty, ki jo uporablja \u0161e danes. Ob prevzemu nakupovalnih centrov Qlandia (2019\/2020) je naro\u010dnik \u017eelel zdru\u017eiti darilno kartico Qlandia in darilno kartico Supernova in ponuditi obiskovalcem najbolj\u0161e od vsakega produkta. Svojim obiskovalcem so \u017eeleli ponuditi nadgradnjo glede mo\u017enosti unov\u010ditve in kakovosti produkta. Supernova uporablja SmartGifty v ve\u010d kot 25 nakupovalnih sredi\u0161\u010dih v Sloveniji in na Hrva\u0161kem, pri \u010demer se nove lokacije \u0161e dodajajo<\/p>\n\n\n\n<div style=\"height:20px\" aria-hidden=\"true\" class=\"wp-block-spacer\"><\/div>\n\n\n\n<h4 class=\"wp-block-heading\"><strong>Pametna re\u0161itev<\/strong><\/h4>\n\n\n\n<p>Zdru\u017eitev dveh karti\u010dnih sistemov darilnih kartic (Qlandia in Supernova) in objava nove, uporabni\u0161ko prijazne produktne spletne trgovine za pravne in fizi\u010dne osebe. Z pametnim zdru\u017eevanjem smo zasnovali prilagojeno re\u0161itev za upravljanje darilnih kartic za naro\u010dnika v ve\u010dih dr\u017eavah. S celovitim, 24\/7 pregledom v realnem \u010dasu smo naro\u010dniku omogo\u010dili pregled produkta v ve\u010dih nakupovalnih sredi\u0161\u010dih in trgih ter mu tako omogo\u010dili la\u017eje na\u010drtovanje marketin\u0161kih aktivnosti in optimizacijo administracije (papirologije). Produkt (darilna kartica Supernova) se v dolo\u010dneih zna\u010dilnostih razlikuje v Sloveniji in na Hrva\u0161kem (zaradi valute, predpisov in potreb trga), vendar se upravlja v eni spletni platformi, naro\u010dniku pa omogo\u010da ve\u010d dostopov z razli\u010dnimi pravicami in pregledi.<\/p>\n\n\n\n<div style=\"height:20px\" aria-hidden=\"true\" class=\"wp-block-spacer\"><\/div>\n\n\n\n<h4 class=\"wp-block-heading\"><strong>Pameten rezultat<\/strong><\/h4>\n\n\n\n<p>Podroben pregled prodaje in unov\u010devanja darilnih kartic Supernova za vsak trg v razli\u010dnih valutah, spremljanje zalog in enostavno upravljanje transakcij z najemniki. Mo\u017enost zamenjave darilne kartice Qlandia za darilno kartico Supernova preko spleta in ponudba e-darilnih kartic v pdf formatu sta dodatno pove\u010dala v\u0161e\u010dnost in prodajo darilnih kartic Supernova.<\/p>\n<\/div>\n<\/div>\n\n\n\n<div style=\"height:40px\" aria-hidden=\"true\" class=\"wp-block-spacer\"><\/div>\n\n\n\n<h2 class=\"wp-block-heading\" id=\"block-489630b6-a51f-4c46-b302-0198d6639244\"><span style=\"background-color:rgba(0, 0, 0, 0);color:#4214cf\" class=\"has-inline-color\">Cubo<\/span><\/h2>\n\n\n\n<h4 class=\"wp-block-heading\" id=\"block-708cbcc9-f0f0-4729-a686-b2c2a68807fa\"><strong>Pamet<\/strong>en naro\u010dnik<\/h4>\n\n\n\n<p>Presti\u017eno, sodobno golf igri\u0161\u010de v Sloveniji, ki gosti tako profesionalne kot amaterske igralce golfa, ki se \u017eelijo rekreirati v naravi. Lokacija golf igri\u0161\u010da ponuja \u010dudovit razgled na slovenske Alpe in se pona\u0161a z 18 luknjami, ki povezujejo kar 5.872 metrov dol\u017eine.<\/p>\n\n\n\n<div style=\"height:20px\" aria-hidden=\"true\" class=\"wp-block-spacer\"><\/div>\n\n\n\n<h4 class=\"wp-block-heading\" id=\"block-75f1d837-3e43-4904-8805-64a9a35ac4ae\">Pameten razlog<\/h4>\n\n\n\n<p>Sodoben, digitalni na\u010din spremljanja in podpore igralcem golfa z preprostim in uporabniku prijaznim na\u010dinom identifikacije in pla\u010dila storitev.<\/p>\n\n\n\n<div style=\"height:20px\" aria-hidden=\"true\" class=\"wp-block-spacer\"><\/div>\n\n\n\n<h4 class=\"wp-block-heading\" id=\"block-c29a3fb3-fce4-42eb-a8bd-71531e341595\">Pametna re\u0161itev<\/h4>\n\n\n\n<p>\u010clanska izkaznica, ki zdru\u017euje identifikacijski dokument z na\u010dinom pla\u010devanja \u017eetonov\/\u017eogic in drugih storitev (hrana, pija\u010da) v klubu. Nov produkt, ki ga naro\u010dnik upravlja s SmartGifty platformo, je predpla\u010dni\u0161ka, priro\u010dna kartica za igralce, ki lahko postopoma unov\u010dujejo dobroimetje za vse povezane storitve na igri\u0161\u010du.<\/p>\n\n\n\n<div style=\"height:20px\" aria-hidden=\"true\" class=\"wp-block-spacer\"><\/div>\n\n\n\n<h4 class=\"wp-block-heading\" id=\"block-4bc43031-ba85-432a-9ff3-788939563e15\">Pameten rezultat<\/h4>\n\n\n\n<p>\u010clani so nov produkt sprejeli hitro in z veseljem. Njihova kartica jim nudi razli\u010dne mo\u017enosti, od mese\u010dnih do letnih pla\u010dil\/\u010dlanstva z razli\u010dnimi ugodnostmi za vsak paket. Velikost kartice je enaka ban\u010dni kartici, tako da jo imajo lahko \u010dlani ves \u010das blizu (v denarnici, \u017eepu).<\/p>\n\n\n\n<div style=\"height:70px\" aria-hidden=\"true\" class=\"wp-block-spacer\"><\/div>\n","protected":false},"excerpt":{"rendered":"<p>\u0160tudije primerov BTC Pameten naro\u010dnik BTC City ima bogato in dinami\u010dno zgodovino, ki se je za\u010dela leta 1954 in se je razvijala skozi ve\u010d desetletij, zadnjih 30 let pa je dru\u017eba usmerila svoj razvoj v trgovinsko poslovni koncept. Danes je BTC City priznan nakupovalni center v Sloveniji in eden izmed najve\u010djih nakupovalno, zabavi\u0161\u010dno poslovnih centrov &hellip;<\/p>\n<p class=\"read-more\"> <a class=\"\" href=\"https:\/\/smartgifty.com\/sl\/studije-primerov\/\"> <span class=\"screen-reader-text\">\u0160tudije primerov<\/span> Read More &raquo;<\/a><\/p>\n","protected":false},"author":3,"featured_media":1127,"parent":0,"menu_order":0,"comment_status":"closed","ping_status":"closed","template":"page-privacy.php","meta":{"inline_featured_image":false,"footnotes":""},"class_list":["post-1125","page","type-page","status-publish","has-post-thumbnail","hentry"],"aioseo_notices":[],"_links":{"self":[{"href":"https:\/\/smartgifty.com\/sl\/wp-json\/wp\/v2\/pages\/1125\/"}],"collection":[{"href":"https:\/\/smartgifty.com\/sl\/wp-json\/wp\/v2\/pages\/"}],"about":[{"href":"https:\/\/smartgifty.com\/sl\/wp-json\/wp\/v2\/types\/page\/"}],"author":[{"embeddable":true,"href":"https:\/\/smartgifty.com\/sl\/wp-json\/wp\/v2\/users\/3\/"}],"replies":[{"embeddable":true,"href":"https:\/\/smartgifty.com\/sl\/wp-json\/wp\/v2\/comments\/?post=1125"}],"version-history":[{"count":14,"href":"https:\/\/smartgifty.com\/sl\/wp-json\/wp\/v2\/pages\/1125\/revisions\/"}],"predecessor-version":[{"id":3758,"href":"https:\/\/smartgifty.com\/sl\/wp-json\/wp\/v2\/pages\/1125\/revisions\/3758\/"}],"wp:featuredmedia":[{"embeddable":true,"href":"https:\/\/smartgifty.com\/sl\/wp-json\/wp\/v2\/media\/1127\/"}],"wp:attachment":[{"href":"https:\/\/smartgifty.com\/sl\/wp-json\/wp\/v2\/media\/?parent=1125"}],"curies":[{"name":"wp","href":"https:\/\/api.w.org\/{rel}","templated":true}]}}