{"id":1130,"date":"2021-11-10T10:57:12","date_gmt":"2021-11-10T09:57:12","guid":{"rendered":"https:\/\/smartgifty.com\/?page_id=1130"},"modified":"2024-01-10T21:37:20","modified_gmt":"2024-01-10T20:37:20","slug":"politika-piskotkov","status":"publish","type":"page","link":"https:\/\/smartgifty.com\/sl\/politika-piskotkov\/","title":{"rendered":"Politika pi\u0161kotkov"},"content":{"rendered":"\n<h1 class=\"wp-block-heading\">Politika pi\u0161kotkov<\/h1>\n\n\n\n<p><\/p>\n\n\n\n<p>Pi\u0161kotki so majhne besedilne datoteke, ki jih spletna mesta uporabljajo za bolj\u0161o uporabni\u0161ko izku\u0161njo.<\/p>\n\n\n\n<p>Po zakonu se lahko pi\u0161kotki shranijo na va\u0161o napravo le, kadar so nujno potrebni za delovanje spletnega mesta. Vse druge vrste pi\u0161kotkov zahtevajo va\u0161e dovoljenje.<\/p>\n\n\n\n<p>Ta spletna stran uporablja razli\u010dne vrste pi\u0161kotkov. Nekatere se uporabljajo na zahtevo zunanjih spletnih mest, ki se lahko uporabljajo kot del na\u0161e spletne strani.<\/p>\n\n\n\n<p>Naslednji pi\u0161kotki se uporabljajo za zagotovitev, da vse funkcije spletnega mesta delujejo po na\u010drtih:<\/p>\n\n\n\n<p>Obvezni pi\u0161kotki omogo\u010dajo funkcionalnost spletnega mesta z zagotavljanjem osnovnih funkcij, kot so brskanje po strani. Brez teh pi\u0161kotkov spletno mesto ne deluje pravilno.<\/p>\n\n\n\n<p>Statisti\u010dni pi\u0161kotki so pi\u0161kotki, ki jih moramo spremljati zaradi izbolj\u0161anja uporabni\u0161ke izku\u0161nje.<\/p>\n\n\n\n<p>Marketin\u0161ki pi\u0161kotki anonimno zbirajo podatke o va\u0161em obisku spletnega mesta. Namen je prikazovanje oglasov, ki so ustrezni in privla\u010dni za posameznega uporabnika.<\/p>\n\n\n\n<p>Natan\u010den opis vsakega pi\u0161kotka in \u010das njegove namestitve sta prikazana v naslednji tabeli:<\/p>\n\n\n\n<figure class=\"wp-block-table\"><table><tbody><tr><td>Ime pi\u0161kotka<\/td><td>Storitev<\/td><td>Vrsta<\/td><td>Veljavnost<\/td><td>Opis<\/td><\/tr><tr><td><\/td><td>smartgifty.com<\/td><td>Obvezni pi\u0161kotki<\/td><td>1 leto<\/td><td>Uporablja se za shranjevanje odlo\u010ditev uporabnikov o pi\u0161kotkih. Veljavnost pi\u0161kotka dolo\u010di uporabnik.<\/td><\/tr><tr><td>_ga<\/td><td>Google Analytics<\/td><td>Obvezni pi\u0161kotki<\/td><td>2 leti<\/td><td>Opravi registracijo edinstvene identitete (ID), ki se uporablja za ustvarjanje statisti\u010dnih podatkov o uporabi spletnega mesta obiskovalca.<\/td><\/tr><tr><td>_gat<\/td><td>Google Analytics<\/td><td>Statisti\u010dni pi\u0161kotki<\/td><td>Seja<\/td><td>Google Analytics uporablja pi\u0161kotek za nadzor \u0161tevila zahtev.<\/td><\/tr><tr><td>_gid<\/td><td>Google Analytics<\/td><td>Statisti\u010dni pi\u0161kotki<\/td><td>Seja<\/td><td>Opravi registracijo edinstvene identitete (ID), ki se uporablja za ustvarjanje statisti\u010dnih podatkov o uporabi spletnega mesta obiskovalca.<\/td><\/tr><\/tbody><\/table><\/figure>\n\n\n\n<p>Politika pi\u0161kotkov velja od 02. aprila 2021 in se lahko kadar koli spremeni ali dopolni. V Politiki zasebnosti lahko preberete, kako SmartGifty \u0161\u010diti va\u0161e osebne podatke.<\/p>\n","protected":false},"excerpt":{"rendered":"<p>Politika pi\u0161kotkov Pi\u0161kotki so majhne besedilne datoteke, ki jih spletna mesta uporabljajo za bolj\u0161o uporabni\u0161ko izku\u0161njo. Po zakonu se lahko pi\u0161kotki shranijo na va\u0161o napravo le, kadar so nujno potrebni za delovanje spletnega mesta. Vse druge vrste pi\u0161kotkov zahtevajo va\u0161e dovoljenje. Ta spletna stran uporablja razli\u010dne vrste pi\u0161kotkov. Nekatere se uporabljajo na zahtevo zunanjih spletnih &hellip;<\/p>\n<p class=\"read-more\"> <a class=\"\" href=\"https:\/\/smartgifty.com\/sl\/politika-piskotkov\/\"> <span class=\"screen-reader-text\">Politika pi\u0161kotkov<\/span> Read More &raquo;<\/a><\/p>\n","protected":false},"author":3,"featured_media":0,"parent":0,"menu_order":0,"comment_status":"closed","ping_status":"closed","template":"page-privacy.php","meta":{"inline_featured_image":false,"footnotes":""},"class_list":["post-1130","page","type-page","status-publish","hentry"],"aioseo_notices":[],"_links":{"self":[{"href":"https:\/\/smartgifty.com\/sl\/wp-json\/wp\/v2\/pages\/1130\/"}],"collection":[{"href":"https:\/\/smartgifty.com\/sl\/wp-json\/wp\/v2\/pages\/"}],"about":[{"href":"https:\/\/smartgifty.com\/sl\/wp-json\/wp\/v2\/types\/page\/"}],"author":[{"embeddable":true,"href":"https:\/\/smartgifty.com\/sl\/wp-json\/wp\/v2\/users\/3\/"}],"replies":[{"embeddable":true,"href":"https:\/\/smartgifty.com\/sl\/wp-json\/wp\/v2\/comments\/?post=1130"}],"version-history":[{"count":5,"href":"https:\/\/smartgifty.com\/sl\/wp-json\/wp\/v2\/pages\/1130\/revisions\/"}],"predecessor-version":[{"id":1485,"href":"https:\/\/smartgifty.com\/sl\/wp-json\/wp\/v2\/pages\/1130\/revisions\/1485\/"}],"wp:attachment":[{"href":"https:\/\/smartgifty.com\/sl\/wp-json\/wp\/v2\/media\/?parent=1130"}],"curies":[{"name":"wp","href":"https:\/\/api.w.org\/{rel}","templated":true}]}}