{"id":1132,"date":"2021-11-10T10:59:20","date_gmt":"2021-11-10T09:59:20","guid":{"rendered":"https:\/\/smartgifty.com\/?page_id=1132"},"modified":"2025-06-03T08:56:53","modified_gmt":"2025-06-03T07:56:53","slug":"pogosta-vprasanja","status":"publish","type":"page","link":"https:\/\/smartgifty.com\/sl\/pogosta-vprasanja\/","title":{"rendered":"Pogosta vpra\u0161anja"},"content":{"rendered":"\n<h1 class=\"wp-block-heading\"><span style=\"background-color:rgba(0, 0, 0, 0);color:#4214cf\" class=\"has-inline-color\">Pogosta vpra\u0161anja<\/span><\/h1>\n\n\n\n<p class=\"has-white-background-color has-text-color has-background has-medium-font-size\" style=\"color:#686969\"><code><code>            <div class=\"qae-faqs-container qae-faqs-toggle-container\">\n\t\t\t\t\t\t<div id=\"qaef-5608\" class=\"qe-faq-toggle kupi\">\n\t\t\t<div class=\"qe-toggle-title\">\n\t\t\t\t<h4>\n\t\t\t\t\t<i class=\"fa fa-minus-circle\"><\/i> Kaj se zgodi v primeru da izberem fizi\u010dne kartice\t\t\t\t<\/h4>\n\t\t\t<\/div>\n\t\t\t<div class=\"qe-toggle-content\">\n\t\t\t\t\n<p>V primeru izbire fizi\u010dnih kartic, vas bo kontaktirala na\u0161a ekipa, s katero se boste dogovorili za dizajn in koli\u010dino fizi\u010dnih darilnih kartic.<\/p>\n\t\t\t<\/div>\n\t\t<\/div>\n\t\t\t\t<div id=\"qaef-5607\" class=\"qe-faq-toggle kupi\">\n\t\t\t<div class=\"qe-toggle-title\">\n\t\t\t\t<h4>\n\t\t\t\t\t<i class=\"fa fa-minus-circle\"><\/i> V kolik\u0161nem \u010dasu bom prejel dostop do sistema Smartgifty\t\t\t\t<\/h4>\n\t\t\t<\/div>\n\t\t\t<div class=\"qe-toggle-content\">\n\t\t\t\t\n<p>V primeru Izbire E-kartic boste dostop dobili v 24 urah po pla\u010dilu predra\u010duna. Tako boste takoj lahko za\u010deli s prodajo Darilnih kartic<\/p>\n\t\t\t<\/div>\n\t\t<\/div>\n\t\t\t\t<div id=\"qaef-4592\" class=\"qe-faq-toggle nakupovalni-centri\">\n\t\t\t<div class=\"qe-toggle-title\">\n\t\t\t\t<h4>\n\t\t\t\t\t<i class=\"fa fa-minus-circle\"><\/i> Kak\u0161ni so na\u010dini vnov\u010devanja s SmartGifty?\t\t\t\t<\/h4>\n\t\t\t<\/div>\n\t\t\t<div class=\"qe-toggle-content\">\n\t\t\t\t\n<p>Uporaba SmartGifty platforme je v osnovi preko spleta. Vsako prodajno mesto ima svoje uporabni\u0161ko ime in geslo. Vno\u010devanje je tako mo\u017eno preko spletnega vmesnika na ra\u010dunalniku, telefonu \/tablici ali z ro\u010dnim mobilnim terminalom. Nudimo tudi APi dokumentacijo za povezavo z blagajno (preverite s katerimi blagajnami smo \u017ee povezani). Nudimo tudi mo\u017enost nakupa preko POS pla\u010dilnega terminala (preverite s katerimi ponudniki je narejena integracija)<\/p>\n\t\t\t<\/div>\n\t\t<\/div>\n\t\t\t\t<div id=\"qaef-2820\" class=\"qe-faq-toggle vec-poslovalnic\">\n\t\t\t<div class=\"qe-toggle-title\">\n\t\t\t\t<h4>\n\t\t\t\t\t<i class=\"fa fa-minus-circle\"><\/i> Programi zvestobe s SmartGifty?\t\t\t\t<\/h4>\n\t\t\t<\/div>\n\t\t\t<div class=\"qe-toggle-content\">\n\t\t\t\t\n<p>SmartGifty je mogo\u010de enostavno nadgraditi v razli\u010dne programe zvestobe. Modul zvestobe lahko dodate na eno ali ve\u010d lokacij, glede na va\u0161e potrebe in zahteve. Svojim strankam lahko omogo\u010dite preprosto zbiranje to\u010dk ali \u201cvra\u010dilo denarja\u201d na podlagi svojih lastnih pravil in pogojev (na primer 50 % popust na 10 obisk). Za \u0161e bolj\u0161e upravljanje z va\u0161imi strankami, pa nudimo tudi sistem za marketing avtomatizacijo.<\/p>\n\t\t\t<\/div>\n\t\t<\/div>\n\t\t\t\t<div id=\"qaef-2819\" class=\"qe-faq-toggle vec-poslovalnic\">\n\t\t\t<div class=\"qe-toggle-title\">\n\t\t\t\t<h4>\n\t\t\t\t\t<i class=\"fa fa-minus-circle\"><\/i> Katere so klju\u010dne prednosti za podjetja z ve\u010d poslovalnicami?\t\t\t\t<\/h4>\n\t\t\t<\/div>\n\t\t\t<div class=\"qe-toggle-content\">\n\t\t\t\t\n<p>SmartGifty nudi nivojski dostop razli\u010dnim uporabnikom, omogo\u010da 24\/7 vpogled v vse transakcije z darilnimi karticami in programi zvestobe, ustvarja pozitiven odnos med blagovno znamko in va\u0161imi strankami, pove\u010duje stopnjo vra\u010danja strank, ustvarja nove stranke in dodatni zaslu\u017eek. Z njim lahko nagradite stranke, hkrati pa jih za\u010dnete bolje spoznavati. Re\u0161itev ponuja tudi razli\u010dne statisti\u010dne podatke, ki vam bodo v pomo\u010d pri na\u010drtovanju u\u010dinkovitih marketin\u0161kih aktivnosti v prihodnosti.<\/p>\n\t\t\t<\/div>\n\t\t<\/div>\n\t\t\t\t<div id=\"qaef-2818\" class=\"qe-faq-toggle vec-poslovalnic\">\n\t\t\t<div class=\"qe-toggle-title\">\n\t\t\t\t<h4>\n\t\t\t\t\t<i class=\"fa fa-minus-circle\"><\/i> Koliko \u010dasa traja uvedba SmartGifty v vseh poslovalnicah?\t\t\t\t<\/h4>\n\t\t\t<\/div>\n\t\t\t<div class=\"qe-toggle-content\">\n\t\t\t\t\n<p>SmartGifty je v celoti razvit, preizku\u0161en in pripravljen za uporabo takoj, ko ste pripravljeni vi. Implementacija je odvisna predvsem od tega, kako hitro lahko zagotovite potrebne informacije ter morebitne \u017eelene povezave z va\u0161im obstoje\u010dim sistemom. V povpre\u010dju traja od 2 tednov do pribli\u017eno 2 mesecev.<\/p>\n\t\t\t<\/div>\n\t\t<\/div>\n\t\t\t\t<div id=\"qaef-2817\" class=\"qe-faq-toggle vec-poslovalnic\">\n\t\t\t<div class=\"qe-toggle-title\">\n\t\t\t\t<h4>\n\t\t\t\t\t<i class=\"fa fa-minus-circle\"><\/i> Kaj mislimo z izrazom  \u201cpodjetji z ve\u010d poslovalnicami\u201d?\t\t\t\t<\/h4>\n\t\t\t<\/div>\n\t\t\t<div class=\"qe-toggle-content\">\n\t\t\t\t\n<p>Recimo, da imate ve\u010d kavarn, trgovin, restavracij ali kaj drugega. V tem primeru vas obravnavamo kot podjetje z ve\u010d poslovalnicami. SmartGifty vam omogo\u010da povezovanje vseh poslovalnic in va\u0161im strankam nudi konsistentno uporabni\u0161ko izku\u0161njo v vseh svojih poslovalnicah. Svojim strankam lahko ponudite darilno kartico in\/ali program zvestobe.<\/p>\n\t\t\t<\/div>\n\t\t<\/div>\n\t\t\t\t<div id=\"qaef-2816\" class=\"qe-faq-toggle vec-poslovalnic\">\n\t\t\t<div class=\"qe-toggle-title\">\n\t\t\t\t<h4>\n\t\t\t\t\t<i class=\"fa fa-minus-circle\"><\/i> Kaj je SmartGifty za podjetja z ve\u010d poslovalnicami?\t\t\t\t<\/h4>\n\t\t\t<\/div>\n\t\t\t<div class=\"qe-toggle-content\">\n\t\t\t\t\n<p>SmartGifty je digitalizirana re\u0161itev za upravljanje darilnih kartic, ki se uporablja v razli\u010dnih nakupovalnih centrih in podjetjih po Evropi. SmarGifty je preprost na\u010din povezovanja razli\u010dnih poslovalnic z eno darilno kartico in enim programom zvestobe \u2013 preprosto, hitro in enostavno. Vse kar potrebujete je dostop do interneta, uporabni\u0161ko ime in geslo. Lahko se implementira popolnoma neodvisno ali pa se integrira z va\u0161o obstoje\u010do programsko opremo preko API povezav (blagajna).<\/p>\n\t\t\t<\/div>\n\t\t<\/div>\n\t\t\t\t<div id=\"qaef-2815\" class=\"qe-faq-toggle nakupovalni-centri\">\n\t\t\t<div class=\"qe-toggle-title\">\n\t\t\t\t<h4>\n\t\t\t\t\t<i class=\"fa fa-minus-circle\"><\/i> Kako varen je SmartGifty za nakupovalni center, najemnike in stranke?\t\t\t\t<\/h4>\n\t\t\t<\/div>\n\t\t\t<div class=\"qe-toggle-content\">\n\t\t\t\t\n<p>SmartGifty je zelo varen (tako kot druga \u201cfintech\u201d podjetja) in vsi finan\u010dni tokovi potekajo med vami (va\u0161imi najemniki) in va\u0161imi strankami &#8211; sredstva od prodaje darilnih kartic so vedno na va\u0161em ban\u010dnem ra\u010dunu. Za shranjevanje in varnostno kopiranje podatkov uporabljamo Amazon stre\u017enike, darilne kartice pa so opremljene z edinstveno numeri\u010dno kodo, QR kodo ali RFID \u010dipom. Poleg omenjena ima vsaka kartica tudi varnostno PIN \u0161tevilko.<\/p>\n\t\t\t<\/div>\n\t\t<\/div>\n\t\t\t\t<div id=\"qaef-2814\" class=\"qe-faq-toggle nakupovalni-centri\">\n\t\t\t<div class=\"qe-toggle-title\">\n\t\t\t\t<h4>\n\t\t\t\t\t<i class=\"fa fa-minus-circle\"><\/i> Ali je SmartGifty zapleteno implementirati v nakupovalem centru?\t\t\t\t<\/h4>\n\t\t\t<\/div>\n\t\t\t<div class=\"qe-toggle-content\">\n\t\t\t\t\n<p>Absolutno ne. Vse kar potrebujete je dostop do interneta, uporabni\u0161ko ime in geslo. Lahko se implementira popolnoma neodvisno ali pa se integrira z va\u0161o obstoje\u010do programsko opremo prek API povezav (blagajna).<\/p>\n\t\t\t<\/div>\n\t\t<\/div>\n\t\t\t\t<div id=\"qaef-2813\" class=\"qe-faq-toggle nakupovalni-centri\">\n\t\t\t<div class=\"qe-toggle-title\">\n\t\t\t\t<h4>\n\t\t\t\t\t<i class=\"fa fa-minus-circle\"><\/i> Kako poteka prodaja in unov\u010denje darilnih kartic v nakupovalnem centru?\t\t\t\t<\/h4>\n\t\t\t<\/div>\n\t\t\t<div class=\"qe-toggle-content\">\n\t\t\t\t\n<p>SmartGifty je spletna platforma. To pomeni, da je za delovanje sistema potreben dostop do interneta, za samo uporabo pa se potrebuje ra\u010dunalnik, mobilna naprava ali POS terminal. Prodaja darilnih kartic je hitra in uporabniku prijazna &#8211; preko infopulta, avtomata za darilne kartic ali preko spletne strani (nudimo tudi opcijo razvoja spletne trgovine za prodajo va\u0161ih darilnih kartic). Unov\u010denje v trgovinah, kavarnah ali restavracijah je enostavno s \u010ditalci \u010drtne kode, mobilnimi telefoni ali ro\u010dnimi mobilnimi terminali.<\/p>\n\t\t\t<\/div>\n\t\t<\/div>\n\t\t\t\t<div id=\"qaef-2812\" class=\"qe-faq-toggle nakupovalni-centri\">\n\t\t\t<div class=\"qe-toggle-title\">\n\t\t\t\t<h4>\n\t\t\t\t\t<i class=\"fa fa-minus-circle\"><\/i> Katere so klju\u010dne prednosti za nakupovalni center?\t\t\t\t<\/h4>\n\t\t\t<\/div>\n\t\t\t<div class=\"qe-toggle-content\">\n\t\t\t\t\n<p>SmartGifty vam omogo\u010da, da pove\u017eete vse svoje najemnike z eno re\u0161itvijo za prodajo in unov\u010denje darilnih kartic. Ponuja ve\u010dnivojske dostope, zagotavlja 24\/7 v realnem \u010dasu vpogled v vse transakcije z darilnimi karticami, ustvarja pozitiven odnos med va\u0161o blagovno znamko in va\u0161imi strankami, pove\u010duje stopnjo vra\u010danja obiskovalcev, ustvarja nove stranke in dodatne prihodke. Re\u0161itev vam nudi tudi razli\u010dne statisti\u010dne podatke, ki vam bodo v pomo\u010d pri na\u010drtovanju u\u010dinkovitih marketin\u0161kih aktivnosti nakupovalnih centrov v prihodnosti.<\/p>\n\t\t\t<\/div>\n\t\t<\/div>\n\t\t\t\t<div id=\"qaef-2811\" class=\"qe-faq-toggle nakupovalni-centri\">\n\t\t\t<div class=\"qe-toggle-title\">\n\t\t\t\t<h4>\n\t\t\t\t\t<i class=\"fa fa-minus-circle\"><\/i> Kaj je SmartGifty za nakupovalne centre?\t\t\t\t<\/h4>\n\t\t\t<\/div>\n\t\t\t<div class=\"qe-toggle-content\">\n\t\t\t\t\n<p>SmartGifty je digitalizirana re\u0161itev za upravljanje darilnih kartic, ki se \u017ee uporablja v ve\u010d nakupovalnih sredi\u0161\u010dih po Evropi in vam lahko pomaga pri implementaciji darilnih kartic v va\u0161em nakupovalnem centru. Je spletna platforma, ki pomaga pri prodaji, unov\u010devanju in analizi darilnih kartic in jo je mogo\u010de enostavno nadgraditi v razli\u010dne programe zvestobe.<\/p>\n\t\t\t<\/div>\n\t\t<\/div>\n\t\t\t\t<div id=\"qaef-1188\" class=\"qe-faq-toggle darilne-kartice nakupovalni-centri vstopna-stran\">\n\t\t\t<div class=\"qe-toggle-title\">\n\t\t\t\t<h4>\n\t\t\t\t\t<i class=\"fa fa-minus-circle\"><\/i> Kaj je SmartGifty?\t\t\t\t<\/h4>\n\t\t\t<\/div>\n\t\t\t<div class=\"qe-toggle-content\">\n\t\t\t\t\n<p>SmartGifty je digitalizirana re\u0161itev za upravljanje darilnih kartic, ki se uporablja v \u0161tevilnih nakupovalnih sredi\u0161\u010dih po Evropi. Primerna je tudi za razli\u010dna podjetja, ki s strankami poslujejo na ve\u010d lokacijah.<br>SmartGifty je spletna platforma, ki omogo\u010da prodajo, unov\u010denje darilnih kartic ter vpogled v analizo uspe\u0161nosti poslovanja z darilnimi karticami. Mo\u017ena je hitra nadgradnja v razli\u010dne programe zvestobe.<\/p>\n\t\t\t<\/div>\n\t\t<\/div>\n\t\t\t\t<div id=\"qaef-1189\" class=\"qe-faq-toggle vstopna-stran\">\n\t\t\t<div class=\"qe-toggle-title\">\n\t\t\t\t<h4>\n\t\t\t\t\t<i class=\"fa fa-minus-circle\"><\/i> Kaj je druga\u010de pri SmartGifty?\t\t\t\t<\/h4>\n\t\t\t<\/div>\n\t\t\t<div class=\"qe-toggle-content\">\n\t\t\t\t\n<p>SmartGifty je enostaven in hiter za implementacijo, ponuja odli\u010dno uporabni\u0161ko izku\u0161njo in je stro\u0161kovno u\u010dinkovit. Za razliko od drugih ponudnikov ponujamo zaprto zanko (v skladu z obstoje\u010dimi uredbami tega podro\u010dja), v kateri so sredstva od prodaje va\u0161ih darilnih kartic vedno na va\u0161em ban\u010dnem ra\u010dunu. Vi imate popoln nadzor in popoln pregled nad vsemi transakcijami. Ste iizdajatelj svojih darilnih kartic in sami dolo\u010date pravila uporabe darilnih kartic (veljavnost, minimalna in maksimalna vrednost, mo\u017enost podalj\u0161anja veljavnosti, dizajn, \u2026). Nudimo tudi mo\u017enost digitalne e-darilne kartice v skladu s trendi digitalnega nakupovanja, poleg tega pa imamo popoln sistem podpore z lastnimi programerji in oddelkom za tr\u017eenje (desetletje izku\u0161enj na podro\u010dju IT in identifikacijskih tehnologij). Stopiti v kontakt z nami je enostavno &gt; mi smo tukaj, da vam pomagamo in podpiramo.<\/p>\n\t\t\t<\/div>\n\t\t<\/div>\n\t\t\t\t<div id=\"qaef-1190\" class=\"qe-faq-toggle vstopna-stran\">\n\t\t\t<div class=\"qe-toggle-title\">\n\t\t\t\t<h4>\n\t\t\t\t\t<i class=\"fa fa-minus-circle\"><\/i> Komu je namenjen SmartGifty?\t\t\t\t<\/h4>\n\t\t\t<\/div>\n\t\t\t<div class=\"qe-toggle-content\">\n\t\t\t\t\n<p>Sprva je bila re\u0161itev zasnovana za nakupovalne centre oz verige nakupovalnih centrov. Nato smo platformo prilagodili za trgovine, kavarne in restavracije, pri \u010demer najbolj prav pride podjetjem ki poslujejo na ve\u010dih lokacijah oz imajo ve\u010d poslovalnic. Primeren je za vsa mala, srednje velika in velika podjetja \u2013 za optimizacijo in pove\u010danje poslovanja z darilnimi karticami ali uvedbo novega produkta z razli\u010dnimi ugodnostmi za vse vpletene.<\/p>\n\t\t\t<\/div>\n\t\t<\/div>\n\t\t\t\t<div id=\"qaef-1191\" class=\"qe-faq-toggle vstopna-stran\">\n\t\t\t<div class=\"qe-toggle-title\">\n\t\t\t\t<h4>\n\t\t\t\t\t<i class=\"fa fa-minus-circle\"><\/i> Kako varen je SmartGifty?\t\t\t\t<\/h4>\n\t\t\t<\/div>\n\t\t\t<div class=\"qe-toggle-content\">\n\t\t\t\t\n<p>SmartGifty je zelo varen (tako kot druga \u201cfintech\u201d podjetja) in vsi finan\u010dni tokovi potekajo med vami (va\u0161imi najemniki) in va\u0161imi strankami &#8211; sredstva od prodaje darilnih kartic so vedno na va\u0161em ban\u010dnem ra\u010dunu. Za shranjevanje in varnostno kopiranje podatkov uporabljamo Amazonove stre\u017enike, darilne kartice in kartice zvestobe pa so opremljene z edinstveno \u010drtno kodo, kodo QR ali \u010dipom RFID. Vse mo\u017enosti imajo tudi \u0161tevilke PIN za varnost strank. Prijava v SmartGifty je za\u0161\u010ditena z uporabni\u0161kim imenom in geslom ter nudi dostop na ve\u010d ravneh za va\u0161e marketin\u0161ko, ra\u010dunovodsko in prodajno osebje.<\/p>\n\t\t\t<\/div>\n\t\t<\/div>\n\t\t\t\t<div id=\"qaef-1192\" class=\"qe-faq-toggle vstopna-stran\">\n\t\t\t<div class=\"qe-toggle-title\">\n\t\t\t\t<h4>\n\t\t\t\t\t<i class=\"fa fa-minus-circle\"><\/i> Kako deluje SmartGifty?\t\t\t\t<\/h4>\n\t\t\t<\/div>\n\t\t\t<div class=\"qe-toggle-content\">\n\t\t\t\t\n<p>SmartGifty je spletna platforma. To pomeni, da deluje 24\/7 na vseh ra\u010dunalnikih z dostopom do interneta. Prodaja darilnih kartic je hitra in uporabni\u0161ko prijazna. Unov\u010denje v trgovinah, kavarnah ali restavracijah je enostavno z \u010ditalci \u010drtne kode, mobilnimi telefoni ali ro\u010dnimi terminali.<\/p>\n\t\t\t<\/div>\n\t\t<\/div>\n\t\t\t\t<div id=\"qaef-1194\" class=\"qe-faq-toggle vstopna-stran\">\n\t\t\t<div class=\"qe-toggle-title\">\n\t\t\t\t<h4>\n\t\t\t\t\t<i class=\"fa fa-minus-circle\"><\/i> Koliko stane SmartGifty?\t\t\t\t<\/h4>\n\t\t\t<\/div>\n\t\t\t<div class=\"qe-toggle-content\">\n\t\t\t\t\n<p>Cena SmartGifty je odvisna od velikosti va\u0161ega podjetja, kjer lahko dodatne lokacije prinesejo optimizacijo stro\u0161kov. Ponujamo dve mo\u017enosti &#8211; eno za ve\u010dje verige nakupovalnih centrov in drugo za manj\u0161e, samostojne trgovske centre. Celotni stro\u0161ek vsebuje za\u010detni, enkratni stro\u0161ek za postavitev sistema in mese\u010dni stro\u0161ek za uporabo SmartGifty sistema. Ponujamo razli\u010dne mo\u017enosti sodelovanja (naro\u010dnik se lahko odlo\u010di, da nima za\u010detnih stro\u0161kov ustanovitve, ampak si delimo dobi\u010dek od prodaje darilnih kartic).<\/p>\n\t\t\t<\/div>\n\t\t<\/div>\n\t\t\t\t<div id=\"qaef-1195\" class=\"qe-faq-toggle darilne-kartice\">\n\t\t\t<div class=\"qe-toggle-title\">\n\t\t\t\t<h4>\n\t\t\t\t\t<i class=\"fa fa-minus-circle\"><\/i> Kaj je druga\u010dno pri SmartGiftyju?\t\t\t\t<\/h4>\n\t\t\t<\/div>\n\t\t\t<div class=\"qe-toggle-content\">\n\t\t\t\t\n<p>Re\u0161itev je enostavna in hitra za implementacijo, ponuja odli\u010dno uporabni\u0161ko izku\u0161njo in je stro\u0161kovno u\u010dinkovita. Vi ste izdajatelj svojih darilnih kartic in sami dolo\u010date pravila o uporabi darilnih kartic (veljavnost, minimalna in najve\u010dja vrednost, mo\u017enost podalj\u0161anja veljavnosti, oblikovanje, \u2026 .).<\/p>\n\n\n\n<p>Vsa pla\u010dila so pla\u010dana neposredno vam in vsa sredstva iz va\u0161ega poslovanja z darilnimi karticami so na va\u0161em ban\u010dnem ra\u010dunu. Ne sodelujemo z zunanjimi izvajalci, saj vam interno nudimo popoln sistem podpore z lastnimi programerji in marketin\u0161kim oddelkom (desetletje izku\u0161enj na podro\u010dju IT in identifikacijskih tehnologij).<\/p>\n\n\n\n<p>S trgovinami in nakupovalnimi centri sodelujemo \u017ee leta, zato imamo izku\u0161nje in znanje o industriji in sektorju. Smatramo se za va\u0161e partnerje in na\u0161 cilj je pomagati vam pri rasti.<\/p>\n\t\t\t<\/div>\n\t\t<\/div>\n\t\t\t\t<div id=\"qaef-1196\" class=\"qe-faq-toggle darilne-kartice\">\n\t\t\t<div class=\"qe-toggle-title\">\n\t\t\t\t<h4>\n\t\t\t\t\t<i class=\"fa fa-minus-circle\"><\/i> Zakaj ponuditi darilne kartice svojim strankam?\t\t\t\t<\/h4>\n\t\t\t<\/div>\n\t\t\t<div class=\"qe-toggle-content\">\n\t\t\t\t\n<p>Uvedba novega produkta je lahko te\u017eka in stresna. vendar ponuditi svojim strankam produkt kot so darilne kartice, lahko pove\u010da prepoznavnost va\u0161e blagovne znamke, pove\u010da zadovoljstvo potro\u0161nikov, tako da jim ponudi sodoben in prilagodljiv na\u010din obdarovanja in \u0161e ve\u010d. Darilne kartice so tudi odli\u010den na\u010din, da pove\u010date svoj letni prora\u010dun za marketing ali ustvarite prihranke za podjetje.<\/p>\n\t\t\t<\/div>\n\t\t<\/div>\n\t\t\t\t<div id=\"qaef-1199\" class=\"qe-faq-toggle darilne-kartice\">\n\t\t\t<div class=\"qe-toggle-title\">\n\t\t\t\t<h4>\n\t\t\t\t\t<i class=\"fa fa-minus-circle\"><\/i> Ali je mogo\u010de obstoje\u010de darilne bone integrirati v SmartGifty?\t\t\t\t<\/h4>\n\t\t\t<\/div>\n\t\t\t<div class=\"qe-toggle-content\">\n\t\t\t\t\n<p>\u010ce so identifikacijske kode va\u0161ih darilnih bonov digitalizirane (na primer seznam v excelu), jih je mogo\u010de uvoziti v SmartGifty. Svojim strankam lahko ponudite tudi menjavo darilnih bonov za darilno kartico. Prehod z bonov brez operacijskega sistema na re\u0161itev SmartGifty je gladek in enostaven. SmartGifty je primeren za podjetja, ki \u017ee imajo darilne bone in podjetja, ki ne ponujajo darilnih bonov. Je popolnoma neodvisen in se lahko uporablja v obeh primerih.<\/p>\n\t\t\t<\/div>\n\t\t<\/div>\n\t\t\t\t<div id=\"qaef-1200\" class=\"qe-faq-toggle darilne-kartice nakupovalni-centri vec-poslovalnic\">\n\t\t\t<div class=\"qe-toggle-title\">\n\t\t\t\t<h4>\n\t\t\t\t\t<i class=\"fa fa-minus-circle\"><\/i> Programi zvestobe s SmartGifty?\t\t\t\t<\/h4>\n\t\t\t<\/div>\n\t\t\t<div class=\"qe-toggle-content\">\n\t\t\t\t\n<p>SmartGifty je mogo\u010de enostavno nadgraditi za razli\u010dne programe zvestobe. Modul zvestobe (ad-on) za prilagojene programe vra\u010dila denarja lahko dodate na eno ali ve\u010d lokacij, glede na va\u0161e potrebe in zahteve.<\/p>\n\t\t\t<\/div>\n\t\t<\/div>\n\t\t\t\t<div id=\"qaef-1201\" class=\"qe-faq-toggle darilne-kartice\">\n\t\t\t<div class=\"qe-toggle-title\">\n\t\t\t\t<h4>\n\t\t\t\t\t<i class=\"fa fa-minus-circle\"><\/i> Tiskanje in dostava kartic?\t\t\t\t<\/h4>\n\t\t\t<\/div>\n\t\t\t<div class=\"qe-toggle-content\">\n\t\t\t\t\n<p>Nudimo celotno storitev, vklju\u010dno s tiskanjem in dostavo darilnih kartic oziroma kartic zvestobe. Sodelujemo s preizku\u0161enimi in zaupanja vrednimi partnerji po vsej Evropi, ki ponujajo razli\u010dne mo\u017enosti darilnih kartic, od plasti\u010dnih do papirnatih in lesenih kartic. Ta storitev je na voljo, vendar ni obvezna. Kartice lahko tiskate tudi sami s svojimi dobavitelji.<\/p>\n\t\t\t<\/div>\n\t\t<\/div>\n\t\t\t\t<div id=\"qaef-1205\" class=\"qe-faq-toggle darilne-kartice\">\n\t\t\t<div class=\"qe-toggle-title\">\n\t\t\t\t<h4>\n\t\t\t\t\t<i class=\"fa fa-minus-circle\"><\/i> Spletna prodaja darilnih kartic?\t\t\t\t<\/h4>\n\t\t\t<\/div>\n\t\t\t<div class=\"qe-toggle-content\">\n\t\t\t\t\n<p>SmartGifty deluje neodvisno od va\u0161ega spletnega mesta ali spletne trgovine, vendar ga je mogo\u010de enostavno integrirati. Nudimo tudi programiranje spletnih strani\/spletnih trgovin s celovitim spletnim pla\u010dilnim sistemom (obi\u010dajno sodelujemo s Stripeom). Za stranke, ki nimajo svoje spletne trgovine ali za tiste, ki potrebujejo hitro, kratkoro\u010dno re\u0161itev, ponujamo preprosto, mobilnim prijazno in u\u010dinkovito spletno trgovino za va\u0161e darilne kartice. Tukaj si oglejte primer. Prodaja darilnih kartic prek spleta ni obvezna, je pa priporo\u010dljiva zaradi nara\u0161\u010dajo\u010dih trendov spletnega nakupovanja na ve\u010dih napravah.<\/p>\n\t\t\t<\/div>\n\t\t<\/div>\n\t\t\t\t<div id=\"qaef-1206\" class=\"qe-faq-toggle nakupovalni-centri\">\n\t\t\t<div class=\"qe-toggle-title\">\n\t\t\t\t<h4>\n\t\t\t\t\t<i class=\"fa fa-minus-circle\"><\/i> Nimate info to\u010dke v nakupovalnem centru?\t\t\t\t<\/h4>\n\t\t\t<\/div>\n\t\t\t<div class=\"qe-toggle-content\">\n\t\t\t\t\n<p>V primeru, da nimate informacijskega pulta, je mo\u017eno prilagojen SmartGifty implementirati drugje in prodajo v va\u0161em imenu lahko vr\u0161i va\u0161 partnerska to\u010dka &#8211; prodajalna. Hkrati nudimo tudi darilomat (kiosk za prodajo darilnih kartic( in razvoj spletne trgovine.<\/p>\n\t\t\t<\/div>\n\t\t<\/div>\n\t\t            <\/div>\n\t\t<\/code><\/code><\/p>\n","protected":false},"excerpt":{"rendered":"<p>Pogosta vpra\u0161anja<\/p>\n","protected":false},"author":3,"featured_media":0,"parent":0,"menu_order":0,"comment_status":"closed","ping_status":"closed","template":"page-privacy.php","meta":{"inline_featured_image":false,"footnotes":""},"class_list":["post-1132","page","type-page","status-publish","hentry"],"aioseo_notices":[],"_links":{"self":[{"href":"https:\/\/smartgifty.com\/sl\/wp-json\/wp\/v2\/pages\/1132\/"}],"collection":[{"href":"https:\/\/smartgifty.com\/sl\/wp-json\/wp\/v2\/pages\/"}],"about":[{"href":"https:\/\/smartgifty.com\/sl\/wp-json\/wp\/v2\/types\/page\/"}],"author":[{"embeddable":true,"href":"https:\/\/smartgifty.com\/sl\/wp-json\/wp\/v2\/users\/3\/"}],"replies":[{"embeddable":true,"href":"https:\/\/smartgifty.com\/sl\/wp-json\/wp\/v2\/comments\/?post=1132"}],"version-history":[{"count":4,"href":"https:\/\/smartgifty.com\/sl\/wp-json\/wp\/v2\/pages\/1132\/revisions\/"}],"predecessor-version":[{"id":3821,"href":"https:\/\/smartgifty.com\/sl\/wp-json\/wp\/v2\/pages\/1132\/revisions\/3821\/"}],"wp:attachment":[{"href":"https:\/\/smartgifty.com\/sl\/wp-json\/wp\/v2\/media\/?parent=1132"}],"curies":[{"name":"wp","href":"https:\/\/api.w.org\/{rel}","templated":true}]}}