{"id":1142,"date":"2021-11-10T11:04:16","date_gmt":"2021-11-10T10:04:16","guid":{"rendered":"https:\/\/smartgifty.com\/?page_id=1142"},"modified":"2024-01-10T21:38:23","modified_gmt":"2024-01-10T20:38:23","slug":"politika-zasebnosti","status":"publish","type":"page","link":"https:\/\/smartgifty.com\/sl\/politika-zasebnosti\/","title":{"rendered":"Politika zasebnosti"},"content":{"rendered":"\n<h1 class=\"wp-block-heading\">Politika zasebnosti<\/h1>\n\n\n\n<p><strong>I. Splo\u0161no<\/strong><\/p>\n\n\n\n<p>Smart Octopus Solutions Ltd. (v nadaljevanju: SOS) je lastnik in upravljavec spletnega mesta www.smartgifty.com.<br>Lastnik spletnega mesta spo\u0161tuje pravico uporabnikov do zasebnosti in si prizadeva za najvi\u0161jo raven varstva osebnih podatkov. Dol\u017ean je ravnati v skladu z zakoni in drugimi predpisi, ki opredeljujejo varstvo osebnih podatkov, zlasti v skladu z Zakonom o varstvu osebnih podatkov, Zakonom o elektronskih komunikacijah in Splo\u0161no uredbo EU o varstvu podatkov.<\/p>\n\n\n\n<p><strong>II. Za\u0161\u010dita osebnih podatkov in zasebnosti<\/strong><\/p>\n\n\n\n<p>Politika zasebnosti velja za vsakogar, ki velja za uporabnika, in velja za celotno spletno mesto, vklju\u010dno z vsemi njegovimi podstrani. Uporabnik je vsaka pravna ali fizi\u010dna oseba, ki uporablja ali obi\u0161\u010de spletno mesto. Uporabnik z uporabo spletnega mesta potrjuje, da se strinja s to Politiko zasebnosti. Ponudnik si pridr\u017euje pravico, da kadar koli brez predhodnega obvestila spremeni katero koli dolo\u010dbo Politike zasebnosti. Z nadaljnjo uporabo spletne strani se uporabnik strinja s spremembami.<\/p>\n\n\n\n<p><strong>III. Namen zbiranja in shranjevanja podatkov<\/strong><\/p>\n\n\n\n<p>Osebne podatke, zbrane na spletnem mestu, upravlja lastnik spletnega mesta. Uporabnik se strinja, da SOS zbira in obdeluje njegove osebne podatke za poslovanje in nadaljnjo komunikacijo z uporabnikom.<br>Lastnik spletnega mesta v nobenem primeru ne bo prodajal, posojal ali na kakr\u0161en koli drug na\u010din posredoval podatke o uporabnikih nepoobla\u0161\u010denim tretjim osebam brez privolitve uporabnikov. Po potrebi se podatki posredujejo pogodbenim partnerjem, ki skrbijo za delovanje in vzdr\u017eevanje spletnega mesta in so dol\u017eni varovati osebne podatke pod enakimi pogoji kot lastnik spletnega mesta.<br>Osebni podatki uporabnikov so shranjeni v bazi podatkov, ki jo SOS upravlja v skladu s politiko podjetja, za \u010das trajanja razmerja med uporabnikom in SOS ali dokler uporabnik ne zahteva izbrisa svojih podatkov iz baze podatkov.<br>Uporabnik lahko kadar koli vlo\u017ei pisno zahtevo za brisanje, pregled, prenos ali spremembo svojih podatkov iz baze podatkov. \u010ce \u017eelite vlo\u017eiti zahtevo za brisanje, pregled, prenos ali spremembo svojih podatkov, po\u0161ljite e -po\u0161tno sporo\u010dilo na info@smartgifty.com. SOS bo na zahtevo uporabnika odgovoril v osmih (8) delovnih dneh.<\/p>\n\n\n\n<p><strong>IV. Uporabnikova pravica do preverjanja<\/strong><\/p>\n\n\n\n<p>Uporabnik ima pravico preveriti izvajanje za\u0161\u010dite in obdelave osebnih podatkov v SOS. Uporabnik mora najaviti pregled prostorov in opreme najmanj pet (5) delovnih dni vnaprej. Zaradi varovanja poslovnih skrivnosti in drugih ob\u010dutljivih podatkov ponudnika se pregled opravi v prisotnosti poobla\u0161\u010dene osebe, ki jo imenuje SOS.<\/p>\n\n\n\n<p><strong>V. Varstvo osebnih podatkov<\/strong><\/p>\n\n\n\n<p>Osebni podatki so za\u0161\u010diteni v okviru pravnih, organizacijskih in ustreznih logi\u010dno-tehni\u010dnih postopkov in ukrepov za prepre\u010ditev nenamernega ali namernega nepoobla\u0161\u010denega uni\u010denja podatkov, njihove spremembe ali izgube ter nepoobla\u0161\u010dene obdelave takih podatkov z:<br>\u2022 za\u0161\u010dita prostorov, opreme in sistemske programske opreme, vklju\u010dno z V\/I enotami;<br>\u2022 varovanje programske opreme za obdelavo osebnih podatkov;<br>\u2022 prepre\u010devanje nepoobla\u0161\u010denega dostopa do osebnih podatkov med prenosom, vklju\u010dno s prenosom po telekomunikacijskih sredstvih in omre\u017ejih;<br>\u2022 zagotavljanje u\u010dinkovitega na\u010dina za blokiranje, uni\u010denje, brisanje ali anonimizacijo osebnih podatkov;<br>\u2022 zagotavljanje sledljivosti, kdaj so bili posamezni osebni podatki uporabljeni in vneseni v zbirko podatkov ter kdo je to operacijo izvajal, za celotno obdobje, v katerem se posamezni podatki hranijo.<\/p>\n\n\n\n<p><strong>VI. Kon\u010dne dolo\u010dbe<br><br><\/strong>Za vsa dodatna pojasnila v zvezi s Politiko zasebnosti se obrnite na info@smartgifty.com. Politika zasebnosti velja od 02. aprila 2021.<\/p>\n","protected":false},"excerpt":{"rendered":"<p>Politika zasebnosti I. Splo\u0161no Smart Octopus Solutions Ltd. (v nadaljevanju: SOS) je lastnik in upravljavec spletnega mesta www.smartgifty.com.Lastnik spletnega mesta spo\u0161tuje pravico uporabnikov do zasebnosti in si prizadeva za najvi\u0161jo raven varstva osebnih podatkov. Dol\u017ean je ravnati v skladu z zakoni in drugimi predpisi, ki opredeljujejo varstvo osebnih podatkov, zlasti v skladu z Zakonom o &hellip;<\/p>\n<p class=\"read-more\"> <a class=\"\" href=\"https:\/\/smartgifty.com\/sl\/politika-zasebnosti\/\"> <span class=\"screen-reader-text\">Politika zasebnosti<\/span> Read More &raquo;<\/a><\/p>\n","protected":false},"author":3,"featured_media":0,"parent":0,"menu_order":0,"comment_status":"closed","ping_status":"closed","template":"page-privacy.php","meta":{"inline_featured_image":false,"footnotes":""},"class_list":["post-1142","page","type-page","status-publish","hentry"],"aioseo_notices":[],"_links":{"self":[{"href":"https:\/\/smartgifty.com\/sl\/wp-json\/wp\/v2\/pages\/1142\/"}],"collection":[{"href":"https:\/\/smartgifty.com\/sl\/wp-json\/wp\/v2\/pages\/"}],"about":[{"href":"https:\/\/smartgifty.com\/sl\/wp-json\/wp\/v2\/types\/page\/"}],"author":[{"embeddable":true,"href":"https:\/\/smartgifty.com\/sl\/wp-json\/wp\/v2\/users\/3\/"}],"replies":[{"embeddable":true,"href":"https:\/\/smartgifty.com\/sl\/wp-json\/wp\/v2\/comments\/?post=1142"}],"version-history":[{"count":4,"href":"https:\/\/smartgifty.com\/sl\/wp-json\/wp\/v2\/pages\/1142\/revisions\/"}],"predecessor-version":[{"id":1487,"href":"https:\/\/smartgifty.com\/sl\/wp-json\/wp\/v2\/pages\/1142\/revisions\/1487\/"}],"wp:attachment":[{"href":"https:\/\/smartgifty.com\/sl\/wp-json\/wp\/v2\/media\/?parent=1142"}],"curies":[{"name":"wp","href":"https:\/\/api.w.org\/{rel}","templated":true}]}}