{"id":1147,"date":"2021-11-10T11:06:34","date_gmt":"2021-11-10T10:06:34","guid":{"rendered":"https:\/\/smartgifty.com\/?page_id=1147"},"modified":"2024-01-10T21:42:48","modified_gmt":"2024-01-10T20:42:48","slug":"splosni-pogoji-uporabe","status":"publish","type":"page","link":"https:\/\/smartgifty.com\/sl\/splosni-pogoji-uporabe\/","title":{"rendered":"Splo\u0161ni pogoji uporabe"},"content":{"rendered":"\n<h1 class=\"wp-block-heading\">Splo\u0161ni pogoji uporabe<\/h1>\n\n\n\n<p>Blagovna znamka SmartGifty <\/p>\n\n\n\n<p>je v lasti podjetja Smart Octopus Solutions Ltd.<br>71-75 Shelton Street<br>London, Greater London<br>United Kingdom, WC2H 9J<br>Stegne 23, 1000 Ljubljana, Slovenija<br>Smart Octopus Solutions Ltd. (v nadaljevanju SOS) je lastnik spletnega mesta www.smartgifty.com<\/p>\n\n\n\n<p><strong>II. Sprejemanje<\/strong><\/p>\n\n\n\n<p>Z obiskom ali uporabo spletnega mesta www.smartgifty.com se strinjate z delovanjem spletnega mesta (ki velja za vse dele tega spletnega mesta, vklju\u010dno z njegovo postavitvijo, posameznimi elementi oblikovanja in kodo, pa tudi s katerim koli besedilom, zvokom, grafiko, animiranimi elementi ali katerim koli drugim vsebine).<\/p>\n\n\n\n<p><strong>III. Sprejemljiva uporaba<\/strong><\/p>\n\n\n\n<p>Spletno mesto smete uporabljati samo za namene, za katere je bilo oblikovano in ponujeno, ne pa za noben drug namen. Spletno mesto morate uporabljati odgovorno, pri tem pa upo\u0161tevati u\u010dinke, ki jih ima lahko va\u0161a uporaba na druge uporabnike tega spletnega mesta in SOS. Primeri sprejemljive uporabe vklju\u010dujejo brskanje po razli\u010dnih straneh in stik z lastnikom spletnega mesta. Primeri neprimerne uporabe bi vklju\u010devali zasaditev zlonamerne programske opreme, virusov ali uporabo spletnega mesta za \u0161irjenje ne\u017eelene po\u0161te ali druge nepotrebne vsebine.<\/p>\n\n\n\n<p><strong>IV. Pravice uporabnikov in intelektualna lastnina<\/strong><\/p>\n\n\n\n<p>Vse pravice na tem spletnem mestu in vsebina na tem spletnem mestu (besedila, fotografije, grafike, zvo\u010dne datoteke, animacije, video posnetki in njihovi izpeljanke na spletnem mestu SmartGifty) so predmet avtorskih pravic in druge za\u0161\u010dite intelektualne lastnine in jih ni dovoljeno reproducirati ali uporabljati brez predhodnega pisnega dovoljenje lastnika (SOS). Dostop do spletnega mesta imate samo za va\u0161o osebno in nekomercialno uporabo. Razen za te dovoljene namene ter za namene in pod pogoji, predpisanimi v zakonih, ki veljajo na va\u0161i lokaciji, ne smete v nobeni obliki ali na kakr\u0161en koli na\u010din:<br>\u2022 prilagajati, reproducirati, shranjevati, distribuirati, prena\u0161ati, tiskati, prikazovati, izvajati, objavljati ali ustvarjati izpeljana dela s katerega koli dela te spletne strani; ali<br>\u2022 komercializirati informacije, izdelke ali storitve, pridobljene s katerega koli dela te spletne strani, brez na\u0161ega pisnega dovoljenja.<\/p>\n\n\n\n<p><strong>V. Zavrnitev odgovornosti<\/strong><\/p>\n\n\n\n<p>SOS si po najbolj\u0161ih mo\u010deh prizadeva zagotoviti, da so informacije, objavljene na spletnem mestu SmartGifty aktualne in posodobljene. Vendar SOS ni odgovoren za zagotovitev, da bo vsebina na tej spletni strani vedno brez napak, niti da bodo vse posredovane informacije posodobljene ali vedno pravilne. Ne prevzemamo odgovornosti za morebitne napake ali nepravilno vsebino, prikazano na tem spletnem mestu, ne glede na naravo teh podatkov.<\/p>\n\n\n\n<p><strong>VI. Odgovornost<\/strong><\/p>\n\n\n\n<p>Ob upo\u0161tevanju kakr\u0161nih koli odgovornosti, ki jih dolo\u010da zakon in jih ni mogo\u010de izklju\u010diti, vam noben \u010dlan dru\u017ebe SOS ne odgovarja za izgube, \u0161kodo, obveznosti, zahtevke in stro\u0161ke, ki izhajajo iz materiala na tem spletnem mestu ali se nanj nana\u0161ajo.<\/p>\n\n\n\n<p><strong>VII. Osebne prijave in obrazci za prijavo<\/strong><\/p>\n\n\n\n<p>SOS si pridr\u017euje pravico do objave obrazcev, ki uporabnikom omogo\u010dajo prijavo in dostop do osebnih materialov. Z ustvarjanjem prijave ste odgovorni za varnost va\u0161ih prijavnih podatkov. \u010ce je va\u0161 ra\u010dun ogro\u017een zaradi neza\u0161\u010ditenih podatkov za prijavo, SOS ne odgovarja za izgube, ki bi jih zaradi tega utrpeli.<\/p>\n\n\n\n<p><strong>VIII. Pi\u0161kotki in politika zasebnosti<\/strong><\/p>\n\n\n\n<p>SOS se zavezuje, da bo skrbno varoval zasebnost uporabnikov. Vsi osebni podatki so zaupni in v nobenem primeru ne bodo posredovani nepoobla\u0161\u010denim osebam. Podrobnosti o zbiranju in za\u0161\u010diti osebnih podatkov so na voljo na podstrani Politika zasebnosti. Spletno mesto SOS www.smartgifty.com uporablja spletne pi\u0161kotke za najbolj\u0161o storitev in uporabni\u0161ko izku\u0161njo (brskanje po spletnem mestu in nakup izdelkov). Podrobnosti o pi\u0161kotkih najdete na podstrani Politika pi\u0161kotkov.<\/p>\n\n\n\n<p><strong>IX. Povezave in naro\u010dnine<\/strong><\/p>\n\n\n\n<p>\u010ce uporabljate katero koli povezavo spletnega mesta, je to na lastno odgovornost. To spletno mesto lahko vsebuje povezave do drugih spletnih mest za va\u0161e udobje in ni nujno, da so aktualne ali posodobljene. SOS ne podpira, priporo\u010da ali odobrava nobenih informacij, izdelkov ali storitev, navedenih na teh povezanih spletnih mestih, in ne prevzema nobene odgovornosti za vsebino katerega koli drugega spletnega mesta.<\/p>\n\n\n\n<p><strong>X. Spremembe Splo\u0161nih pogojev uporabe<\/strong><\/p>\n\n\n\n<p>SOS lahko kadar koli in brez predhodnega obvestila spremeni Splo\u0161ne pogoje uporabe. To bo za\u010delo veljati takoj in vsako brskanje po kakr\u0161ni koli spremembi se bo \u0161telo za sprejetje teh pogojev.<\/p>\n\n\n\n<p><strong>XI. Splo\u0161no<\/strong><\/p>\n\n\n\n<p>Te Splo\u0161ne pogoje uporabe urejajo zakoni pristojnosti, iz katere dostopate do te spletne strani. \u010ce katera koli dolo\u010dba teh splo\u0161nih pogojev uporabe postane neveljavna, nezakonita ali neizvr\u0161ljiva v katerem koli delu, le-to ne vpliva na preostali del teh pogojev. SOS si pridr\u017euje tudi pravice, ki niso izrecno dodeljene v teh Splo\u0161nih pogojih uporabe.<\/p>\n","protected":false},"excerpt":{"rendered":"<p>Splo\u0161ni pogoji uporabe Blagovna znamka SmartGifty je v lasti podjetja Smart Octopus Solutions Ltd.71-75 Shelton StreetLondon, Greater LondonUnited Kingdom, WC2H 9JStegne 23, 1000 Ljubljana, SlovenijaSmart Octopus Solutions Ltd. (v nadaljevanju SOS) je lastnik spletnega mesta www.smartgifty.com II. Sprejemanje Z obiskom ali uporabo spletnega mesta www.smartgifty.com se strinjate z delovanjem spletnega mesta (ki velja za vse &hellip;<\/p>\n<p class=\"read-more\"> <a class=\"\" href=\"https:\/\/smartgifty.com\/sl\/splosni-pogoji-uporabe\/\"> <span class=\"screen-reader-text\">Splo\u0161ni pogoji uporabe<\/span> Read More &raquo;<\/a><\/p>\n","protected":false},"author":3,"featured_media":0,"parent":0,"menu_order":0,"comment_status":"closed","ping_status":"closed","template":"page-privacy.php","meta":{"inline_featured_image":false,"footnotes":""},"class_list":["post-1147","page","type-page","status-publish","hentry"],"aioseo_notices":[],"_links":{"self":[{"href":"https:\/\/smartgifty.com\/sl\/wp-json\/wp\/v2\/pages\/1147\/"}],"collection":[{"href":"https:\/\/smartgifty.com\/sl\/wp-json\/wp\/v2\/pages\/"}],"about":[{"href":"https:\/\/smartgifty.com\/sl\/wp-json\/wp\/v2\/types\/page\/"}],"author":[{"embeddable":true,"href":"https:\/\/smartgifty.com\/sl\/wp-json\/wp\/v2\/users\/3\/"}],"replies":[{"embeddable":true,"href":"https:\/\/smartgifty.com\/sl\/wp-json\/wp\/v2\/comments\/?post=1147"}],"version-history":[{"count":6,"href":"https:\/\/smartgifty.com\/sl\/wp-json\/wp\/v2\/pages\/1147\/revisions\/"}],"predecessor-version":[{"id":1559,"href":"https:\/\/smartgifty.com\/sl\/wp-json\/wp\/v2\/pages\/1147\/revisions\/1559\/"}],"wp:attachment":[{"href":"https:\/\/smartgifty.com\/sl\/wp-json\/wp\/v2\/media\/?parent=1147"}],"curies":[{"name":"wp","href":"https:\/\/api.w.org\/{rel}","templated":true}]}}