{"id":3907,"date":"2024-01-17T13:04:25","date_gmt":"2024-01-17T12:04:25","guid":{"rendered":"https:\/\/smartgifty.com\/?page_id=3907"},"modified":"2024-02-05T13:47:12","modified_gmt":"2024-02-05T12:47:12","slug":"studije-primerov1","status":"publish","type":"page","link":"https:\/\/smartgifty.com\/sl\/studije-primerov1\/","title":{"rendered":"\u0160tudije primerov"},"content":{"rendered":"\n<h1 class=\"wp-block-heading\">\u0160tudije primerov<\/h1>\n\n\n\t\t<div\r\n\t\t\tclass='wp-block-ap-block-posts apbAdvancedPosts alignwide'\r\n\t\t\tid='apbAdvancedPosts-17028fd5-d'\r\n\t\t\tdata-attributes='{&quot;cId&quot;:&quot;17028fd5-d&quot;,&quot;columnGap&quot;:23,&quot;rowGap&quot;:53,&quot;selectedCategories&quot;:[71],&quot;postsPerPage&quot;:30,&quot;contentBG&quot;:{&quot;color&quot;:&quot;rgba(242, 242, 242, 1)&quot;,&quot;styles&quot;:&quot;background-color: rgba(242, 242, 242, 1);&quot;,&quot;type&quot;:&quot;solid&quot;,&quot;gradient&quot;:&quot;linear-gradient(135deg, #4527a4, #8344c5)&quot;,&quot;image&quot;:[],&quot;position&quot;:&quot;center center&quot;,&quot;attachment&quot;:&quot;initial&quot;,&quot;repeat&quot;:&quot;no-repeat&quot;,&quot;size&quot;:&quot;cover&quot;,&quot;overlayColor&quot;:&quot;#000000b3&quot;},&quot;contentPadding&quot;:{&quot;vertical&quot;:&quot;20px&quot;,&quot;horizontal&quot;:&quot;25px&quot;,&quot;side&quot;:2,&quot;top&quot;:&quot;0px&quot;,&quot;right&quot;:&quot;0px&quot;,&quot;bottom&quot;:&quot;0px&quot;,&quot;left&quot;:&quot;0px&quot;,&quot;styles&quot;:&quot;20px 25px&quot;},&quot;border&quot;:{&quot;radius&quot;:&quot;5px&quot;,&quot;width&quot;:&quot;0px&quot;,&quot;style&quot;:&quot;solid&quot;,&quot;color&quot;:&quot;#0000&quot;,&quot;side&quot;:&quot;all&quot;,&quot;styles&quot;:&quot;border-radius: 5px;&quot;},&quot;titleTypo&quot;:{&quot;fontFamily&quot;:&quot;Roboto&quot;,&quot;fontSize&quot;:25,&quot;googleFontLink&quot;:&quot;https:\\\/\\\/fonts.googleapis.com\\\/css2?family=Robotou0026display=swap&quot;,&quot;styles&quot;:&quot;font-family: &#039;Roboto&#039;, sans-serif; font-size: 25px; line-height: 135%;&quot;},&quot;titleMargin&quot;:{&quot;bottom&quot;:&quot;15px&quot;,&quot;side&quot;:4,&quot;vertical&quot;:&quot;0px&quot;,&quot;horizontal&quot;:&quot;0px&quot;,&quot;top&quot;:&quot;0px&quot;,&quot;right&quot;:&quot;0px&quot;,&quot;left&quot;:&quot;0px&quot;,&quot;styles&quot;:&quot;0px 0px 15px 0px&quot;},&quot;isMetaAuthor&quot;:false,&quot;isMetaCategory&quot;:false,&quot;metaCategoryIn&quot;:&quot;image&quot;,&quot;metaTypo&quot;:{&quot;fontSize&quot;:13,&quot;textTransform&quot;:&quot;uppercase&quot;,&quot;styles&quot;:&quot;font-size: 13px; text-transform: uppercase; line-height: 135%;&quot;,&quot;googleFontLink&quot;:&quot;https:\\\/\\\/fonts.googleapis.com\\\/css2?family=Open+Sansu0026display=swap&quot;},&quot;metaLinkColor&quot;:&quot;rgba(42, 42, 42, 1)&quot;,&quot;metaColorsOnImage&quot;:{&quot;color&quot;:&quot;#fff&quot;,&quot;bg&quot;:&quot;#4527a4&quot;,&quot;bgType&quot;:&quot;solid&quot;,&quot;gradient&quot;:&quot;linear-gradient(135deg, #4527a4, #8344c5)&quot;,&quot;styles&quot;:&quot;color: #fff; background: #4527a4;&quot;},&quot;metaMargin&quot;:{&quot;bottom&quot;:&quot;15px&quot;,&quot;side&quot;:4,&quot;vertical&quot;:&quot;0px&quot;,&quot;horizontal&quot;:&quot;0px&quot;,&quot;top&quot;:&quot;0px&quot;,&quot;right&quot;:&quot;0px&quot;,&quot;left&quot;:&quot;0px&quot;,&quot;styles&quot;:&quot;0px 0px 15px 0px&quot;},&quot;excerptLength&quot;:20,&quot;excerptAlign&quot;:&quot;left&quot;,&quot;excerptTypo&quot;:{&quot;fontSize&quot;:15,&quot;styles&quot;:&quot;font-size: 15px; line-height: 135%;&quot;,&quot;googleFontLink&quot;:&quot;https:\\\/\\\/fonts.googleapis.com\\\/css2?family=Open+Sansu0026display=swap&quot;},&quot;excerptColor&quot;:&quot;rgba(51, 51, 51, 1)&quot;,&quot;excerptMargin&quot;:{&quot;bottom&quot;:&quot;23px&quot;,&quot;side&quot;:4,&quot;vertical&quot;:&quot;0px&quot;,&quot;horizontal&quot;:&quot;0px&quot;,&quot;top&quot;:&quot;0px&quot;,&quot;right&quot;:&quot;0px&quot;,&quot;left&quot;:&quot;0px&quot;,&quot;styles&quot;:&quot;0px 0px 23px 0px&quot;},&quot;readMoreLabel&quot;:&quot;Preberi ve\\u010d&quot;,&quot;readMoreAlign&quot;:&quot;center&quot;,&quot;readMoreTypo&quot;:{&quot;fontSize&quot;:14,&quot;textTransform&quot;:&quot;uppercase&quot;,&quot;fontWeight&quot;:600,&quot;styles&quot;:&quot;font-weight: 600; font-size: 14px; text-transform: uppercase; line-height: 135%;&quot;,&quot;googleFontLink&quot;:&quot;https:\\\/\\\/fonts.googleapis.com\\\/css2?family=Open+Sansu0026display=swap&quot;},&quot;readMoreColors&quot;:{&quot;color&quot;:&quot;#fff&quot;,&quot;bg&quot;:&quot;rgba(244, 160, 26, 1)&quot;,&quot;bgType&quot;:&quot;solid&quot;,&quot;gradient&quot;:&quot;linear-gradient(135deg, #4527a4, #8344c5)&quot;,&quot;styles&quot;:&quot;color: #fff; background: rgba(244, 160, 26, 1);&quot;},&quot;readMoreHovColors&quot;:{&quot;color&quot;:&quot;#fff&quot;,&quot;bg&quot;:&quot;rgba(51, 51, 51, 1)&quot;,&quot;bgType&quot;:&quot;solid&quot;,&quot;gradient&quot;:&quot;linear-gradient(135deg, #4527a4, #8344c5)&quot;,&quot;styles&quot;:&quot;color: #fff; background: rgba(51, 51, 51, 1);&quot;},&quot;readMorePadding&quot;:{&quot;vertical&quot;:&quot;15px&quot;,&quot;horizontal&quot;:&quot;33px&quot;,&quot;side&quot;:2,&quot;top&quot;:&quot;0px&quot;,&quot;right&quot;:&quot;0px&quot;,&quot;bottom&quot;:&quot;0px&quot;,&quot;left&quot;:&quot;0px&quot;,&quot;styles&quot;:&quot;15px 33px&quot;},&quot;readMoreBorder&quot;:{&quot;radius&quot;:&quot;3px&quot;,&quot;width&quot;:&quot;0px&quot;,&quot;style&quot;:&quot;solid&quot;,&quot;color&quot;:&quot;#0000&quot;,&quot;side&quot;:&quot;all&quot;,&quot;styles&quot;:&quot;border-radius: 3px;&quot;},&quot;align&quot;:&quot;wide&quot;,&quot;isPremium&quot;:true,&quot;layout&quot;:&quot;grid&quot;,&quot;subLayout&quot;:&quot;default&quot;,&quot;columns&quot;:{&quot;desktop&quot;:3,&quot;tablet&quot;:2,&quot;mobile&quot;:1},&quot;isContentEqualHight&quot;:true,&quot;sliderHeight&quot;:&quot;350px&quot;,&quot;content&quot;:{&quot;height&quot;:&quot;auto&quot;},&quot;postType&quot;:&quot;post&quot;,&quot;selectedTaxonomies&quot;:[],&quot;selectedTags&quot;:[],&quot;isPostsPerPageAll&quot;:false,&quot;postsOrderBy&quot;:&quot;date&quot;,&quot;postsOrder&quot;:&quot;desc&quot;,&quot;postsOffset&quot;:0,&quot;isPagination&quot;:false,&quot;paginationCurrentPage&quot;:1,&quot;paginationPrevLabel&quot;:&quot;Prev&quot;,&quot;paginationNextLabel&quot;:&quot;Next&quot;,&quot;paginationColors&quot;:{&quot;color&quot;:&quot;#fff&quot;,&quot;bg&quot;:&quot;#4527a4&quot;},&quot;paginationHovColors&quot;:{&quot;color&quot;:&quot;#fff&quot;,&quot;bg&quot;:&quot;#8344c5&quot;},&quot;paginationPadding&quot;:{&quot;vertical&quot;:&quot;8px&quot;,&quot;horizontal&quot;:&quot;15px&quot;},&quot;paginationSpacing&quot;:&quot;15px&quot;,&quot;contentAlign&quot;:&quot;left&quot;,&quot;sliderIsLoop&quot;:true,&quot;sliderIsTouchMove&quot;:false,&quot;sliderIsAutoplay&quot;:true,&quot;sliderAutoplayOptions&quot;:{&quot;delay&quot;:1.5},&quot;sliderSpeed&quot;:1.5,&quot;sliderEffect&quot;:&quot;slide&quot;,&quot;sliderIsPage&quot;:true,&quot;sliderIsPageClickable&quot;:true,&quot;sliderIsPageDynamic&quot;:true,&quot;sliderPageColor&quot;:&quot;#4527a4&quot;,&quot;sliderPageWidth&quot;:&quot;15px&quot;,&quot;sliderPageHeight&quot;:&quot;15px&quot;,&quot;sliderPageBorder&quot;:{&quot;radius&quot;:&quot;50%&quot;},&quot;sliderIsPrevNext&quot;:true,&quot;sliderPrevNextColor&quot;:&quot;#4527a4&quot;,&quot;tickerDirection&quot;:&quot;up&quot;,&quot;tickerSpeed&quot;:&quot;slow&quot;,&quot;tickerInterval&quot;:2000,&quot;tickerHeight&quot;:&quot;0px&quot;,&quot;tickerVisible&quot;:3,&quot;tickerIsMousePause&quot;:true,&quot;isFImg&quot;:true,&quot;fImgSize&quot;:&quot;full&quot;,&quot;fImgFitting&quot;:&quot;cover&quot;,&quot;isFImgLink&quot;:false,&quot;isTitle&quot;:true,&quot;isTitleLink&quot;:true,&quot;titleColor&quot;:&quot;#4527a4&quot;,&quot;isMeta&quot;:true,&quot;isMetaAuthorLink&quot;:true,&quot;metaAuthorIcon&quot;:&quot;&quot;,&quot;isMetaDate&quot;:true,&quot;metaDateFormat&quot;:&quot;M j, Y&quot;,&quot;metaDateIcon&quot;:&quot;&quot;,&quot;metaCategoryIcon&quot;:&quot;&quot;,&quot;isMetaReadTime&quot;:false,&quot;metaReadTimeIcon&quot;:&quot;&quot;,&quot;isMetaReadTimeSec&quot;:false,&quot;metaReadTimeLabel&quot;:&quot;Min read&quot;,&quot;isMetaComment&quot;:false,&quot;metaCommentIcon&quot;:&quot;&quot;,&quot;metaTextColor&quot;:&quot;#333&quot;,&quot;metaIconColor&quot;:&quot;#4527a4&quot;,&quot;isExcerpt&quot;:true,&quot;isExcerptFromContent&quot;:false,&quot;isEllipsisOnExcerpt&quot;:false,&quot;isReadMore&quot;:true,&quot;readMorePosition&quot;:&quot;auto&quot;,&quot;isLinkNewTab&quot;:false}'\r\n\t\t\tdata-extra='{&quot;totalPosts&quot;:9}'\r\n\t\t>\r\n\t\t\t<style>\r\n\t\t\t\t@import url( https:\/\/fonts.googleapis.com\/css2?family=Roboto&amp;display=swap );#apbAdvancedPosts-17028fd5-d .apbPost .apbTitle, #apbAdvancedPosts-17028fd5-d .apbPost .apbTitle a{ font-family: 'Roboto', sans-serif;font-weight: 400;font-size: 25px;font-style: normal;text-transform: none;text-decoration: auto;line-height: 135%;letter-spacing: 0px; } @media (max-width: 768px) { #apbAdvancedPosts-17028fd5-d .apbPost .apbTitle, #apbAdvancedPosts-17028fd5-d .apbPost .apbTitle a{ font-size: 25px; } } @media (max-width: 576px) { #apbAdvancedPosts-17028fd5-d .apbPost .apbTitle, #apbAdvancedPosts-17028fd5-d .apbPost .apbTitle a{ font-size: 25px; } }#apbAdvancedPosts-17028fd5-d .apbPost .apbMeta, #apbAdvancedPosts-17028fd5-d .apbPost .apbMeta *, #apbAdvancedPosts-17028fd5-d .apbPost .apbThumbCats{ font-weight: 400;font-size: 13px;font-style: normal;text-transform: uppercase;text-decoration: auto;line-height: 135%;letter-spacing: 0px; } @media (max-width: 768px) { #apbAdvancedPosts-17028fd5-d .apbPost .apbMeta, #apbAdvancedPosts-17028fd5-d .apbPost .apbMeta *, #apbAdvancedPosts-17028fd5-d .apbPost .apbThumbCats{ font-size: 13px; } } @media (max-width: 576px) { #apbAdvancedPosts-17028fd5-d .apbPost .apbMeta, #apbAdvancedPosts-17028fd5-d .apbPost .apbMeta *, #apbAdvancedPosts-17028fd5-d .apbPost .apbThumbCats{ font-size: 13px; } }#apbAdvancedPosts-17028fd5-d .apbPost .apbExcerpt{ font-weight: 400;font-size: 15px;font-style: normal;text-transform: none;text-decoration: auto;line-height: 135%;letter-spacing: 0px; } @media (max-width: 768px) { #apbAdvancedPosts-17028fd5-d .apbPost .apbExcerpt{ font-size: 15px; } } @media (max-width: 576px) { #apbAdvancedPosts-17028fd5-d .apbPost .apbExcerpt{ font-size: 15px; } }#apbAdvancedPosts-17028fd5-d .apbPost .apbReadMore a{ font-weight: 600;font-size: 14px;font-style: normal;text-transform: uppercase;text-decoration: auto;line-height: 135%;letter-spacing: 0px; } @media (max-width: 768px) { #apbAdvancedPosts-17028fd5-d .apbPost .apbReadMore a{ font-size: 14px; } } @media (max-width: 576px) { #apbAdvancedPosts-17028fd5-d .apbPost .apbReadMore a{ font-size: 14px; } }#apbAdvancedPosts-17028fd5-d .apbPagination .apbPagePrev, #apbAdvancedPosts-17028fd5-d .apbPagination .apbPageNumber, #apbAdvancedPosts-17028fd5-d .apbPagination .apbPageNext {  font-size: 15px;color: #fff;background: #4527a4; padding: 8px 15px; margin: 0 calc( 15px \/ 2 ); }#apbAdvancedPosts-17028fd5-d .apbPagination .apbPagePrev:hover, #apbAdvancedPosts-17028fd5-d .apbPagination .apbPageNumber:hover, #apbAdvancedPosts-17028fd5-d .apbPagination .apbPageNext:hover, #apbAdvancedPosts-17028fd5-d .apbPagination .apbActivePage { color: #fff;background: #8344c5; }#apbAdvancedPosts-17028fd5-d .apbPost {  margin-bottom: 0px;border-radius: 5px; }#apbAdvancedPosts-17028fd5-d .apbDefault, #apbAdvancedPosts-17028fd5-d .apbSideImage {  text-align: left;background: rgba(242, 242, 242, 1); }#apbAdvancedPosts-17028fd5-d .apbPost .apbText {  padding: 20px 25px; }#apbAdvancedPosts-17028fd5-d .apbOverlay .apbText { background: rgba(242, 242, 242, 1); align-items: flex-start; }#apbAdvancedPosts-17028fd5-d .apbPost .apbTitle, #apbAdvancedPosts-17028fd5-d .apbPost .apbTitle a {  text-align: left; color: #4527a4; }#apbAdvancedPosts-17028fd5-d .apbPost .apbTitle {  margin: 0px 0px 15px 0px; }#apbAdvancedPosts-17028fd5-d .apbPost .apbMeta {  justify-content: flex-start; color: #333; margin: 0px 0px 15px 0px; }#apbAdvancedPosts-17028fd5-d .apbPost .apbMeta a {  color: rgba(42, 42, 42, 1); }#apbAdvancedPosts-17028fd5-d .apbPost .apbMeta .dashicons {  color: #4527a4; }#apbAdvancedPosts-17028fd5-d .apbPost .apbThumb img, #apbAdvancedPosts-17028fd5-d .apbPost.apbOverlay img {  object-fit: cover; }#apbAdvancedPosts-17028fd5-d .apbPost .apbThumbCats a { color: #fff;background: #4527a4; }#apbAdvancedPosts-17028fd5-d .apbPost .apbExcerpt {  text-align: left; color: rgba(51, 51, 51, 1); margin: 0px 0px 23px 0px; }#apbAdvancedPosts-17028fd5-d .apbPost .apbReadMore {  text-align: center; }#apbAdvancedPosts-17028fd5-d .apbPost .apbReadMore a { color: #fff;background: rgba(244, 160, 26, 1); padding: 15px 33px;border-radius: 3px; }#apbAdvancedPosts-17028fd5-d .apbPost .apbReadMore a:hover { color: #fff;background: rgba(51, 51, 51, 1); }#apbAdvancedPosts-17028fd5-d .apbGridPosts, #apbAdvancedPosts-17028fd5-d .apbGrid1Posts {  grid-gap: 53px 23px; align-items: initial; }#apbAdvancedPosts-17028fd5-d .apbMasonryPosts {  gap: 23px; }#apbAdvancedPosts-17028fd5-d .apbSliderPosts, #apbAdvancedPosts-17028fd5-d .apbSliderPosts .swiper-slide {  min-height: 350px; }#apbAdvancedPosts-17028fd5-d .apbSliderPosts .swiper-pagination .swiper-pagination-bullet {  background: #4527a4; width: 15px; height: 15px;border-radius: 50%; }#apbAdvancedPosts-17028fd5-d .apbSliderPosts .swiper-button-prev, #apbAdvancedPosts-17028fd5-d .apbSliderPosts .swiper-button-next {  color: #4527a4; }@media (max-width: 576px) {#apbAdvancedPosts-17028fd5-d .apbPagination .apbPagePrev, #apbAdvancedPosts-17028fd5-d .apbPagination .apbPageNumber, #apbAdvancedPosts-17028fd5-d .apbPagination .apbPageNext {  font-size: 12px; padding: calc( 8px \/ 2 ) calc( 15px \/ 2 ); margin: 0 calc( 15px \/ 4 ); }}\t\t\t<\/style>\r\n\r\n\t\t\t<div class='apbPostsMainPH'>\r\n\t\t\t\t\t\t\t\t<div class='apbGridPosts columns-3 columns-tablet-2 columns-mobile-1'>\r\n\t\t\t\t\t\t\t<article class='apbPost apbPost-5364 autoContentHeight hasThumbnail apbDefault'>\r\n\t\t\t\t\t\t<figure class='apbThumb'>\r\n\t\t\t\t<img src='https:\/\/smartgifty.com\/wp-content\/uploads\/2025\/06\/1748344827323.jpeg' alt='Z Centar' \/>\r\n\t\t\t\t\t\t\t<\/figure>\r\n\t\t\r\n\t\t\t<div class='apbText'>\r\n\t\t\t\t\t\t\t<h3 class='apbTitle'>\r\n\t\t\t\t<a href='https:\/\/smartgifty.com\/sl\/z-centar\/' target='_self' rel='noreferrer' aria-label='Z Centar'>Z Centar<\/a>\t\t\t<\/h3>\r\n\t\t\t\t\t\t<div class='apbMeta'>\r\n\t\t\t\t<span><span class='dashicon dashicons dashicons-calendar'><\/span> <span>Jul 8, 2025<\/span><\/span>\t\t\t<\/div>\r\n\t\t\t\t\t\t<div class='apbExcerpt apbInnerContent'>\r\n\t\t\t\t\nZ Centar, ena najbolj \u017eivahnih nakupovalnih destinacij v Zagrebu, se je pridru\u017eil mre\u017ei SmartGifty z uvedbo lastnega&nbsp;sistema darilnih kartic, podprtih\r\n\t\t\t\t<p class='read-more'>\r\n\t\t\t\t\t<a href='https:\/\/smartgifty.com\/sl\/z-centar\/' aria-label='Read More'>Read More &raquo;<\/a>\r\n\t\t\t\t<\/p>\r\n\t\t\t<\/div>\r\n\t\t\t\t\t\t<div class='apbReadMore auto'>\r\n\t\t\t\t<a href='https:\/\/smartgifty.com\/sl\/z-centar\/' target='_self' rel='noreferrer' aria-label='Preberi ve\u010d'>Preberi ve\u010d<\/a>\t\t\t<\/div>\r\n\t\t\t\t\t\t<\/div>\r\n\t\t<\/article>\r\n\t\t\t\t<article class='apbPost apbPost-5107 autoContentHeight hasThumbnail apbDefault'>\r\n\t\t\t\t\t\t<figure class='apbThumb'>\r\n\t\t\t\t<img src='https:\/\/smartgifty.com\/wp-content\/uploads\/2025\/03\/SG_Linkedin_FB.png' alt='Sistem za upravljanje darilnih kartic' \/>\r\n\t\t\t\t\t\t\t<\/figure>\r\n\t\t\r\n\t\t\t<div class='apbText'>\r\n\t\t\t\t\t\t\t<h3 class='apbTitle'>\r\n\t\t\t\t<a href='https:\/\/smartgifty.com\/sl\/done4you\/' target='_self' rel='noreferrer' aria-label='DONE4YOU'>DONE4YOU<\/a>\t\t\t<\/h3>\r\n\t\t\t\t\t\t<div class='apbMeta'>\r\n\t\t\t\t<span><span class='dashicon dashicons dashicons-calendar'><\/span> <span>Apr 29, 2025<\/span><\/span>\t\t\t<\/div>\r\n\t\t\t\t\t\t<div class='apbExcerpt apbInnerContent'>\r\n\t\t\t\t\nIzziv\n\n\n\nDONE4YOU, inovativna pla\u010dilna platforma, ki ponuja pla\u010dilne terminale v Belgiji, Franciji in Luksemburgu, je iskala u\u010dinkovit na\u010din za integracijo darilnih\r\n\t\t\t\t<p class='read-more'>\r\n\t\t\t\t\t<a href='https:\/\/smartgifty.com\/sl\/done4you\/' aria-label='Read More'>Read More &raquo;<\/a>\r\n\t\t\t\t<\/p>\r\n\t\t\t<\/div>\r\n\t\t\t\t\t\t<div class='apbReadMore auto'>\r\n\t\t\t\t<a href='https:\/\/smartgifty.com\/sl\/done4you\/' target='_self' rel='noreferrer' aria-label='Preberi ve\u010d'>Preberi ve\u010d<\/a>\t\t\t<\/div>\r\n\t\t\t\t\t\t<\/div>\r\n\t\t<\/article>\r\n\t\t\t\t<article class='apbPost apbPost-5097 autoContentHeight hasThumbnail apbDefault'>\r\n\t\t\t\t\t\t<figure class='apbThumb'>\r\n\t\t\t\t<img src='https:\/\/smartgifty.com\/wp-content\/uploads\/2025\/04\/Untitled-design.png' alt='Sistem za upravljanje darilnih kartic' \/>\r\n\t\t\t\t\t\t\t<\/figure>\r\n\t\t\r\n\t\t\t<div class='apbText'>\r\n\t\t\t\t\t\t\t<h3 class='apbTitle'>\r\n\t\t\t\t<a href='https:\/\/smartgifty.com\/sl\/arena-centar\/' target='_self' rel='noreferrer' aria-label='Arena Centar'>Arena Centar<\/a>\t\t\t<\/h3>\r\n\t\t\t\t\t\t<div class='apbMeta'>\r\n\t\t\t\t<span><span class='dashicon dashicons dashicons-calendar'><\/span> <span>Apr 28, 2025<\/span><\/span>\t\t\t<\/div>\r\n\t\t\t\t\t\t<div class='apbExcerpt apbInnerContent'>\r\n\t\t\t\t\nGladek prehod na sodobno re\u0161itev za darilne kartice\n\n\n\nIzziv\n\n\n\nArena Centar Zagreb, eden najve\u010djih nakupovalnih centrov na Hrva\u0161kem, je uporabljal zastarel sistem\r\n\t\t\t\t<p class='read-more'>\r\n\t\t\t\t\t<a href='https:\/\/smartgifty.com\/sl\/arena-centar\/' aria-label='Read More'>Read More &raquo;<\/a>\r\n\t\t\t\t<\/p>\r\n\t\t\t<\/div>\r\n\t\t\t\t\t\t<div class='apbReadMore auto'>\r\n\t\t\t\t<a href='https:\/\/smartgifty.com\/sl\/arena-centar\/' target='_self' rel='noreferrer' aria-label='Preberi ve\u010d'>Preberi ve\u010d<\/a>\t\t\t<\/div>\r\n\t\t\t\t\t\t<\/div>\r\n\t\t<\/article>\r\n\t\t\t\t<article class='apbPost apbPost-5053 autoContentHeight hasThumbnail apbDefault'>\r\n\t\t\t\t\t\t<figure class='apbThumb'>\r\n\t\t\t\t<img src='https:\/\/smartgifty.com\/wp-content\/uploads\/2024\/01\/164.png' alt='Mass' \/>\r\n\t\t\t\t\t\t\t<\/figure>\r\n\t\t\r\n\t\t\t<div class='apbText'>\r\n\t\t\t\t\t\t\t<h3 class='apbTitle'>\r\n\t\t\t\t<a href='https:\/\/smartgifty.com\/sl\/mass-2\/' target='_self' rel='noreferrer' aria-label='MASS'>MASS<\/a>\t\t\t<\/h3>\r\n\t\t\t\t\t\t<div class='apbMeta'>\r\n\t\t\t\t<span><span class='dashicon dashicons dashicons-calendar'><\/span> <span>Mar 24, 2025<\/span><\/span>\t\t\t<\/div>\r\n\t\t\t\t\t\t<div class='apbExcerpt apbInnerContent'>\r\n\t\t\t\t\nPameten naro\u010dnik\n\n\n\nMass je trgovina z obutvijo, ki je v 30 letih zrasla v podjetje, ki \u0161teje preko 400 zaposlenih. Skupno\r\n\t\t\t\t<p class='read-more'>\r\n\t\t\t\t\t<a href='https:\/\/smartgifty.com\/sl\/mass-2\/' aria-label='Read More'>Read More &raquo;<\/a>\r\n\t\t\t\t<\/p>\r\n\t\t\t<\/div>\r\n\t\t\t\t\t\t<div class='apbReadMore auto'>\r\n\t\t\t\t<a href='https:\/\/smartgifty.com\/sl\/mass-2\/' target='_self' rel='noreferrer' aria-label='Preberi ve\u010d'>Preberi ve\u010d<\/a>\t\t\t<\/div>\r\n\t\t\t\t\t\t<\/div>\r\n\t\t<\/article>\r\n\t\t\t\t<article class='apbPost apbPost-5056 autoContentHeight hasThumbnail apbDefault'>\r\n\t\t\t\t\t\t<figure class='apbThumb'>\r\n\t\t\t\t<img src='https:\/\/smartgifty.com\/wp-content\/uploads\/2024\/01\/166.png' alt='Cubo golf' \/>\r\n\t\t\t\t\t\t\t<\/figure>\r\n\t\t\r\n\t\t\t<div class='apbText'>\r\n\t\t\t\t\t\t\t<h3 class='apbTitle'>\r\n\t\t\t\t<a href='https:\/\/smartgifty.com\/sl\/cubo\/' target='_self' rel='noreferrer' aria-label='CUBO'>CUBO<\/a>\t\t\t<\/h3>\r\n\t\t\t\t\t\t<div class='apbMeta'>\r\n\t\t\t\t<span><span class='dashicon dashicons dashicons-calendar'><\/span> <span>Mar 24, 2024<\/span><\/span>\t\t\t<\/div>\r\n\t\t\t\t\t\t<div class='apbExcerpt apbInnerContent'>\r\n\t\t\t\t\nPameten naro\u010dnik\n\n\n\nPresti\u017eno, sodobno golf igri\u0161\u010de v Sloveniji, ki gosti tako profesionalne kot amaterske igralce golfa, ki se \u017eelijo rekreirati v\r\n\t\t\t\t<p class='read-more'>\r\n\t\t\t\t\t<a href='https:\/\/smartgifty.com\/sl\/cubo\/' aria-label='Read More'>Read More &raquo;<\/a>\r\n\t\t\t\t<\/p>\r\n\t\t\t<\/div>\r\n\t\t\t\t\t\t<div class='apbReadMore auto'>\r\n\t\t\t\t<a href='https:\/\/smartgifty.com\/sl\/cubo\/' target='_self' rel='noreferrer' aria-label='Preberi ve\u010d'>Preberi ve\u010d<\/a>\t\t\t<\/div>\r\n\t\t\t\t\t\t<\/div>\r\n\t\t<\/article>\r\n\t\t\t\t<article class='apbPost apbPost-4411 autoContentHeight hasThumbnail apbDefault'>\r\n\t\t\t\t\t\t<figure class='apbThumb'>\r\n\t\t\t\t<img src='https:\/\/smartgifty.com\/wp-content\/uploads\/2024\/03\/Untitled-design-2.png' alt='City center One' \/>\r\n\t\t\t\t\t\t\t<\/figure>\r\n\t\t\r\n\t\t\t<div class='apbText'>\r\n\t\t\t\t\t\t\t<h3 class='apbTitle'>\r\n\t\t\t\t<a href='https:\/\/smartgifty.com\/sl\/cc-one\/' target='_self' rel='noreferrer' aria-label='CC Real'>CC Real<\/a>\t\t\t<\/h3>\r\n\t\t\t\t\t\t<div class='apbMeta'>\r\n\t\t\t\t<span><span class='dashicon dashicons dashicons-calendar'><\/span> <span>Mar 10, 2024<\/span><\/span>\t\t\t<\/div>\r\n\t\t\t\t\t\t<div class='apbExcerpt apbInnerContent'>\r\n\t\t\t\t\nKaj je CC Real?\n\n\n\nCC Real je eno izmed vodilnih podjetij v upravljanju nakupovalnih centrov v Evropi in \u0161ir\u0161e.\u00a0Upravlja s tremi\r\n\t\t\t\t<p class='read-more'>\r\n\t\t\t\t\t<a href='https:\/\/smartgifty.com\/sl\/cc-one\/' aria-label='Read More'>Read More &raquo;<\/a>\r\n\t\t\t\t<\/p>\r\n\t\t\t<\/div>\r\n\t\t\t\t\t\t<div class='apbReadMore auto'>\r\n\t\t\t\t<a href='https:\/\/smartgifty.com\/sl\/cc-one\/' target='_self' rel='noreferrer' aria-label='Preberi ve\u010d'>Preberi ve\u010d<\/a>\t\t\t<\/div>\r\n\t\t\t\t\t\t<\/div>\r\n\t\t<\/article>\r\n\t\t\t\t<article class='apbPost apbPost-3995 autoContentHeight hasThumbnail apbDefault'>\r\n\t\t\t\t\t\t<figure class='apbThumb'>\r\n\t\t\t\t<img src='https:\/\/smartgifty.com\/wp-content\/uploads\/2024\/01\/167.png' alt='BTC City' \/>\r\n\t\t\t\t\t\t\t<\/figure>\r\n\t\t\r\n\t\t\t<div class='apbText'>\r\n\t\t\t\t\t\t\t<h3 class='apbTitle'>\r\n\t\t\t\t<a href='https:\/\/smartgifty.com\/sl\/btc-city\/' target='_self' rel='noreferrer' aria-label='BTC City'>BTC City<\/a>\t\t\t<\/h3>\r\n\t\t\t\t\t\t<div class='apbMeta'>\r\n\t\t\t\t<span><span class='dashicon dashicons dashicons-calendar'><\/span> <span>Jan 18, 2024<\/span><\/span>\t\t\t<\/div>\r\n\t\t\t\t\t\t<div class='apbExcerpt apbInnerContent'>\r\n\t\t\t\t\nPameten naro\u010dnik\n\n\n\nBTC City ima bogato in dinami\u010dno zgodovino, ki se je za\u010dela leta 1954 in se je razvijala skozi ve\u010d\r\n\t\t\t\t<p class='read-more'>\r\n\t\t\t\t\t<a href='https:\/\/smartgifty.com\/sl\/btc-city\/' aria-label='Read More'>Read More &raquo;<\/a>\r\n\t\t\t\t<\/p>\r\n\t\t\t<\/div>\r\n\t\t\t\t\t\t<div class='apbReadMore auto'>\r\n\t\t\t\t<a href='https:\/\/smartgifty.com\/sl\/btc-city\/' target='_self' rel='noreferrer' aria-label='Preberi ve\u010d'>Preberi ve\u010d<\/a>\t\t\t<\/div>\r\n\t\t\t\t\t\t<\/div>\r\n\t\t<\/article>\r\n\t\t\t\t<article class='apbPost apbPost-3909 autoContentHeight hasThumbnail apbDefault'>\r\n\t\t\t\t\t\t<figure class='apbThumb'>\r\n\t\t\t\t<img src='https:\/\/smartgifty.com\/wp-content\/uploads\/2024\/01\/165.png' alt='Qlandia' \/>\r\n\t\t\t\t\t\t\t<\/figure>\r\n\t\t\r\n\t\t\t<div class='apbText'>\r\n\t\t\t\t\t\t\t<h3 class='apbTitle'>\r\n\t\t\t\t<a href='https:\/\/smartgifty.com\/sl\/qlandia\/' target='_self' rel='noreferrer' aria-label='Qlandia'>Qlandia<\/a>\t\t\t<\/h3>\r\n\t\t\t\t\t\t<div class='apbMeta'>\r\n\t\t\t\t<span><span class='dashicon dashicons dashicons-calendar'><\/span> <span>Jan 17, 2024<\/span><\/span>\t\t\t<\/div>\r\n\t\t\t\t\t\t<div class='apbExcerpt apbInnerContent'>\r\n\t\t\t\t\nPameten naro\u010dnik\n\n\n\nQlandia je nakupovalna veriga 7 nakupovalnih centrov po Sloveniji z dolgo zgodovino (prvi nakupovalni center je bil odprt leta\r\n\t\t\t\t<p class='read-more'>\r\n\t\t\t\t\t<a href='https:\/\/smartgifty.com\/sl\/qlandia\/' aria-label='Read More'>Read More &raquo;<\/a>\r\n\t\t\t\t<\/p>\r\n\t\t\t<\/div>\r\n\t\t\t\t\t\t<div class='apbReadMore auto'>\r\n\t\t\t\t<a href='https:\/\/smartgifty.com\/sl\/qlandia\/' target='_self' rel='noreferrer' aria-label='Preberi ve\u010d'>Preberi ve\u010d<\/a>\t\t\t<\/div>\r\n\t\t\t\t\t\t<\/div>\r\n\t\t<\/article>\r\n\t\t\t\t<article class='apbPost apbPost-5055 autoContentHeight hasThumbnail apbDefault'>\r\n\t\t\t\t\t\t<figure class='apbThumb'>\r\n\t\t\t\t<img src='https:\/\/smartgifty.com\/wp-content\/uploads\/2024\/01\/163.png' alt='Supernova' \/>\r\n\t\t\t\t\t\t\t<\/figure>\r\n\t\t\r\n\t\t\t<div class='apbText'>\r\n\t\t\t\t\t\t\t<h3 class='apbTitle'>\r\n\t\t\t\t<a href='https:\/\/smartgifty.com\/sl\/supernova\/' target='_self' rel='noreferrer' aria-label='Supernova'>Supernova<\/a>\t\t\t<\/h3>\r\n\t\t\t\t\t\t<div class='apbMeta'>\r\n\t\t\t\t<span><span class='dashicon dashicons dashicons-calendar'><\/span> <span>Mar 24, 2023<\/span><\/span>\t\t\t<\/div>\r\n\t\t\t\t\t\t<div class='apbExcerpt apbInnerContent'>\r\n\t\t\t\t\nPameten naro\u010dnik\n\n\n\nSupernova je v letih 2019\/2020 mo\u010dno pove\u010dala \u0161tevilo lokacij in je zdaj multi nacionalna nakupovalna veriga, prisotna v Avstriji,\r\n\t\t\t\t<p class='read-more'>\r\n\t\t\t\t\t<a href='https:\/\/smartgifty.com\/sl\/supernova\/' aria-label='Read More'>Read More &raquo;<\/a>\r\n\t\t\t\t<\/p>\r\n\t\t\t<\/div>\r\n\t\t\t\t\t\t<div class='apbReadMore auto'>\r\n\t\t\t\t<a href='https:\/\/smartgifty.com\/sl\/supernova\/' target='_self' rel='noreferrer' aria-label='Preberi ve\u010d'>Preberi ve\u010d<\/a>\t\t\t<\/div>\r\n\t\t\t\t\t\t<\/div>\r\n\t\t<\/article>\r\n\t\t\t\t\t\t<\/div>\r\n\t\t\t\t\t\t<\/div>\r\n\r\n\t\t\t<div class='apbPostsMain'><\/div>\r\n\t\t<\/div>\r\n\t\t","protected":false},"excerpt":{"rendered":"<p>\u0160tudije primerov<\/p>\n","protected":false},"author":3,"featured_media":0,"parent":0,"menu_order":0,"comment_status":"closed","ping_status":"closed","template":"page-privacy.php","meta":{"inline_featured_image":false,"footnotes":""},"class_list":["post-3907","page","type-page","status-publish","hentry"],"aioseo_notices":[],"_links":{"self":[{"href":"https:\/\/smartgifty.com\/sl\/wp-json\/wp\/v2\/pages\/3907\/"}],"collection":[{"href":"https:\/\/smartgifty.com\/sl\/wp-json\/wp\/v2\/pages\/"}],"about":[{"href":"https:\/\/smartgifty.com\/sl\/wp-json\/wp\/v2\/types\/page\/"}],"author":[{"embeddable":true,"href":"https:\/\/smartgifty.com\/sl\/wp-json\/wp\/v2\/users\/3\/"}],"replies":[{"embeddable":true,"href":"https:\/\/smartgifty.com\/sl\/wp-json\/wp\/v2\/comments\/?post=3907"}],"version-history":[{"count":4,"href":"https:\/\/smartgifty.com\/sl\/wp-json\/wp\/v2\/pages\/3907\/revisions\/"}],"predecessor-version":[{"id":4157,"href":"https:\/\/smartgifty.com\/sl\/wp-json\/wp\/v2\/pages\/3907\/revisions\/4157\/"}],"wp:attachment":[{"href":"https:\/\/smartgifty.com\/sl\/wp-json\/wp\/v2\/media\/?parent=3907"}],"curies":[{"name":"wp","href":"https:\/\/api.w.org\/{rel}","templated":true}]}}