{"id":5943,"date":"2026-01-30T08:12:16","date_gmt":"2026-01-30T07:12:16","guid":{"rendered":"https:\/\/smartgifty.com\/?page_id=5943"},"modified":"2026-02-25T11:19:38","modified_gmt":"2026-02-25T10:19:38","slug":"novicnik","status":"publish","type":"page","link":"https:\/\/smartgifty.com\/sl\/novicnik\/","title":{"rendered":"Novi\u010dnik"},"content":{"rendered":"\n<h1 class=\"wp-block-heading\">Na\u0161i novi\u010dniki<\/h1>\n\n\n\t\t<div\r\n\t\t\tclass='wp-block-ap-block-posts apbAdvancedPosts alignwide'\r\n\t\t\tid='apbAdvancedPosts-e00b6d86-f'\r\n\t\t\tdata-attributes='{&quot;cId&quot;:&quot;e00b6d86-f&quot;,&quot;columnGap&quot;:23,&quot;rowGap&quot;:53,&quot;selectedCategories&quot;:[93],&quot;isPostsPerPageAll&quot;:true,&quot;postsPerPage&quot;:-1,&quot;contentBG&quot;:{&quot;color&quot;:&quot;rgba(242, 242, 242, 1)&quot;,&quot;styles&quot;:&quot;background-color: rgba(242, 242, 242, 1);&quot;,&quot;type&quot;:&quot;solid&quot;,&quot;gradient&quot;:&quot;linear-gradient(135deg, #4527a4, #8344c5)&quot;,&quot;image&quot;:[],&quot;position&quot;:&quot;center center&quot;,&quot;attachment&quot;:&quot;initial&quot;,&quot;repeat&quot;:&quot;no-repeat&quot;,&quot;size&quot;:&quot;cover&quot;,&quot;overlayColor&quot;:&quot;#000000b3&quot;},&quot;contentPadding&quot;:{&quot;vertical&quot;:&quot;20px&quot;,&quot;horizontal&quot;:&quot;25px&quot;,&quot;side&quot;:2,&quot;top&quot;:&quot;0px&quot;,&quot;right&quot;:&quot;0px&quot;,&quot;bottom&quot;:&quot;0px&quot;,&quot;left&quot;:&quot;0px&quot;,&quot;styles&quot;:&quot;20px 25px&quot;},&quot;border&quot;:{&quot;radius&quot;:&quot;5px&quot;,&quot;width&quot;:&quot;0px&quot;,&quot;style&quot;:&quot;solid&quot;,&quot;color&quot;:&quot;#0000&quot;,&quot;side&quot;:&quot;all&quot;,&quot;styles&quot;:&quot;border-radius: 5px;&quot;},&quot;titleTypo&quot;:{&quot;fontFamily&quot;:&quot;Roboto&quot;,&quot;fontSize&quot;:25,&quot;googleFontLink&quot;:&quot;https:\\\/\\\/fonts.googleapis.com\\\/css2?family=Robotou0026display=swap&quot;,&quot;styles&quot;:&quot;font-family: &#039;Roboto&#039;, sans-serif; font-size: 25px; line-height: 135%;&quot;},&quot;titleMargin&quot;:{&quot;bottom&quot;:&quot;15px&quot;,&quot;side&quot;:4,&quot;vertical&quot;:&quot;0px&quot;,&quot;horizontal&quot;:&quot;0px&quot;,&quot;top&quot;:&quot;0px&quot;,&quot;right&quot;:&quot;0px&quot;,&quot;left&quot;:&quot;0px&quot;,&quot;styles&quot;:&quot;0px 0px 15px 0px&quot;},&quot;isMetaAuthor&quot;:false,&quot;isMetaCategory&quot;:false,&quot;metaCategoryIn&quot;:&quot;image&quot;,&quot;metaTypo&quot;:{&quot;fontSize&quot;:13,&quot;textTransform&quot;:&quot;uppercase&quot;,&quot;styles&quot;:&quot;font-size: 13px; text-transform: uppercase; line-height: 135%;&quot;,&quot;googleFontLink&quot;:&quot;https:\\\/\\\/fonts.googleapis.com\\\/css2?family=Open+Sansu0026display=swap&quot;},&quot;metaLinkColor&quot;:&quot;rgba(42, 42, 42, 1)&quot;,&quot;metaColorsOnImage&quot;:{&quot;color&quot;:&quot;#fff&quot;,&quot;bg&quot;:&quot;#4527a4&quot;,&quot;bgType&quot;:&quot;solid&quot;,&quot;gradient&quot;:&quot;linear-gradient(135deg, #4527a4, #8344c5)&quot;,&quot;styles&quot;:&quot;color: #fff; background: #4527a4;&quot;},&quot;metaMargin&quot;:{&quot;bottom&quot;:&quot;15px&quot;,&quot;side&quot;:4,&quot;vertical&quot;:&quot;0px&quot;,&quot;horizontal&quot;:&quot;0px&quot;,&quot;top&quot;:&quot;0px&quot;,&quot;right&quot;:&quot;0px&quot;,&quot;left&quot;:&quot;0px&quot;,&quot;styles&quot;:&quot;0px 0px 15px 0px&quot;},&quot;excerptLength&quot;:20,&quot;excerptAlign&quot;:&quot;left&quot;,&quot;excerptTypo&quot;:{&quot;fontSize&quot;:15,&quot;styles&quot;:&quot;font-size: 15px; line-height: 135%;&quot;,&quot;googleFontLink&quot;:&quot;https:\\\/\\\/fonts.googleapis.com\\\/css2?family=Open+Sansu0026display=swap&quot;},&quot;excerptColor&quot;:&quot;rgba(51, 51, 51, 1)&quot;,&quot;excerptMargin&quot;:{&quot;bottom&quot;:&quot;23px&quot;,&quot;side&quot;:4,&quot;vertical&quot;:&quot;0px&quot;,&quot;horizontal&quot;:&quot;0px&quot;,&quot;top&quot;:&quot;0px&quot;,&quot;right&quot;:&quot;0px&quot;,&quot;left&quot;:&quot;0px&quot;,&quot;styles&quot;:&quot;0px 0px 23px 0px&quot;},&quot;readMoreAlign&quot;:&quot;center&quot;,&quot;readMoreTypo&quot;:{&quot;fontSize&quot;:14,&quot;textTransform&quot;:&quot;uppercase&quot;,&quot;fontWeight&quot;:600,&quot;styles&quot;:&quot;font-weight: 600; font-size: 14px; text-transform: uppercase; line-height: 135%;&quot;,&quot;googleFontLink&quot;:&quot;https:\\\/\\\/fonts.googleapis.com\\\/css2?family=Open+Sansu0026display=swap&quot;},&quot;readMoreColors&quot;:{&quot;color&quot;:&quot;#fff&quot;,&quot;bg&quot;:&quot;rgba(244, 160, 26, 1)&quot;,&quot;bgType&quot;:&quot;solid&quot;,&quot;gradient&quot;:&quot;linear-gradient(135deg, #4527a4, #8344c5)&quot;,&quot;styles&quot;:&quot;color: #fff; background: rgba(244, 160, 26, 1);&quot;},&quot;readMoreHovColors&quot;:{&quot;color&quot;:&quot;#fff&quot;,&quot;bg&quot;:&quot;rgba(51, 51, 51, 1)&quot;,&quot;bgType&quot;:&quot;solid&quot;,&quot;gradient&quot;:&quot;linear-gradient(135deg, #4527a4, #8344c5)&quot;,&quot;styles&quot;:&quot;color: #fff; background: rgba(51, 51, 51, 1);&quot;},&quot;readMorePadding&quot;:{&quot;vertical&quot;:&quot;15px&quot;,&quot;horizontal&quot;:&quot;33px&quot;,&quot;side&quot;:2,&quot;top&quot;:&quot;0px&quot;,&quot;right&quot;:&quot;0px&quot;,&quot;bottom&quot;:&quot;0px&quot;,&quot;left&quot;:&quot;0px&quot;,&quot;styles&quot;:&quot;15px 33px&quot;},&quot;readMoreBorder&quot;:{&quot;radius&quot;:&quot;3px&quot;,&quot;width&quot;:&quot;0px&quot;,&quot;style&quot;:&quot;solid&quot;,&quot;color&quot;:&quot;#0000&quot;,&quot;side&quot;:&quot;all&quot;,&quot;styles&quot;:&quot;border-radius: 3px;&quot;},&quot;align&quot;:&quot;wide&quot;,&quot;isPremium&quot;:true,&quot;layout&quot;:&quot;grid&quot;,&quot;subLayout&quot;:&quot;default&quot;,&quot;columns&quot;:{&quot;desktop&quot;:3,&quot;tablet&quot;:2,&quot;mobile&quot;:1},&quot;isContentEqualHight&quot;:true,&quot;sliderHeight&quot;:&quot;350px&quot;,&quot;content&quot;:{&quot;height&quot;:&quot;auto&quot;},&quot;postType&quot;:&quot;post&quot;,&quot;selectedTaxonomies&quot;:[],&quot;selectedTags&quot;:[],&quot;postsOrderBy&quot;:&quot;date&quot;,&quot;postsOrder&quot;:&quot;desc&quot;,&quot;postsOffset&quot;:0,&quot;isPagination&quot;:false,&quot;paginationCurrentPage&quot;:1,&quot;paginationPrevLabel&quot;:&quot;Prev&quot;,&quot;paginationNextLabel&quot;:&quot;Next&quot;,&quot;paginationColors&quot;:{&quot;color&quot;:&quot;#fff&quot;,&quot;bg&quot;:&quot;#4527a4&quot;},&quot;paginationHovColors&quot;:{&quot;color&quot;:&quot;#fff&quot;,&quot;bg&quot;:&quot;#8344c5&quot;},&quot;paginationPadding&quot;:{&quot;vertical&quot;:&quot;8px&quot;,&quot;horizontal&quot;:&quot;15px&quot;},&quot;paginationSpacing&quot;:&quot;15px&quot;,&quot;contentAlign&quot;:&quot;left&quot;,&quot;sliderIsLoop&quot;:true,&quot;sliderIsTouchMove&quot;:false,&quot;sliderIsAutoplay&quot;:true,&quot;sliderAutoplayOptions&quot;:{&quot;delay&quot;:1.5},&quot;sliderSpeed&quot;:1.5,&quot;sliderEffect&quot;:&quot;slide&quot;,&quot;sliderIsPage&quot;:true,&quot;sliderIsPageClickable&quot;:true,&quot;sliderIsPageDynamic&quot;:true,&quot;sliderPageColor&quot;:&quot;#4527a4&quot;,&quot;sliderPageWidth&quot;:&quot;15px&quot;,&quot;sliderPageHeight&quot;:&quot;15px&quot;,&quot;sliderPageBorder&quot;:{&quot;radius&quot;:&quot;50%&quot;},&quot;sliderIsPrevNext&quot;:true,&quot;sliderPrevNextColor&quot;:&quot;#4527a4&quot;,&quot;tickerDirection&quot;:&quot;up&quot;,&quot;tickerSpeed&quot;:&quot;slow&quot;,&quot;tickerInterval&quot;:2000,&quot;tickerHeight&quot;:&quot;0px&quot;,&quot;tickerVisible&quot;:3,&quot;tickerIsMousePause&quot;:true,&quot;isFImg&quot;:true,&quot;fImgSize&quot;:&quot;full&quot;,&quot;fImgFitting&quot;:&quot;cover&quot;,&quot;isFImgLink&quot;:false,&quot;isTitle&quot;:true,&quot;isTitleLink&quot;:true,&quot;titleColor&quot;:&quot;#4527a4&quot;,&quot;isMeta&quot;:true,&quot;isMetaAuthorLink&quot;:true,&quot;metaAuthorIcon&quot;:&quot;&quot;,&quot;isMetaDate&quot;:true,&quot;metaDateFormat&quot;:&quot;M j, Y&quot;,&quot;metaDateIcon&quot;:&quot;&quot;,&quot;metaCategoryIcon&quot;:&quot;&quot;,&quot;isMetaReadTime&quot;:false,&quot;metaReadTimeIcon&quot;:&quot;&quot;,&quot;isMetaReadTimeSec&quot;:false,&quot;metaReadTimeLabel&quot;:&quot;Min read&quot;,&quot;isMetaComment&quot;:false,&quot;metaCommentIcon&quot;:&quot;&quot;,&quot;metaTextColor&quot;:&quot;#333&quot;,&quot;metaIconColor&quot;:&quot;#4527a4&quot;,&quot;isExcerpt&quot;:true,&quot;isExcerptFromContent&quot;:false,&quot;isEllipsisOnExcerpt&quot;:false,&quot;isReadMore&quot;:true,&quot;readMorePosition&quot;:&quot;auto&quot;,&quot;readMoreLabel&quot;:&quot;Read More&quot;,&quot;isLinkNewTab&quot;:false}'\r\n\t\t\tdata-extra='{&quot;totalPosts&quot;:4}'\r\n\t\t>\r\n\t\t\t<style>\r\n\t\t\t\t@import url( https:\/\/fonts.googleapis.com\/css2?family=Roboto&amp;display=swap );#apbAdvancedPosts-e00b6d86-f .apbPost .apbTitle, #apbAdvancedPosts-e00b6d86-f .apbPost .apbTitle a{ font-family: 'Roboto', sans-serif;font-weight: 400;font-size: 25px;font-style: normal;text-transform: none;text-decoration: auto;line-height: 135%;letter-spacing: 0px; } @media (max-width: 768px) { #apbAdvancedPosts-e00b6d86-f .apbPost .apbTitle, #apbAdvancedPosts-e00b6d86-f .apbPost .apbTitle a{ font-size: 25px; } } @media (max-width: 576px) { #apbAdvancedPosts-e00b6d86-f .apbPost .apbTitle, #apbAdvancedPosts-e00b6d86-f .apbPost .apbTitle a{ font-size: 25px; } }#apbAdvancedPosts-e00b6d86-f .apbPost .apbMeta, #apbAdvancedPosts-e00b6d86-f .apbPost .apbMeta *, #apbAdvancedPosts-e00b6d86-f .apbPost .apbThumbCats{ font-weight: 400;font-size: 13px;font-style: normal;text-transform: uppercase;text-decoration: auto;line-height: 135%;letter-spacing: 0px; } @media (max-width: 768px) { #apbAdvancedPosts-e00b6d86-f .apbPost .apbMeta, #apbAdvancedPosts-e00b6d86-f .apbPost .apbMeta *, #apbAdvancedPosts-e00b6d86-f .apbPost .apbThumbCats{ font-size: 13px; } } @media (max-width: 576px) { #apbAdvancedPosts-e00b6d86-f .apbPost .apbMeta, #apbAdvancedPosts-e00b6d86-f .apbPost .apbMeta *, #apbAdvancedPosts-e00b6d86-f .apbPost .apbThumbCats{ font-size: 13px; } }#apbAdvancedPosts-e00b6d86-f .apbPost .apbExcerpt{ font-weight: 400;font-size: 15px;font-style: normal;text-transform: none;text-decoration: auto;line-height: 135%;letter-spacing: 0px; } @media (max-width: 768px) { #apbAdvancedPosts-e00b6d86-f .apbPost .apbExcerpt{ font-size: 15px; } } @media (max-width: 576px) { #apbAdvancedPosts-e00b6d86-f .apbPost .apbExcerpt{ font-size: 15px; } }#apbAdvancedPosts-e00b6d86-f .apbPost .apbReadMore a{ font-weight: 600;font-size: 14px;font-style: normal;text-transform: uppercase;text-decoration: auto;line-height: 135%;letter-spacing: 0px; } @media (max-width: 768px) { #apbAdvancedPosts-e00b6d86-f .apbPost .apbReadMore a{ font-size: 14px; } } @media (max-width: 576px) { #apbAdvancedPosts-e00b6d86-f .apbPost .apbReadMore a{ font-size: 14px; } }#apbAdvancedPosts-e00b6d86-f .apbPagination .apbPagePrev, #apbAdvancedPosts-e00b6d86-f .apbPagination .apbPageNumber, #apbAdvancedPosts-e00b6d86-f .apbPagination .apbPageNext {  font-size: 15px;color: #fff;background: #4527a4; padding: 8px 15px; margin: 0 calc( 15px \/ 2 ); }#apbAdvancedPosts-e00b6d86-f .apbPagination .apbPagePrev:hover, #apbAdvancedPosts-e00b6d86-f .apbPagination .apbPageNumber:hover, #apbAdvancedPosts-e00b6d86-f .apbPagination .apbPageNext:hover, #apbAdvancedPosts-e00b6d86-f .apbPagination .apbActivePage { color: #fff;background: #8344c5; }#apbAdvancedPosts-e00b6d86-f .apbPost {  margin-bottom: 0px;border-radius: 5px; }#apbAdvancedPosts-e00b6d86-f .apbDefault, #apbAdvancedPosts-e00b6d86-f .apbSideImage {  text-align: left;background: rgba(242, 242, 242, 1); }#apbAdvancedPosts-e00b6d86-f .apbPost .apbText {  padding: 20px 25px; }#apbAdvancedPosts-e00b6d86-f .apbOverlay .apbText { background: rgba(242, 242, 242, 1); align-items: flex-start; }#apbAdvancedPosts-e00b6d86-f .apbPost .apbTitle, #apbAdvancedPosts-e00b6d86-f .apbPost .apbTitle a {  text-align: left; color: #4527a4; }#apbAdvancedPosts-e00b6d86-f .apbPost .apbTitle {  margin: 0px 0px 15px 0px; }#apbAdvancedPosts-e00b6d86-f .apbPost .apbMeta {  justify-content: flex-start; color: #333; margin: 0px 0px 15px 0px; }#apbAdvancedPosts-e00b6d86-f .apbPost .apbMeta a {  color: rgba(42, 42, 42, 1); }#apbAdvancedPosts-e00b6d86-f .apbPost .apbMeta .dashicons {  color: #4527a4; }#apbAdvancedPosts-e00b6d86-f .apbPost .apbThumb img, #apbAdvancedPosts-e00b6d86-f .apbPost.apbOverlay img {  object-fit: cover; }#apbAdvancedPosts-e00b6d86-f .apbPost .apbThumbCats a { color: #fff;background: #4527a4; }#apbAdvancedPosts-e00b6d86-f .apbPost .apbExcerpt {  text-align: left; color: rgba(51, 51, 51, 1); margin: 0px 0px 23px 0px; }#apbAdvancedPosts-e00b6d86-f .apbPost .apbReadMore {  text-align: center; }#apbAdvancedPosts-e00b6d86-f .apbPost .apbReadMore a { color: #fff;background: rgba(244, 160, 26, 1); padding: 15px 33px;border-radius: 3px; }#apbAdvancedPosts-e00b6d86-f .apbPost .apbReadMore a:hover { color: #fff;background: rgba(51, 51, 51, 1); }#apbAdvancedPosts-e00b6d86-f .apbGridPosts, #apbAdvancedPosts-e00b6d86-f .apbGrid1Posts {  grid-gap: 53px 23px; align-items: initial; }#apbAdvancedPosts-e00b6d86-f .apbMasonryPosts {  gap: 23px; }#apbAdvancedPosts-e00b6d86-f .apbSliderPosts, #apbAdvancedPosts-e00b6d86-f .apbSliderPosts .swiper-slide {  min-height: 350px; }#apbAdvancedPosts-e00b6d86-f .apbSliderPosts .swiper-pagination .swiper-pagination-bullet {  background: #4527a4; width: 15px; height: 15px;border-radius: 50%; }#apbAdvancedPosts-e00b6d86-f .apbSliderPosts .swiper-button-prev, #apbAdvancedPosts-e00b6d86-f .apbSliderPosts .swiper-button-next {  color: #4527a4; }@media (max-width: 576px) {#apbAdvancedPosts-e00b6d86-f .apbPagination .apbPagePrev, #apbAdvancedPosts-e00b6d86-f .apbPagination .apbPageNumber, #apbAdvancedPosts-e00b6d86-f .apbPagination .apbPageNext {  font-size: 12px; padding: calc( 8px \/ 2 ) calc( 15px \/ 2 ); margin: 0 calc( 15px \/ 4 ); }}\t\t\t<\/style>\r\n\r\n\t\t\t<div class='apbPostsMainPH'>\r\n\t\t\t\t\t\t\t\t<div class='apbGridPosts columns-3 columns-tablet-2 columns-mobile-1'>\r\n\t\t\t\t\t\t\t<article class='apbPost apbPost-6094 autoContentHeight hasThumbnail apbDefault'>\r\n\t\t\t\t\t\t<figure class='apbThumb'>\r\n\t\t\t\t<img src='https:\/\/smartgifty.com\/wp-content\/uploads\/2026\/03\/5-11.png' alt='' \/>\r\n\t\t\t\t\t\t\t<\/figure>\r\n\t\t\r\n\t\t\t<div class='apbText'>\r\n\t\t\t\t\t\t\t<h3 class='apbTitle'>\r\n\t\t\t\t<a href='https:\/\/smartgifty.com\/sl\/od-rdecih-nageljnov-do-opolnomocenja-evolucija-8-marca-2\/' target='_self' rel='noreferrer' aria-label='Od rde\u010dih nageljnov do opolnomo\u010denja: Evolucija 8. marca'>Od rde\u010dih nageljnov do opolnomo\u010denja: Evolucija 8. marca<\/a>\t\t\t<\/h3>\r\n\t\t\t\t\t\t<div class='apbMeta'>\r\n\t\t\t\t<span><span class='dashicon dashicons dashicons-calendar'><\/span> <span>Mar 9, 2026<\/span><\/span>\t\t\t<\/div>\r\n\t\t\t\t\t\t<div class='apbExcerpt apbInnerContent'>\r\n\t\t\t\t\nMislite, da je marec le mesec rde\u010dih nageljnov in predvidljivih gest? Pomislite \u0161e enkrat. Pri\u010da smo premiku v na\u010dinu obele\u017eevanja\r\n\t\t\t\t<p class='read-more'>\r\n\t\t\t\t\t<a href='https:\/\/smartgifty.com\/sl\/od-rdecih-nageljnov-do-opolnomocenja-evolucija-8-marca-2\/' aria-label='Read More'>Read More &raquo;<\/a>\r\n\t\t\t\t<\/p>\r\n\t\t\t<\/div>\r\n\t\t\t\t\t\t<div class='apbReadMore auto'>\r\n\t\t\t\t<a href='https:\/\/smartgifty.com\/sl\/od-rdecih-nageljnov-do-opolnomocenja-evolucija-8-marca-2\/' target='_self' rel='noreferrer' aria-label='Read More'>Read More<\/a>\t\t\t<\/div>\r\n\t\t\t\t\t\t<\/div>\r\n\t\t<\/article>\r\n\t\t\t\t<article class='apbPost apbPost-6096 autoContentHeight hasThumbnail apbDefault'>\r\n\t\t\t\t\t\t<figure class='apbThumb'>\r\n\t\t\t\t<img src='https:\/\/smartgifty.com\/wp-content\/uploads\/2026\/03\/5-11.png' alt='' \/>\r\n\t\t\t\t\t\t\t<\/figure>\r\n\t\t\r\n\t\t\t<div class='apbText'>\r\n\t\t\t\t\t\t\t<h3 class='apbTitle'>\r\n\t\t\t\t<a href='https:\/\/smartgifty.com\/from-red-carnations-to-empowerment-the-evolution-of-march-8th-2\/' target='_self' rel='noreferrer' aria-label='From Red Carnations to Empowerment: The Evolution of March 8th'>From Red Carnations to Empowerment: The Evolution of March 8th<\/a>\t\t\t<\/h3>\r\n\t\t\t\t\t\t<div class='apbMeta'>\r\n\t\t\t\t<span><span class='dashicon dashicons dashicons-calendar'><\/span> <span>Mar 9, 2026<\/span><\/span>\t\t\t<\/div>\r\n\t\t\t\t\t\t<div class='apbExcerpt apbInnerContent'>\r\n\t\t\t\t\nThink March is only about red carnations and predictable gestures? Think again. We\u2019re witnessing a shift in how we celebrate\r\n\t\t\t\t<p class='read-more'>\r\n\t\t\t\t\t<a href='https:\/\/smartgifty.com\/from-red-carnations-to-empowerment-the-evolution-of-march-8th-2\/' aria-label='Read More'>Read More &raquo;<\/a>\r\n\t\t\t\t<\/p>\r\n\t\t\t<\/div>\r\n\t\t\t\t\t\t<div class='apbReadMore auto'>\r\n\t\t\t\t<a href='https:\/\/smartgifty.com\/from-red-carnations-to-empowerment-the-evolution-of-march-8th-2\/' target='_self' rel='noreferrer' aria-label='Read More'>Read More<\/a>\t\t\t<\/div>\r\n\t\t\t\t\t\t<\/div>\r\n\t\t<\/article>\r\n\t\t\t\t<article class='apbPost apbPost-5975 autoContentHeight hasThumbnail apbDefault'>\r\n\t\t\t\t\t\t<figure class='apbThumb'>\r\n\t\t\t\t<img src='https:\/\/smartgifty.com\/wp-content\/uploads\/2026\/01\/SG_Linkedin_FB-2-2.png' alt='' \/>\r\n\t\t\t\t\t\t\t<\/figure>\r\n\t\t\r\n\t\t\t<div class='apbText'>\r\n\t\t\t\t\t\t\t<h3 class='apbTitle'>\r\n\t\t\t\t<a href='https:\/\/smartgifty.com\/sl\/zakaj-je-februar-novo-obzorje-za-zvestobo-strank\/' target='_self' rel='noreferrer' aria-label='Zakaj je februar novo obzorje za zvestobo strank'>Zakaj je februar novo obzorje za zvestobo strank<\/a>\t\t\t<\/h3>\r\n\t\t\t\t\t\t<div class='apbMeta'>\r\n\t\t\t\t<span><span class='dashicon dashicons dashicons-calendar'><\/span> <span>Feb 3, 2026<\/span><\/span>\t\t\t<\/div>\r\n\t\t\t\t\t\t<div class='apbExcerpt apbInnerContent'>\r\n\t\t\t\t\nMislite, da je februar le v znamenju valentinovega? Pomislite \u0161e enkrat. Smo pri\u010da velikemu premiku v vedenju potro\u0161nikov: vzponu &#8220;ekonomije\r\n\t\t\t\t<p class='read-more'>\r\n\t\t\t\t\t<a href='https:\/\/smartgifty.com\/sl\/zakaj-je-februar-novo-obzorje-za-zvestobo-strank\/' aria-label='Read More'>Read More &raquo;<\/a>\r\n\t\t\t\t<\/p>\r\n\t\t\t<\/div>\r\n\t\t\t\t\t\t<div class='apbReadMore auto'>\r\n\t\t\t\t<a href='https:\/\/smartgifty.com\/sl\/zakaj-je-februar-novo-obzorje-za-zvestobo-strank\/' target='_self' rel='noreferrer' aria-label='Read More'>Read More<\/a>\t\t\t<\/div>\r\n\t\t\t\t\t\t<\/div>\r\n\t\t<\/article>\r\n\t\t\t\t<article class='apbPost apbPost-5985 autoContentHeight hasThumbnail apbDefault'>\r\n\t\t\t\t\t\t<figure class='apbThumb'>\r\n\t\t\t\t<img src='https:\/\/smartgifty.com\/wp-content\/uploads\/2026\/01\/openart-image_29jzudnh_1768766908677_raw.jpg' alt='' \/>\r\n\t\t\t\t\t\t\t<\/figure>\r\n\t\t\r\n\t\t\t<div class='apbText'>\r\n\t\t\t\t\t\t\t<h3 class='apbTitle'>\r\n\t\t\t\t<a href='https:\/\/smartgifty.com\/sl\/2026-leto-ko-povprecje-ne-bo-vec-dovolj\/' target='_self' rel='noreferrer' aria-label='2026 \u2013 Leto, ko povpre\u010dje ne bo ve\u010d dovolj'>2026 \u2013 Leto, ko povpre\u010dje ne bo ve\u010d dovolj<\/a>\t\t\t<\/h3>\r\n\t\t\t\t\t\t<div class='apbMeta'>\r\n\t\t\t\t<span><span class='dashicon dashicons dashicons-calendar'><\/span> <span>Jan 30, 2026<\/span><\/span>\t\t\t<\/div>\r\n\t\t\t\t\t\t<div class='apbExcerpt apbInnerContent'>\r\n\t\t\t\t\nV letu 2026 prodaja in nakupovalne destinacije vstopajo v novo obdobje,&nbsp;ki ga zaznamuje jasen premik:&nbsp;od transakcij k izku\u0161njam ter od\r\n\t\t\t\t<p class='read-more'>\r\n\t\t\t\t\t<a href='https:\/\/smartgifty.com\/sl\/2026-leto-ko-povprecje-ne-bo-vec-dovolj\/' aria-label='Read More'>Read More &raquo;<\/a>\r\n\t\t\t\t<\/p>\r\n\t\t\t<\/div>\r\n\t\t\t\t\t\t<div class='apbReadMore auto'>\r\n\t\t\t\t<a href='https:\/\/smartgifty.com\/sl\/2026-leto-ko-povprecje-ne-bo-vec-dovolj\/' target='_self' rel='noreferrer' aria-label='Read More'>Read More<\/a>\t\t\t<\/div>\r\n\t\t\t\t\t\t<\/div>\r\n\t\t<\/article>\r\n\t\t\t\t\t\t<\/div>\r\n\t\t\t\t\t\t<\/div>\r\n\r\n\t\t\t<div class='apbPostsMain'><\/div>\r\n\t\t<\/div>\r\n\t\t\n\n\n<p><\/p>\n","protected":false},"excerpt":{"rendered":"<p>Na\u0161i novi\u010dniki<\/p>\n","protected":false},"author":3,"featured_media":0,"parent":0,"menu_order":0,"comment_status":"closed","ping_status":"closed","template":"page-privacy.php","meta":{"inline_featured_image":false,"footnotes":""},"class_list":["post-5943","page","type-page","status-publish","hentry"],"aioseo_notices":[],"_links":{"self":[{"href":"https:\/\/smartgifty.com\/sl\/wp-json\/wp\/v2\/pages\/5943\/"}],"collection":[{"href":"https:\/\/smartgifty.com\/sl\/wp-json\/wp\/v2\/pages\/"}],"about":[{"href":"https:\/\/smartgifty.com\/sl\/wp-json\/wp\/v2\/types\/page\/"}],"author":[{"embeddable":true,"href":"https:\/\/smartgifty.com\/sl\/wp-json\/wp\/v2\/users\/3\/"}],"replies":[{"embeddable":true,"href":"https:\/\/smartgifty.com\/sl\/wp-json\/wp\/v2\/comments\/?post=5943"}],"version-history":[{"count":2,"href":"https:\/\/smartgifty.com\/sl\/wp-json\/wp\/v2\/pages\/5943\/revisions\/"}],"predecessor-version":[{"id":6051,"href":"https:\/\/smartgifty.com\/sl\/wp-json\/wp\/v2\/pages\/5943\/revisions\/6051\/"}],"wp:attachment":[{"href":"https:\/\/smartgifty.com\/sl\/wp-json\/wp\/v2\/media\/?parent=5943"}],"curies":[{"name":"wp","href":"https:\/\/api.w.org\/{rel}","templated":true}]}}